{"id":77314,"date":"2021-02-21T19:51:27","date_gmt":"2021-02-21T19:51:27","guid":{"rendered":"https:\/\/www.autonvaraosahaku.fi\/?product=pierburg-7-21197-62-0-polttoaineen-paineensaadin"},"modified":"2021-02-21T19:51:28","modified_gmt":"2021-02-21T19:51:28","slug":"pierburg-7-21197-62-0-polttoaineen-paineensaadin","status":"publish","type":"product","link":"https:\/\/www.autonvaraosahaku.fi\/?product=pierburg-7-21197-62-0-polttoaineen-paineensaadin","title":{"rendered":"PIERBURG 7.21197.62.0 Polttoaineen paineens\u00e4\u00e4din"},"content":{"rendered":"<p>K\u00e4ytt\u00f6: Hydraulinen; Paine (bar): 2,5; Paine (psi): 36,26; Valmistusvuoteen: 08\/1985; BMW: 3 E30,6 E24,7 E23; 13531711540, 13531711542, 13531722039, 1711540, 1711542, 1722039<\/p>\n","protected":false},"excerpt":{"rendered":"<p>PIERBURG Polttoaineen Paineens\u00e4\u00e4t\u00e4j\u00e4 7.21197.62.0  BMW,3 E30,6 E24,7 E23<\/p>\n","protected":false},"featured_media":0,"template":"","meta":{"site-sidebar-layout":"default","site-content-layout":"default","ast-global-header-display":"","ast-main-header-display":"","ast-hfb-above-header-display":"","ast-hfb-below-header-display":"","ast-hfb-mobile-header-display":"","site-post-title":"","ast-breadcrumbs-content":"","ast-featured-img":"","footer-sml-layout":"","theme-transparent-header-meta":"","adv-header-id-meta":"","stick-header-meta":"","header-above-stick-meta":"","header-main-stick-meta":"","header-below-stick-meta":""},"pwb-brand":[380],"product_cat":[246],"product_tag":[],"class_list":{"0":"post-77314","1":"product","2":"type-product","3":"status-publish","5":"pwb-brand-pierburg","6":"product_cat-polttoaineen-paineensaadin","7":"desktop-align-left","8":"tablet-align-left","9":"mobile-align-left","11":"first","12":"instock","13":"product-type-external"},"brands":[{"id":380,"name":"PIERBURG","slug":"pierburg"}],"_links":{"self":[{"href":"https:\/\/www.autonvaraosahaku.fi\/index.php?rest_route=\/wp\/v2\/product\/77314","targetHints":{"allow":["GET"]}}],"collection":[{"href":"https:\/\/www.autonvaraosahaku.fi\/index.php?rest_route=\/wp\/v2\/product"}],"about":[{"href":"https:\/\/www.autonvaraosahaku.fi\/index.php?rest_route=\/wp\/v2\/types\/product"}],"wp:attachment":[{"href":"https:\/\/www.autonvaraosahaku.fi\/index.php?rest_route=%2Fwp%2Fv2%2Fmedia&parent=77314"}],"wp:term":[{"taxonomy":"pwb-brand","embeddable":true,"href":"https:\/\/www.autonvaraosahaku.fi\/index.php?rest_route=%2Fwp%2Fv2%2Fpwb-brand&post=77314"},{"taxonomy":"product_cat","embeddable":true,"href":"https:\/\/www.autonvaraosahaku.fi\/index.php?rest_route=%2Fwp%2Fv2%2Fproduct_cat&post=77314"},{"taxonomy":"product_tag","embeddable":true,"href":"https:\/\/www.autonvaraosahaku.fi\/index.php?rest_route=%2Fwp%2Fv2%2Fproduct_tag&post=77314"}],"curies":[{"name":"wp","href":"https:\/\/api.w.org\/{rel}","templated":true}]}}