{"id":77323,"date":"2021-02-21T19:51:27","date_gmt":"2021-02-21T19:51:27","guid":{"rendered":"https:\/\/www.autonvaraosahaku.fi\/?product=mapco-25818-jarrulevyt"},"modified":"2021-02-21T19:51:31","modified_gmt":"2021-02-21T19:51:31","slug":"mapco-25818-jarrulevyt","status":"publish","type":"product","link":"https:\/\/www.autonvaraosahaku.fi\/?product=mapco-25818-jarrulevyt","title":{"rendered":"MAPCO 25818 Jarrulevyt"},"content":{"rendered":"<p>Asennuspuoli: Etuakseli; Ulkol\u00e4pimitta [mm]: 300; Jarrulevytyyppi: Tuuletettu; Jarrulevyn paksuus (mm): 25; V\u00e4himm\u00e4ispaksuus (mm): 23; Korkeus (mm): 48; Reik\u00e4-\u00d8 [mm]: 13,7; Sis\u00e4l\u00e4pimitta [mm]: 140; Reikien m\u00e4\u00e4r\u00e4: 5; Reik\u00e4ympyr\u00e4-\u00d8 [mm]: 108; keskitt\u00e4misl\u00e4pimitta [mm]: 63,5; vannekoolle [tuumaa]: 16; VOLVO: V50 MW,C30,S40 II MS,C70 II Cabriolet,V40 Schr\u00e4gheck; FORD: FOCUS II Kombi DA_,FOCUS II DA_,FOCUS III Turnier,FOCUS C-MAX,KUGA I,C-MAX DM2,FOCUS III,C-MAX II,KUGA II DM2,GRAND C-MAX,FOCUS II Stufenheck DA_,FOCUS II Cabriolet,FOCUS III Stufenheck,TOURNEO CONNECT \/ GRAND TOURNEO CONNECT Kombi,TRANSIT CONNECT Kasten,GRAND C-MAX Van,C-MAX II Van,TRANSIT CONNECT Kombi,KUGA II Van,FOCUS III Kasten\/Schr\u00e4gheck; 1223664, 1223666, 1253964, 1253965, 1323560, 1373370, 1469083, 1500152, 1520297, 1797226, 274510, 31262719, 31341643, 31362412, 31381375, 31400817, 31400937, 31400941, 31471819; Jarrulevy<\/p>\n","protected":false},"excerpt":{"rendered":"<p>MAPCO Jarrulevyt 25818 Jarrulevy VOLVO,FORD,V50 MW,C30,S40 II MS,C70 II Cabriolet,V40 Schr\u00e4gheck,FOCUS II Kombi DA_,FOCUS II DA_,FOCUS III Turnier<\/p>\n","protected":false},"featured_media":0,"template":"","meta":{"site-sidebar-layout":"default","site-content-layout":"default","ast-global-header-display":"","ast-main-header-display":"","ast-hfb-above-header-display":"","ast-hfb-below-header-display":"","ast-hfb-mobile-header-display":"","site-post-title":"","ast-breadcrumbs-content":"","ast-featured-img":"","footer-sml-layout":"","theme-transparent-header-meta":"","adv-header-id-meta":"","stick-header-meta":"","header-above-stick-meta":"","header-main-stick-meta":"","header-below-stick-meta":""},"pwb-brand":[36],"product_cat":[66],"product_tag":[],"class_list":{"0":"post-77323","1":"product","2":"type-product","3":"status-publish","5":"pwb-brand-mapco","6":"product_cat-jarrulevyt","7":"desktop-align-left","8":"tablet-align-left","9":"mobile-align-left","11":"first","12":"instock","13":"product-type-external"},"brands":[{"id":36,"name":"MAPCO","slug":"mapco"}],"_links":{"self":[{"href":"https:\/\/www.autonvaraosahaku.fi\/index.php?rest_route=\/wp\/v2\/product\/77323","targetHints":{"allow":["GET"]}}],"collection":[{"href":"https:\/\/www.autonvaraosahaku.fi\/index.php?rest_route=\/wp\/v2\/product"}],"about":[{"href":"https:\/\/www.autonvaraosahaku.fi\/index.php?rest_route=\/wp\/v2\/types\/product"}],"wp:attachment":[{"href":"https:\/\/www.autonvaraosahaku.fi\/index.php?rest_route=%2Fwp%2Fv2%2Fmedia&parent=77323"}],"wp:term":[{"taxonomy":"pwb-brand","embeddable":true,"href":"https:\/\/www.autonvaraosahaku.fi\/index.php?rest_route=%2Fwp%2Fv2%2Fpwb-brand&post=77323"},{"taxonomy":"product_cat","embeddable":true,"href":"https:\/\/www.autonvaraosahaku.fi\/index.php?rest_route=%2Fwp%2Fv2%2Fproduct_cat&post=77323"},{"taxonomy":"product_tag","embeddable":true,"href":"https:\/\/www.autonvaraosahaku.fi\/index.php?rest_route=%2Fwp%2Fv2%2Fproduct_tag&post=77323"}],"curies":[{"name":"wp","href":"https:\/\/api.w.org\/{rel}","templated":true}]}}