{"id":77326,"date":"2021-02-21T19:51:27","date_gmt":"2021-02-21T19:51:27","guid":{"rendered":"https:\/\/www.autonvaraosahaku.fi\/?product=beru-r11-sytytysjohto"},"modified":"2021-02-21T19:51:32","modified_gmt":"2021-02-21T19:51:32","slug":"beru-r11-sytytysjohto","status":"publish","type":"product","link":"https:\/\/www.autonvaraosahaku.fi\/?product=beru-r11-sytytysjohto","title":{"rendered":"BERU R11 Sytytysjohto"},"content":{"rendered":"<p>Pituus (cm): 70; Sytytystulppa: Liit\u00e4nt\u00e4 SAE; Virranjakaja: Liit\u00e4nt\u00e4 DIN; Tuotelinja: POWER CABLE; Asennuspuoli: Achsanschlag an Rahmen, zum Zylinder2; VW: GOLF II 19E, 1G1,GOLF I Cabriolet 155,TRANSPORTER III Bus,POLO 86C, 80,POLO Coupe 86C, 80,SCIROCCO 53B,GOLF I 17,CADDY I 14,JETTA II 19E, 1G2, 165,PASSAT Variant 32B,TRANSPORTER III Kasten,TRANSPORTER II Bus,TRANSPORTER III Pritsche\/Fahrgestell,PASSAT 32B,POLO 86,SCIROCCO 53,JETTA I 16,DERBY 86C, 80,PASSAT 32,DERBY 86,TRANSPORTER II Kasten,PASSAT Variant 33,SANTANA 32B; AUDI: 100 44, 44Q, C3,80 81, 85, B2,100 Avant 44, 44Q, C3,COUPE 81, 85,QUATTRO 85,200 44, 44Q,80 80, 82, B1,100 C1,100 Coupe C1,100 43, C2,200 43,50 86,100 Avant 43, C2,SUPER 90; MAZDA: RX 7 II FC,121 II DB,RX 7 I SA,626 III GD,626 III Hatchback GD,626 III Coupe GD,626 III Station Wagon GV,929 III HC,323 II Hatchback BD,121 I DA,323 II BD,626 I CB,323 I Station Wagon FA; SKODA: FAVORIT 781,FAVORIT Forman 785,FAVORIT Pick-up 787; BMW: 02 E10; SEAT: CORDOBA 6K1, 6K2,IBIZA I 021A,133; LADA: SAMARA 2108, 2109, 2115, 2113, 2114,SAMARA Stufenheck 21099, 2115; NISSAN: MICRA I K10,280 ZX,ZXT HGS130,PATROL Hardtop K160,PATROL Station Wagon W160,SUNNY II N13,BLUEBIRD Station Wagon WU11,BLUEBIRD U11,PRAIRIE M10, NM10,LAUREL JC31,CHERRY III N12,BLUEBIRD 910,BLUEBIRD Stufenheck 910,STANZA Hatchback T11,STANZA T11; HONDA: ACCORD III CA,JAZZ I AA,CIVIC III Hatchback AL, AJ, AG, AH,ACCORD III Aerodeck CA,PRELUDE I Coupe SN,ACCORD I Hatchback SJ, SY,ACCORD I SJ, SY,CIVIC III Stufenheck AM, AK, AU,ACCORD II AC, AD,QUINTET SU; HYUNDAI: STELLAR F31_, SF2_; Sytytyskaapeli<\/p>\n","protected":false},"excerpt":{"rendered":"<p>BERU Sytytysjohto R11 Sytytyskaapeli VW,AUDI,MAZDA,GOLF II 19E, 1G1,GOLF I Cabriolet 155,TRANSPORTER III Bus,POLO 86C, 80,POLO Coupe 86C, 80<\/p>\n","protected":false},"featured_media":0,"template":"","meta":{"site-sidebar-layout":"default","site-content-layout":"default","ast-global-header-display":"","ast-main-header-display":"","ast-hfb-above-header-display":"","ast-hfb-below-header-display":"","ast-hfb-mobile-header-display":"","site-post-title":"","ast-breadcrumbs-content":"","ast-featured-img":"","footer-sml-layout":"","theme-transparent-header-meta":"","adv-header-id-meta":"","stick-header-meta":"","header-above-stick-meta":"","header-main-stick-meta":"","header-below-stick-meta":""},"pwb-brand":[327],"product_cat":[198],"product_tag":[],"class_list":{"0":"post-77326","1":"product","2":"type-product","3":"status-publish","5":"pwb-brand-beru","6":"product_cat-sytytysjohto","7":"desktop-align-left","8":"tablet-align-left","9":"mobile-align-left","11":"first","12":"instock","13":"product-type-external"},"brands":[{"id":327,"name":"BERU","slug":"beru"}],"_links":{"self":[{"href":"https:\/\/www.autonvaraosahaku.fi\/index.php?rest_route=\/wp\/v2\/product\/77326","targetHints":{"allow":["GET"]}}],"collection":[{"href":"https:\/\/www.autonvaraosahaku.fi\/index.php?rest_route=\/wp\/v2\/product"}],"about":[{"href":"https:\/\/www.autonvaraosahaku.fi\/index.php?rest_route=\/wp\/v2\/types\/product"}],"wp:attachment":[{"href":"https:\/\/www.autonvaraosahaku.fi\/index.php?rest_route=%2Fwp%2Fv2%2Fmedia&parent=77326"}],"wp:term":[{"taxonomy":"pwb-brand","embeddable":true,"href":"https:\/\/www.autonvaraosahaku.fi\/index.php?rest_route=%2Fwp%2Fv2%2Fpwb-brand&post=77326"},{"taxonomy":"product_cat","embeddable":true,"href":"https:\/\/www.autonvaraosahaku.fi\/index.php?rest_route=%2Fwp%2Fv2%2Fproduct_cat&post=77326"},{"taxonomy":"product_tag","embeddable":true,"href":"https:\/\/www.autonvaraosahaku.fi\/index.php?rest_route=%2Fwp%2Fv2%2Fproduct_tag&post=77326"}],"curies":[{"name":"wp","href":"https:\/\/api.w.org\/{rel}","templated":true}]}}