{"id":77328,"date":"2021-02-21T19:51:27","date_gmt":"2021-02-21T19:51:27","guid":{"rendered":"https:\/\/www.autonvaraosahaku.fi\/?product=beru-r8-sytytysjohto"},"modified":"2021-02-21T19:51:32","modified_gmt":"2021-02-21T19:51:32","slug":"beru-r8-sytytysjohto","status":"publish","type":"product","link":"https:\/\/www.autonvaraosahaku.fi\/?product=beru-r8-sytytysjohto","title":{"rendered":"BERU R8 Sytytysjohto"},"content":{"rendered":"<p>Pituus (cm): 60; Sytytystulppa: Liit\u00e4nt\u00e4 SAE; Virranjakaja: Liit\u00e4nt\u00e4 DIN; Tuotelinja: POWER CABLE; Asennuspuoli: Lenkstockhebel zur Vorderachse, zum Zylinder6; VW: GOLF II 19E, 1G1,GOLF I Cabriolet 155,TRANSPORTER III Bus,POLO 86C, 80,POLO Coupe 86C, 80,SCIROCCO 53B,GOLF I 17,CADDY I 14,JETTA II 19E, 1G2, 165,PASSAT Variant 32B,TRANSPORTER III Kasten,TRANSPORTER II Bus,TRANSPORTER III Pritsche\/Fahrgestell,PASSAT 32B,POLO 86,SCIROCCO 53,SAFARI,ILTIS 183,JETTA I 16,DERBY 86C, 80,PASSAT 32,DERBY 86,TRANSPORTER II Kasten,PASSAT Variant 33,SANTANA 32B; AUDI: 100 44, 44Q, C3,80 81, 85, B2,100 Avant 44, 44Q, C3,COUPE 81, 85,QUATTRO 85,200 44, 44Q,80 80, 82, B1,100 C1,100 Coupe C1,100 43, C2,200 43,50 86,100 Avant 43, C2; MAZDA: RX 7 II FC,121 II DB,RX 7 I SA,626 III GD,626 III Hatchback GD,626 III Coupe GD,626 III Station Wagon GV,929 III HC,121 I DA,626 I CB,323 I Station Wagon FA; SKODA: FELICIA I Kombi 6U5,FAVORIT 781,FAVORIT Forman 785,FAVORIT Pick-up 787,RAPID 120G, 130G, 135G; SEAT: CORDOBA 6K1, 6K2,IBIZA I 021A; LADA: NIVA 2121,1200-1600,SAMARA 2108, 2109, 2115, 2113, 2114,NOVA 2105,NOVA Kombi 2104,SAMARA Stufenheck 21099, 2115; NISSAN: MICRA I K10,280 ZX,ZXT HGS130,SUNNY II Coupe B12,SUNNY II Hatchback N13,SUNNY II N13,BLUEBIRD Station Wagon WU11,BLUEBIRD U11,CHERRY III N12,CHERRY II Coupe N10,CHERRY II Hatchback N10,BLUEBIRD Traveller W910,BLUEBIRD Stufenheck 910,CHERRY II Traveller VN10; KIA: PRIDE DA; HONDA: ACCORD II Hatchback AC, AD,ACCORD II AC, AD; DAIHATSU: CHARADE III G100, G101, G102,CUORE I L55, L60; Sytytyskaapeli<\/p>\n","protected":false},"excerpt":{"rendered":"<p>BERU Sytytysjohto R8 Sytytyskaapeli VW,AUDI,MAZDA,GOLF II 19E, 1G1,GOLF I Cabriolet 155,TRANSPORTER III Bus,POLO 86C, 80,POLO Coupe 86C, 80<\/p>\n","protected":false},"featured_media":0,"template":"","meta":{"site-sidebar-layout":"default","site-content-layout":"default","ast-global-header-display":"","ast-main-header-display":"","ast-hfb-above-header-display":"","ast-hfb-below-header-display":"","ast-hfb-mobile-header-display":"","site-post-title":"","ast-breadcrumbs-content":"","ast-featured-img":"","footer-sml-layout":"","theme-transparent-header-meta":"","adv-header-id-meta":"","stick-header-meta":"","header-above-stick-meta":"","header-main-stick-meta":"","header-below-stick-meta":""},"pwb-brand":[327],"product_cat":[198],"product_tag":[],"class_list":{"0":"post-77328","1":"product","2":"type-product","3":"status-publish","5":"pwb-brand-beru","6":"product_cat-sytytysjohto","7":"desktop-align-left","8":"tablet-align-left","9":"mobile-align-left","11":"first","12":"instock","13":"product-type-external"},"brands":[{"id":327,"name":"BERU","slug":"beru"}],"_links":{"self":[{"href":"https:\/\/www.autonvaraosahaku.fi\/index.php?rest_route=\/wp\/v2\/product\/77328","targetHints":{"allow":["GET"]}}],"collection":[{"href":"https:\/\/www.autonvaraosahaku.fi\/index.php?rest_route=\/wp\/v2\/product"}],"about":[{"href":"https:\/\/www.autonvaraosahaku.fi\/index.php?rest_route=\/wp\/v2\/types\/product"}],"wp:attachment":[{"href":"https:\/\/www.autonvaraosahaku.fi\/index.php?rest_route=%2Fwp%2Fv2%2Fmedia&parent=77328"}],"wp:term":[{"taxonomy":"pwb-brand","embeddable":true,"href":"https:\/\/www.autonvaraosahaku.fi\/index.php?rest_route=%2Fwp%2Fv2%2Fpwb-brand&post=77328"},{"taxonomy":"product_cat","embeddable":true,"href":"https:\/\/www.autonvaraosahaku.fi\/index.php?rest_route=%2Fwp%2Fv2%2Fproduct_cat&post=77328"},{"taxonomy":"product_tag","embeddable":true,"href":"https:\/\/www.autonvaraosahaku.fi\/index.php?rest_route=%2Fwp%2Fv2%2Fproduct_tag&post=77328"}],"curies":[{"name":"wp","href":"https:\/\/api.w.org\/{rel}","templated":true}]}}