{"id":77373,"date":"2021-02-21T19:51:48","date_gmt":"2021-02-21T19:51:48","guid":{"rendered":"https:\/\/www.autonvaraosahaku.fi\/?product=luk-600-0031-00-kytkinpaketti"},"modified":"2021-02-21T19:51:49","modified_gmt":"2021-02-21T19:51:49","slug":"luk-600-0031-00-kytkinpaketti","status":"publish","type":"product","link":"https:\/\/www.autonvaraosahaku.fi\/?product=luk-600-0031-00-kytkinpaketti","title":{"rendered":"LuK 600 0031 00 Kytkinpaketti"},"content":{"rendered":"<p>Lis\u00e4tarvike\/lis\u00e4tieto: Irroitusmekanismilla, ilman ohjauslaakeria; Korvaava tuote\/korvaava tiedote 2: Vauhtipy\u00f6r\u00e4ll\u00e4, Ruuvisarjalla, Kaksoismassavauhtipy\u00f6r\u00e4 kitka-ohjauslevyll\u00e4; Kiinnitysreikien lukum\u00e4\u00e4r\u00e4: 6, 6; suurin p\u00e4\u00e4st\u00f6kulma [Grad]: 15; Hammaslukum\u00e4\u00e4r\u00e4 (suurimman p\u00e4\u00e4st\u00f6kulman ilmoitus): 6; suurin heitto [mm]: 2,9; Tuotelinja: BR 0241; Vaihteistomalli: Schaltgetriebe 5 Gang; FORD: FIESTA V JH_, JD_,FUSION JU_,FIESTA V Van; MAZDA: 2 DY; 1204230, 1204231, 1204232, 1212061, 1354382, 1374998, 1375001, 1423906, 1474323, 1514143, 1547820, 1830995, 1837710, 2S616477BA, 2S616477BB, 2S617540HC, 2S617540HD, 2S617550HC, 2S617550HD, 2S617563AB, 2S617563AC, 2S617563AD, 2S617563KA, 2S617A564CA, 2S617A564CB, 8V217A564AB, 8V217A564AC, 8V217A564AD, AV617A564AC, RM2S617540HC, RM2S617540HD, DK4917ZX1A, DK4917ZX1B, Y40116460, Y40116490, Y40116490A, Y40116610, 9642127780, 9646974480, 9646974580, 9647071480, 9659096780, 9686040880; Kytkinsarja<\/p>\n","protected":false},"excerpt":{"rendered":"<p>LuK Kytkinpaketti 600 0031 00 Kytkinsarja FORD,MAZDA,FIESTA V JH_, JD_,FUSION JU_,FIESTA V Van,2 DY<\/p>\n","protected":false},"featured_media":0,"template":"","meta":{"site-sidebar-layout":"default","site-content-layout":"default","ast-global-header-display":"","ast-main-header-display":"","ast-hfb-above-header-display":"","ast-hfb-below-header-display":"","ast-hfb-mobile-header-display":"","site-post-title":"","ast-breadcrumbs-content":"","ast-featured-img":"","footer-sml-layout":"","theme-transparent-header-meta":"","adv-header-id-meta":"","stick-header-meta":"","header-above-stick-meta":"","header-main-stick-meta":"","header-below-stick-meta":""},"pwb-brand":[20],"product_cat":[21],"product_tag":[],"class_list":{"0":"post-77373","1":"product","2":"type-product","3":"status-publish","5":"pwb-brand-luk","6":"product_cat-kytkinpaketti","7":"desktop-align-left","8":"tablet-align-left","9":"mobile-align-left","11":"first","12":"instock","13":"product-type-external"},"brands":[{"id":20,"name":"LuK","slug":"luk"}],"_links":{"self":[{"href":"https:\/\/www.autonvaraosahaku.fi\/index.php?rest_route=\/wp\/v2\/product\/77373","targetHints":{"allow":["GET"]}}],"collection":[{"href":"https:\/\/www.autonvaraosahaku.fi\/index.php?rest_route=\/wp\/v2\/product"}],"about":[{"href":"https:\/\/www.autonvaraosahaku.fi\/index.php?rest_route=\/wp\/v2\/types\/product"}],"wp:attachment":[{"href":"https:\/\/www.autonvaraosahaku.fi\/index.php?rest_route=%2Fwp%2Fv2%2Fmedia&parent=77373"}],"wp:term":[{"taxonomy":"pwb-brand","embeddable":true,"href":"https:\/\/www.autonvaraosahaku.fi\/index.php?rest_route=%2Fwp%2Fv2%2Fpwb-brand&post=77373"},{"taxonomy":"product_cat","embeddable":true,"href":"https:\/\/www.autonvaraosahaku.fi\/index.php?rest_route=%2Fwp%2Fv2%2Fproduct_cat&post=77373"},{"taxonomy":"product_tag","embeddable":true,"href":"https:\/\/www.autonvaraosahaku.fi\/index.php?rest_route=%2Fwp%2Fv2%2Fproduct_tag&post=77373"}],"curies":[{"name":"wp","href":"https:\/\/api.w.org\/{rel}","templated":true}]}}