{"id":7741,"date":"2021-02-21T14:01:03","date_gmt":"2021-02-21T14:01:03","guid":{"rendered":"https:\/\/www.autonvaraosahaku.fi\/?product=original-imperium-27401-vetonivelen-suojakumi"},"modified":"2021-02-21T14:01:04","modified_gmt":"2021-02-21T14:01:04","slug":"original-imperium-27401-vetonivelen-suojakumi","status":"publish","type":"product","link":"https:\/\/www.autonvaraosahaku.fi\/?product=original-imperium-27401-vetonivelen-suojakumi","title":{"rendered":"ORIGINAL IMPERIUM 27401 Vetonivelen suojakumi"},"content":{"rendered":"<p>Paino [g]: 66; Asennuspuoli: Py\u00f6r\u00e4n puoli; Korkeus (mm): 80; Materiaali: Kumi; L\u00e4pimitta 1 [mm]: 20; L\u00e4pimitta 2 [mm]: 68; Vaihteistomalli: f\u00fcr Automatikgetriebe; SEAT: MARBELLA 28,IBIZA I 021A,TERRA Kasten 024A,MARBELLA Kasten 028A,MALAGA 023A,TERRA 24,RONDA 022A,FURA 025A; LANCIA: DELTA I 831AB0,Y10 156,A 112,PRISMA 831AB0; FIAT: PANDA 141A_,UNO 146A\/E,127,128 Coupe,128,PANDA Van 141_,RITMO I 138A,FIORINO 147,REGATA 138,RITMO Cabriolet,127 Panorama,128 Familiare,FIORINO 127,FIORINO Pick up 147,REGATA Weekend 138; PEUGEOT: 106 II 1,106 I 1A, 1C; AUTOBIANCHI: A 112; 5966569, 5987092, 7679375, SE127141537A, 329304, 329304, 5966569, 5987092, 7679375, 5966569, 5987092, 7679375, 329304, SE127141537A, SE127141537A, SE127141537A; Vetoakselin Suojakumi,Paljekumi, Vetoakseli<\/p>\n","protected":false},"excerpt":{"rendered":"<p>ORIGINAL IMPERIUM Vetonivelen Suojakumi 27401 Vetoakselin Suojakumi,Paljekumi, Vetoakseli SEAT,LANCIA,FIAT,MARBELLA 28,IBIZA I 021A,TERRA Kasten 024A<\/p>\n","protected":false},"featured_media":0,"template":"","meta":{"site-sidebar-layout":"default","site-content-layout":"default","ast-global-header-display":"","ast-main-header-display":"","ast-hfb-above-header-display":"","ast-hfb-below-header-display":"","ast-hfb-mobile-header-display":"","site-post-title":"","ast-breadcrumbs-content":"","ast-featured-img":"","footer-sml-layout":"","theme-transparent-header-meta":"","adv-header-id-meta":"","stick-header-meta":"","header-above-stick-meta":"","header-main-stick-meta":"","header-below-stick-meta":""},"pwb-brand":[72],"product_cat":[42],"product_tag":[],"class_list":{"0":"post-7741","1":"product","2":"type-product","3":"status-publish","5":"pwb-brand-original-imperium","6":"product_cat-vetonivelen-suojakumi","7":"desktop-align-left","8":"tablet-align-left","9":"mobile-align-left","11":"first","12":"instock","13":"product-type-external"},"brands":[{"id":72,"name":"ORIGINAL IMPERIUM","slug":"original-imperium"}],"_links":{"self":[{"href":"https:\/\/www.autonvaraosahaku.fi\/index.php?rest_route=\/wp\/v2\/product\/7741","targetHints":{"allow":["GET"]}}],"collection":[{"href":"https:\/\/www.autonvaraosahaku.fi\/index.php?rest_route=\/wp\/v2\/product"}],"about":[{"href":"https:\/\/www.autonvaraosahaku.fi\/index.php?rest_route=\/wp\/v2\/types\/product"}],"wp:attachment":[{"href":"https:\/\/www.autonvaraosahaku.fi\/index.php?rest_route=%2Fwp%2Fv2%2Fmedia&parent=7741"}],"wp:term":[{"taxonomy":"pwb-brand","embeddable":true,"href":"https:\/\/www.autonvaraosahaku.fi\/index.php?rest_route=%2Fwp%2Fv2%2Fpwb-brand&post=7741"},{"taxonomy":"product_cat","embeddable":true,"href":"https:\/\/www.autonvaraosahaku.fi\/index.php?rest_route=%2Fwp%2Fv2%2Fproduct_cat&post=7741"},{"taxonomy":"product_tag","embeddable":true,"href":"https:\/\/www.autonvaraosahaku.fi\/index.php?rest_route=%2Fwp%2Fv2%2Fproduct_tag&post=7741"}],"curies":[{"name":"wp","href":"https:\/\/api.w.org\/{rel}","templated":true}]}}