{"id":77412,"date":"2021-02-21T19:52:02","date_gmt":"2021-02-21T19:52:02","guid":{"rendered":"https:\/\/www.autonvaraosahaku.fi\/?product=febi-bilstein-07779-raidetanko"},"modified":"2021-02-21T19:52:03","modified_gmt":"2021-02-21T19:52:03","slug":"febi-bilstein-07779-raidetanko","status":"publish","type":"product","link":"https:\/\/www.autonvaraosahaku.fi\/?product=febi-bilstein-07779-raidetanko","title":{"rendered":"FEBI BILSTEIN 07779 Raidetanko"},"content":{"rendered":"<p>Parilliset tuotenumerot: 07778; Pituus (mm): 238; Paksuus [mm]: 66,0; Ulkokierre [mm]: M10 x 1,25, M12 x 1,5; Kierteen pituus (mm): 20, 51; Avainv\u00e4li: 17; Kierremalli: Oikealla kierteell\u00e4, Vasemmalla kierteell\u00e4; V\u00e4ri: Musta; Materiaali: Ter\u00e4s; Paino [kg]: 0,66, 0,66; lis\u00e4tieto: febi Plus; Asennuspuoli: Vorderachse links; MERCEDES-BENZ: 190 W201; 2013301203, 2013301603, A2013301203, A2013301603<\/p>\n","protected":false},"excerpt":{"rendered":"<p>FEBI BILSTEIN Raidetanko 07779  MERCEDES-BENZ,190 W201<\/p>\n","protected":false},"featured_media":0,"template":"","meta":{"site-sidebar-layout":"default","site-content-layout":"default","ast-global-header-display":"","ast-main-header-display":"","ast-hfb-above-header-display":"","ast-hfb-below-header-display":"","ast-hfb-mobile-header-display":"","site-post-title":"","ast-breadcrumbs-content":"","ast-featured-img":"","footer-sml-layout":"","theme-transparent-header-meta":"","adv-header-id-meta":"","stick-header-meta":"","header-above-stick-meta":"","header-main-stick-meta":"","header-below-stick-meta":""},"pwb-brand":[50],"product_cat":[258],"product_tag":[],"class_list":{"0":"post-77412","1":"product","2":"type-product","3":"status-publish","5":"pwb-brand-febi-bilstein","6":"product_cat-raidetanko","7":"desktop-align-left","8":"tablet-align-left","9":"mobile-align-left","11":"first","12":"instock","13":"product-type-external"},"brands":[{"id":50,"name":"FEBI BILSTEIN","slug":"febi-bilstein"}],"_links":{"self":[{"href":"https:\/\/www.autonvaraosahaku.fi\/index.php?rest_route=\/wp\/v2\/product\/77412","targetHints":{"allow":["GET"]}}],"collection":[{"href":"https:\/\/www.autonvaraosahaku.fi\/index.php?rest_route=\/wp\/v2\/product"}],"about":[{"href":"https:\/\/www.autonvaraosahaku.fi\/index.php?rest_route=\/wp\/v2\/types\/product"}],"wp:attachment":[{"href":"https:\/\/www.autonvaraosahaku.fi\/index.php?rest_route=%2Fwp%2Fv2%2Fmedia&parent=77412"}],"wp:term":[{"taxonomy":"pwb-brand","embeddable":true,"href":"https:\/\/www.autonvaraosahaku.fi\/index.php?rest_route=%2Fwp%2Fv2%2Fpwb-brand&post=77412"},{"taxonomy":"product_cat","embeddable":true,"href":"https:\/\/www.autonvaraosahaku.fi\/index.php?rest_route=%2Fwp%2Fv2%2Fproduct_cat&post=77412"},{"taxonomy":"product_tag","embeddable":true,"href":"https:\/\/www.autonvaraosahaku.fi\/index.php?rest_route=%2Fwp%2Fv2%2Fproduct_tag&post=77412"}],"curies":[{"name":"wp","href":"https:\/\/api.w.org\/{rel}","templated":true}]}}