{"id":77414,"date":"2021-02-21T19:52:02","date_gmt":"2021-02-21T19:52:02","guid":{"rendered":"https:\/\/www.autonvaraosahaku.fi\/?product=vaico-v20-0384-alatukivarsi"},"modified":"2021-02-21T19:52:04","modified_gmt":"2021-02-21T19:52:04","slug":"vaico-v20-0384-alatukivarsi","status":"publish","type":"product","link":"https:\/\/www.autonvaraosahaku.fi\/?product=vaico-v20-0384-alatukivarsi","title":{"rendered":"VAICO V20-0384 Alatukivarsi"},"content":{"rendered":"<p>Akselimittaus asennuksen j\u00e4lkeen: ; Ohjausmalli: Poikittaistukivarsi; Asennuspuoli: Molemminpuolin, Taka-akseli, yl\u00e4, Edess\u00e4; Suositellun erikoisty\u00f6kalun tuotenumero: V99-1020; Paino [kg]: 0,374; Pakkausleveys [cm]: 7,5; Pakkauskorkeus [mm]: 8; Pakkaussyvyys [cm]: 31,5; lis\u00e4tieto: CST99; Valmistusvuoteen: 12\/2001; BMW: 5 E39,5 Touring E39,7 E38; 1090745, 1097264, 33321090745, 33321097264, 33326768791, 6768791; Tukivarsi,Tukivarsi, Py\u00f6r\u00e4ntuenta<\/p>\n","protected":false},"excerpt":{"rendered":"<p>VAICO Alatukivarsi V20-0384 Tukivarsi,Tukivarsi, Py\u00f6r\u00e4ntuenta BMW,5 E39,5 Touring E39,7 E38<\/p>\n","protected":false},"featured_media":0,"template":"","meta":{"site-sidebar-layout":"default","site-content-layout":"default","ast-global-header-display":"","ast-main-header-display":"","ast-hfb-above-header-display":"","ast-hfb-below-header-display":"","ast-hfb-mobile-header-display":"","site-post-title":"","ast-breadcrumbs-content":"","ast-featured-img":"","footer-sml-layout":"","theme-transparent-header-meta":"","adv-header-id-meta":"","stick-header-meta":"","header-above-stick-meta":"","header-main-stick-meta":"","header-below-stick-meta":""},"pwb-brand":[330],"product_cat":[62],"product_tag":[],"class_list":{"0":"post-77414","1":"product","2":"type-product","3":"status-publish","5":"pwb-brand-vaico","6":"product_cat-alatukivarsi","7":"desktop-align-left","8":"tablet-align-left","9":"mobile-align-left","11":"first","12":"instock","13":"product-type-external"},"brands":[{"id":330,"name":"VAICO","slug":"vaico"}],"_links":{"self":[{"href":"https:\/\/www.autonvaraosahaku.fi\/index.php?rest_route=\/wp\/v2\/product\/77414","targetHints":{"allow":["GET"]}}],"collection":[{"href":"https:\/\/www.autonvaraosahaku.fi\/index.php?rest_route=\/wp\/v2\/product"}],"about":[{"href":"https:\/\/www.autonvaraosahaku.fi\/index.php?rest_route=\/wp\/v2\/types\/product"}],"wp:attachment":[{"href":"https:\/\/www.autonvaraosahaku.fi\/index.php?rest_route=%2Fwp%2Fv2%2Fmedia&parent=77414"}],"wp:term":[{"taxonomy":"pwb-brand","embeddable":true,"href":"https:\/\/www.autonvaraosahaku.fi\/index.php?rest_route=%2Fwp%2Fv2%2Fpwb-brand&post=77414"},{"taxonomy":"product_cat","embeddable":true,"href":"https:\/\/www.autonvaraosahaku.fi\/index.php?rest_route=%2Fwp%2Fv2%2Fproduct_cat&post=77414"},{"taxonomy":"product_tag","embeddable":true,"href":"https:\/\/www.autonvaraosahaku.fi\/index.php?rest_route=%2Fwp%2Fv2%2Fproduct_tag&post=77414"}],"curies":[{"name":"wp","href":"https:\/\/api.w.org\/{rel}","templated":true}]}}