{"id":77459,"date":"2021-02-21T19:52:17","date_gmt":"2021-02-21T19:52:17","guid":{"rendered":"https:\/\/www.autonvaraosahaku.fi\/?product=febi-bilstein-02720-vetonivelen-suojakumi"},"modified":"2021-02-21T19:52:19","modified_gmt":"2021-02-21T19:52:19","slug":"febi-bilstein-02720-vetonivelen-suojakumi","status":"publish","type":"product","link":"https:\/\/www.autonvaraosahaku.fi\/?product=febi-bilstein-02720-vetonivelen-suojakumi","title":{"rendered":"FEBI BILSTEIN 02720 Vetonivelen suojakumi"},"content":{"rendered":"<p>Pituus (mm): 112; Materiaali: Kumi; Asennuspuoli: Etuakseli, Vaihteiston puoli; Paino [kg]: 0,208; Sis\u00e4l\u00e4pimitta 1 [mm]: 23; Sis\u00e4l\u00e4pimitta 2 [mm]: 77; Huomioi huolto-ohjeet: , ; Alustanumerosta: N4029809; OPEL: CORSA C F08, F68,ASTRA G CC F48_, F08_,ASTRA G Caravan F35_,CORSA B 73_, 78_, 79_,ASTRA F CC 53_, 54_, 58_, 59_,ASTRA F Caravan 51_, 52_,ASTRA G Stufenheck F69_,ASTRA F Cabriolet 53_B,ASTRA F 56_, 57_,TIGRA 95_,CORSA A CC 93_, 94_, 98_, 99_,CORSA C Kasten F08, W5L,CORSA A TR 91_, 92_, 96_, 97_,CORSA B Kasten 73_,ASTRA G Kasten F70,CORSA B Kombi F35,ASTRA F Van 55_; VAUXHALL: CORSA Mk II C W5L, F08,ASTRA Mk III F CC,CORSA Mk I B,CORSAVAN Mk II C,ASTRA Mk III F Estate,TIGRA Mk I F07,ASTRAVAN Mk III F,NOVA,NOVA CC; 0374101, 0374101S1, 374101S1, 007846324, 07846324, 7846324; Vetoakselin Suojakumi,Paljekumi, Vetoakseli<\/p>\n","protected":false},"excerpt":{"rendered":"<p>FEBI BILSTEIN Vetonivelen Suojakumi 02720 Vetoakselin Suojakumi,Paljekumi, Vetoakseli OPEL,VAUXHALL,CORSA C F08, F68,ASTRA G CC F48_, F08_<\/p>\n","protected":false},"featured_media":0,"template":"","meta":{"site-sidebar-layout":"default","site-content-layout":"default","ast-global-header-display":"","ast-main-header-display":"","ast-hfb-above-header-display":"","ast-hfb-below-header-display":"","ast-hfb-mobile-header-display":"","site-post-title":"","ast-breadcrumbs-content":"","ast-featured-img":"","footer-sml-layout":"","theme-transparent-header-meta":"","adv-header-id-meta":"","stick-header-meta":"","header-above-stick-meta":"","header-main-stick-meta":"","header-below-stick-meta":""},"pwb-brand":[50],"product_cat":[42],"product_tag":[],"class_list":{"0":"post-77459","1":"product","2":"type-product","3":"status-publish","5":"pwb-brand-febi-bilstein","6":"product_cat-vetonivelen-suojakumi","7":"desktop-align-left","8":"tablet-align-left","9":"mobile-align-left","11":"first","12":"instock","13":"product-type-external"},"brands":[{"id":50,"name":"FEBI BILSTEIN","slug":"febi-bilstein"}],"_links":{"self":[{"href":"https:\/\/www.autonvaraosahaku.fi\/index.php?rest_route=\/wp\/v2\/product\/77459","targetHints":{"allow":["GET"]}}],"collection":[{"href":"https:\/\/www.autonvaraosahaku.fi\/index.php?rest_route=\/wp\/v2\/product"}],"about":[{"href":"https:\/\/www.autonvaraosahaku.fi\/index.php?rest_route=\/wp\/v2\/types\/product"}],"wp:attachment":[{"href":"https:\/\/www.autonvaraosahaku.fi\/index.php?rest_route=%2Fwp%2Fv2%2Fmedia&parent=77459"}],"wp:term":[{"taxonomy":"pwb-brand","embeddable":true,"href":"https:\/\/www.autonvaraosahaku.fi\/index.php?rest_route=%2Fwp%2Fv2%2Fpwb-brand&post=77459"},{"taxonomy":"product_cat","embeddable":true,"href":"https:\/\/www.autonvaraosahaku.fi\/index.php?rest_route=%2Fwp%2Fv2%2Fproduct_cat&post=77459"},{"taxonomy":"product_tag","embeddable":true,"href":"https:\/\/www.autonvaraosahaku.fi\/index.php?rest_route=%2Fwp%2Fv2%2Fproduct_tag&post=77459"}],"curies":[{"name":"wp","href":"https:\/\/api.w.org\/{rel}","templated":true}]}}