{"id":77483,"date":"2021-02-21T19:52:24","date_gmt":"2021-02-21T19:52:24","guid":{"rendered":"https:\/\/www.autonvaraosahaku.fi\/?product=ajusa-14035900-oljypohjan-tiiviste"},"modified":"2021-02-21T19:52:28","modified_gmt":"2021-02-21T19:52:28","slug":"ajusa-14035900-oljypohjan-tiiviste","status":"publish","type":"product","link":"https:\/\/www.autonvaraosahaku.fi\/?product=ajusa-14035900-oljypohjan-tiiviste","title":{"rendered":"AJUSA 14035900 \u00d6ljypohjan tiiviste"},"content":{"rendered":"<p>Paksuus [mm]: 1,5; Leveys (mm): 263; Pituus (mm): 524; Paino [g]: 55,801; TECDOC-moottorinumero: 1482; FORD: SIERRA GBG, GB4,SIERRA Schr\u00e4gheck GBC, GBG,SCORPIO I GAE, GGE,SIERRA Schr\u00e4gheck GBC,SCORPIO I Stufenheck GGE,SIERRA Kombi BNG,GRANADA GU,SCORPIO I Kombi GGE,SIERRA Kombi BNC,GRANADA Kombi GNU; PEUGEOT: 504 A_, M_,505 551A,505 Break 551D,604 561A_,J7 Bus,504 Break D_, F_,504 Pick-up E_,J7 Kasten,J9 Bus,J9 Kasten,J9 Pritsche\/Fahrgestell,J7 Pritsche\/Fahrgestell,504 Pick-up Entrepreneur; SSANGYONG: KORANDO K4,KORANDO K4 Gel\u00e4ndewagen offen; UMM: ALTER; LDV: CONVOY Kasten,CONVOY Pritsche\/Fahrgestell,400 Kasten,CONVOY Bus; ARO: 240-244; MAHINDRA: CJ 3,CJ 3 Wagon; TALBOT: TAGORA; DAF: 400-Serie Kasten; 030412, 031307, 031319, 5010035, 7058058000, A82SX6013AA; Tiiviste, \u00d6ljypohja<\/p>\n","protected":false},"excerpt":{"rendered":"<p>AJUSA \u00d6ljypohjan Tiiviste 14035900 Tiiviste, \u00d6ljypohja FORD,PEUGEOT,SSANGYONG,SIERRA GBG, GB4,SIERRA Schr\u00e4gheck GBC, GBG,SCORPIO I GAE, GGE<\/p>\n","protected":false},"featured_media":0,"template":"","meta":{"site-sidebar-layout":"default","site-content-layout":"default","ast-global-header-display":"","ast-main-header-display":"","ast-hfb-above-header-display":"","ast-hfb-below-header-display":"","ast-hfb-mobile-header-display":"","site-post-title":"","ast-breadcrumbs-content":"","ast-featured-img":"","footer-sml-layout":"","theme-transparent-header-meta":"","adv-header-id-meta":"","stick-header-meta":"","header-above-stick-meta":"","header-main-stick-meta":"","header-below-stick-meta":""},"pwb-brand":[211],"product_cat":[180],"product_tag":[],"class_list":{"0":"post-77483","1":"product","2":"type-product","3":"status-publish","5":"pwb-brand-ajusa","6":"product_cat-oljypohjan-tiiviste","7":"desktop-align-left","8":"tablet-align-left","9":"mobile-align-left","11":"first","12":"instock","13":"product-type-external"},"brands":[{"id":211,"name":"AJUSA","slug":"ajusa"}],"_links":{"self":[{"href":"https:\/\/www.autonvaraosahaku.fi\/index.php?rest_route=\/wp\/v2\/product\/77483","targetHints":{"allow":["GET"]}}],"collection":[{"href":"https:\/\/www.autonvaraosahaku.fi\/index.php?rest_route=\/wp\/v2\/product"}],"about":[{"href":"https:\/\/www.autonvaraosahaku.fi\/index.php?rest_route=\/wp\/v2\/types\/product"}],"wp:attachment":[{"href":"https:\/\/www.autonvaraosahaku.fi\/index.php?rest_route=%2Fwp%2Fv2%2Fmedia&parent=77483"}],"wp:term":[{"taxonomy":"pwb-brand","embeddable":true,"href":"https:\/\/www.autonvaraosahaku.fi\/index.php?rest_route=%2Fwp%2Fv2%2Fpwb-brand&post=77483"},{"taxonomy":"product_cat","embeddable":true,"href":"https:\/\/www.autonvaraosahaku.fi\/index.php?rest_route=%2Fwp%2Fv2%2Fproduct_cat&post=77483"},{"taxonomy":"product_tag","embeddable":true,"href":"https:\/\/www.autonvaraosahaku.fi\/index.php?rest_route=%2Fwp%2Fv2%2Fproduct_tag&post=77483"}],"curies":[{"name":"wp","href":"https:\/\/api.w.org\/{rel}","templated":true}]}}