{"id":77508,"date":"2021-02-21T19:52:31","date_gmt":"2021-02-21T19:52:31","guid":{"rendered":"https:\/\/www.autonvaraosahaku.fi\/?product=mapco-64709-oljynsuodatin"},"modified":"2021-02-21T19:52:37","modified_gmt":"2021-02-21T19:52:37","slug":"mapco-64709-oljynsuodatin","status":"publish","type":"product","link":"https:\/\/www.autonvaraosahaku.fi\/?product=mapco-64709-oljynsuodatin","title":{"rendered":"MAPCO 64709 \u00d6ljynsuodatin"},"content":{"rendered":"<p>Suodatintyyppi: Suodatinpanos; Valmistaja rajaus: PURFLUX; Ulkol\u00e4pimitta [mm]: 64; Sis\u00e4l\u00e4pimitta [mm]: 26; Korkeus (mm): 85; Moottorinumero: Z 13 DTJ; JEEP: RENEGADE Gel\u00e4ndewagen geschlossen BU; ABARTH: 500 \/ 595 312_,500C \/ 595C 312_,PUNTO 199_; SUZUKI: SWIFT III MZ, EZ,WAGON R+ MM,SPLASH,IGNIS II; OPEL: CORSA D,CORSA C F08, F68,ASTRA H Caravan L35,MERIVA,ASTRA H L48,ASTRA H GTC L08,AGILA A H00,TIGRA TwinTop,COMBO Kasten\/Kombi,COMBO Tour,AGILA B H08,CORSA D Van,CORSA C Kasten F08, W5L,ASTRA H Stufenheck L69,COMBO Kasten\/Kombi X12,ASTRA H Kasten L70,COMBO Tour X12; LANCIA: YPSILON 843,DELTA III 844,MUSA 350; FORD: KA RU8; FIAT: GRANDE PUNTO 199,PUNTO 188,PANDA 169,500 312,BRAVO II 198,PUNTO EVO 199,DOBLO Cargo 223,500 C 312,DOBLO 119,DOBLO Kasten\/Kombi 263,PANDA Van 169,PUNTO 199,IDEA,STRADA Pick-up 178E,QUBO 225,500L,DOBLO Gro\u00dfraumlimousine 152, 263,PUNTO Van 188AX,FIORINO Kasten\/Kombi 225,LINEA 323,PUNTO Van 199,DOBLO Pritsche\/Fahrgestell 263,500X,SIENA 178_,124 Spider 348_; CITRO\u00cbN: NEMO Kasten AA_,NEMO Kombi; ALFA ROMEO: GIULIETTA 940,MITO 955; PEUGEOT: BIPPER AA_,BIPPER Tepee; 73500049, 68102241AA, 71765460, 71769641, 73500049, 1109CJ, 0006001073250, 2504300, 71773176, 73500049, 1565248, 9S516731C1A, 73500049, 5650342, 96177787, 1109CJ, VOF1032, 1651185C00, 1651185C00000, 1651185E00, 1651185E00000, 93177787<\/p>\n","protected":false},"excerpt":{"rendered":"<p>MAPCO \u00d6ljynsuodatin 64709  JEEP,ABARTH,SUZUKI,RENEGADE Gel\u00e4ndewagen geschlossen BU,500 \/ 595 312_,500C \/ 595C 312_,PUNTO 199_,SWIFT III MZ, EZ<\/p>\n","protected":false},"featured_media":0,"template":"","meta":{"site-sidebar-layout":"default","site-content-layout":"default","ast-global-header-display":"","ast-main-header-display":"","ast-hfb-above-header-display":"","ast-hfb-below-header-display":"","ast-hfb-mobile-header-display":"","site-post-title":"","ast-breadcrumbs-content":"","ast-featured-img":"","footer-sml-layout":"","theme-transparent-header-meta":"","adv-header-id-meta":"","stick-header-meta":"","header-above-stick-meta":"","header-main-stick-meta":"","header-below-stick-meta":""},"pwb-brand":[36],"product_cat":[30],"product_tag":[],"class_list":{"0":"post-77508","1":"product","2":"type-product","3":"status-publish","5":"pwb-brand-mapco","6":"product_cat-oljynsuodatin","7":"desktop-align-left","8":"tablet-align-left","9":"mobile-align-left","11":"first","12":"instock","13":"product-type-external"},"brands":[{"id":36,"name":"MAPCO","slug":"mapco"}],"_links":{"self":[{"href":"https:\/\/www.autonvaraosahaku.fi\/index.php?rest_route=\/wp\/v2\/product\/77508","targetHints":{"allow":["GET"]}}],"collection":[{"href":"https:\/\/www.autonvaraosahaku.fi\/index.php?rest_route=\/wp\/v2\/product"}],"about":[{"href":"https:\/\/www.autonvaraosahaku.fi\/index.php?rest_route=\/wp\/v2\/types\/product"}],"wp:attachment":[{"href":"https:\/\/www.autonvaraosahaku.fi\/index.php?rest_route=%2Fwp%2Fv2%2Fmedia&parent=77508"}],"wp:term":[{"taxonomy":"pwb-brand","embeddable":true,"href":"https:\/\/www.autonvaraosahaku.fi\/index.php?rest_route=%2Fwp%2Fv2%2Fpwb-brand&post=77508"},{"taxonomy":"product_cat","embeddable":true,"href":"https:\/\/www.autonvaraosahaku.fi\/index.php?rest_route=%2Fwp%2Fv2%2Fproduct_cat&post=77508"},{"taxonomy":"product_tag","embeddable":true,"href":"https:\/\/www.autonvaraosahaku.fi\/index.php?rest_route=%2Fwp%2Fv2%2Fproduct_tag&post=77508"}],"curies":[{"name":"wp","href":"https:\/\/api.w.org\/{rel}","templated":true}]}}