{"id":77512,"date":"2021-02-21T19:52:38","date_gmt":"2021-02-21T19:52:38","guid":{"rendered":"https:\/\/www.autonvaraosahaku.fi\/?product=mapco-62519-polttoainesuodatin"},"modified":"2021-02-21T19:52:39","modified_gmt":"2021-02-21T19:52:39","slug":"mapco-62519-polttoainesuodatin","status":"publish","type":"product","link":"https:\/\/www.autonvaraosahaku.fi\/?product=mapco-62519-polttoainesuodatin","title":{"rendered":"MAPCO 62519 Polttoainesuodatin"},"content":{"rendered":"<p>Suodatintyyppi: Letkusuodatin; Ulkol\u00e4pimitta 1 [mm]: 71; Sis\u00e4\u00e4ntulol\u00e4pimitta [mm]: 8; Ulostulon l\u00e4pimitta [mm]: 8; Korkeus (mm): 168; MAZDA: 323 P V BA,MX-3 EC,323 C IV BG,FAMILIA IV BF,FAMILIA V BA,FAMILIA V BG8,RX 7 II FC,121 II DB,626 III GD,FAMILIA IV BG,626 III Hatchback GD,RX 7 II Cabriolet; KIA: SEPHIA Stufenheck FA,SEPHIA FA,SEPHIA FB; 0K20120490, MZT4220490, OK20120490, B3H720490, B59513484, B6BF13480, B6BF20490, B6BF20490A, BP0113485, BP0120490A, N32620490, N32620490A, Z50113480, Z50113484, Z50120490, Z50120496, Z5Y113480<\/p>\n","protected":false},"excerpt":{"rendered":"<p>MAPCO Polttoainesuodatin 62519  MAZDA,KIA,323 P V BA,MX-3 EC,323 C IV BG,FAMILIA IV BF,FAMILIA V BA,FAMILIA V BG8,RX 7 II FC,121 II DB,626 III GD<\/p>\n","protected":false},"featured_media":0,"template":"","meta":{"site-sidebar-layout":"default","site-content-layout":"default","ast-global-header-display":"","ast-main-header-display":"","ast-hfb-above-header-display":"","ast-hfb-below-header-display":"","ast-hfb-mobile-header-display":"","site-post-title":"","ast-breadcrumbs-content":"","ast-featured-img":"","footer-sml-layout":"","theme-transparent-header-meta":"","adv-header-id-meta":"","stick-header-meta":"","header-above-stick-meta":"","header-main-stick-meta":"","header-below-stick-meta":""},"pwb-brand":[36],"product_cat":[29],"product_tag":[],"class_list":{"0":"post-77512","1":"product","2":"type-product","3":"status-publish","5":"pwb-brand-mapco","6":"product_cat-polttoainesuodatin","7":"desktop-align-left","8":"tablet-align-left","9":"mobile-align-left","11":"first","12":"instock","13":"product-type-external"},"brands":[{"id":36,"name":"MAPCO","slug":"mapco"}],"_links":{"self":[{"href":"https:\/\/www.autonvaraosahaku.fi\/index.php?rest_route=\/wp\/v2\/product\/77512","targetHints":{"allow":["GET"]}}],"collection":[{"href":"https:\/\/www.autonvaraosahaku.fi\/index.php?rest_route=\/wp\/v2\/product"}],"about":[{"href":"https:\/\/www.autonvaraosahaku.fi\/index.php?rest_route=\/wp\/v2\/types\/product"}],"wp:attachment":[{"href":"https:\/\/www.autonvaraosahaku.fi\/index.php?rest_route=%2Fwp%2Fv2%2Fmedia&parent=77512"}],"wp:term":[{"taxonomy":"pwb-brand","embeddable":true,"href":"https:\/\/www.autonvaraosahaku.fi\/index.php?rest_route=%2Fwp%2Fv2%2Fpwb-brand&post=77512"},{"taxonomy":"product_cat","embeddable":true,"href":"https:\/\/www.autonvaraosahaku.fi\/index.php?rest_route=%2Fwp%2Fv2%2Fproduct_cat&post=77512"},{"taxonomy":"product_tag","embeddable":true,"href":"https:\/\/www.autonvaraosahaku.fi\/index.php?rest_route=%2Fwp%2Fv2%2Fproduct_tag&post=77512"}],"curies":[{"name":"wp","href":"https:\/\/api.w.org\/{rel}","templated":true}]}}