{"id":77537,"date":"2021-02-21T19:52:45","date_gmt":"2021-02-21T19:52:45","guid":{"rendered":"https:\/\/www.autonvaraosahaku.fi\/?product=swag-62-92-1616-muut-luokat"},"modified":"2021-02-21T19:52:48","modified_gmt":"2021-02-21T19:52:48","slug":"swag-62-92-1616-muut-luokat","status":"publish","type":"product","link":"https:\/\/www.autonvaraosahaku.fi\/?product=swag-62-92-1616-muut-luokat","title":{"rendered":"SWAG 62 92 1616 Muut luokat"},"content":{"rendered":"<p>Paksuus [mm]: 12,0; Sis\u00e4l\u00e4pimitta [mm]: 56,2; Ulkol\u00e4pimitta [mm]: 62,0; Asennuspuoli: Taka-akseli; Paino [kg]: 0,025, 0,025; Jarrutyyppi: Trommelbremse; CITRO\u00cbN: C2 JM_,C3 I FC_,XSARA N1,C3 Pluriel HB_,XSARA Break N2,XSARA Coupe N0,AX ZA-_,ZX N2,ZX Break N2,C2 ENTERPRISE,XSARA Kasten,XSARA Kasten\/Schr\u00e4gheck; PEUGEOT: 206 Schr\u00e4gheck 2A\/C,206 CC 2D,207 SW WK_,206 SW 2E\/K,106 II 1,206+ T3E,306 Schr\u00e4gheck 7A, 7C, N3, N5,306 Cabriolet 7D, N3, N5,1007 KM_,106 I 1A, 1C,205 II 20A\/C,306 Break 7E, N3, N5,306 7B, N3, N5,205 I Cabriolet 741B, 20D,206 Stufenheck,309 II 3C, 3A,205 I 741A\/C,206 Van,106 Van 1_,309 I 10C, 10A,306 Van N_, 7_,205 Kasten,306 Kasten\/Schr\u00e4gheck; 374019, 374019<\/p>\n","protected":false},"excerpt":{"rendered":"<p>SWAG Kupu, Py\u00f6r\u00e4nlaakeri 62 92 1616  CITRO\u00cbN,PEUGEOT,C2 JM_,C3 I FC_,XSARA N1,C3 Pluriel HB_,XSARA Break N2,XSARA Coupe N0,AX ZA-_,ZX N2,ZX Break N2<\/p>\n","protected":false},"featured_media":0,"template":"","meta":{"site-sidebar-layout":"default","site-content-layout":"default","ast-global-header-display":"","ast-main-header-display":"","ast-hfb-above-header-display":"","ast-hfb-below-header-display":"","ast-hfb-mobile-header-display":"","site-post-title":"","ast-breadcrumbs-content":"","ast-featured-img":"","footer-sml-layout":"","theme-transparent-header-meta":"","adv-header-id-meta":"","stick-header-meta":"","header-above-stick-meta":"","header-main-stick-meta":"","header-below-stick-meta":""},"pwb-brand":[103],"product_cat":[37],"product_tag":[],"class_list":{"0":"post-77537","1":"product","2":"type-product","3":"status-publish","5":"pwb-brand-swag","6":"product_cat-muut-luokat","7":"desktop-align-left","8":"tablet-align-left","9":"mobile-align-left","11":"first","12":"instock","13":"product-type-external"},"brands":[{"id":103,"name":"SWAG","slug":"swag"}],"_links":{"self":[{"href":"https:\/\/www.autonvaraosahaku.fi\/index.php?rest_route=\/wp\/v2\/product\/77537","targetHints":{"allow":["GET"]}}],"collection":[{"href":"https:\/\/www.autonvaraosahaku.fi\/index.php?rest_route=\/wp\/v2\/product"}],"about":[{"href":"https:\/\/www.autonvaraosahaku.fi\/index.php?rest_route=\/wp\/v2\/types\/product"}],"wp:attachment":[{"href":"https:\/\/www.autonvaraosahaku.fi\/index.php?rest_route=%2Fwp%2Fv2%2Fmedia&parent=77537"}],"wp:term":[{"taxonomy":"pwb-brand","embeddable":true,"href":"https:\/\/www.autonvaraosahaku.fi\/index.php?rest_route=%2Fwp%2Fv2%2Fpwb-brand&post=77537"},{"taxonomy":"product_cat","embeddable":true,"href":"https:\/\/www.autonvaraosahaku.fi\/index.php?rest_route=%2Fwp%2Fv2%2Fproduct_cat&post=77537"},{"taxonomy":"product_tag","embeddable":true,"href":"https:\/\/www.autonvaraosahaku.fi\/index.php?rest_route=%2Fwp%2Fv2%2Fproduct_tag&post=77537"}],"curies":[{"name":"wp","href":"https:\/\/api.w.org\/{rel}","templated":true}]}}