{"id":77541,"date":"2021-02-21T19:52:45","date_gmt":"2021-02-21T19:52:45","guid":{"rendered":"https:\/\/www.autonvaraosahaku.fi\/?product=febi-bilstein-27215-kampiakselin-hihnapyora"},"modified":"2021-02-21T19:52:49","modified_gmt":"2021-02-21T19:52:49","slug":"febi-bilstein-27215-kampiakselin-hihnapyora","status":"publish","type":"product","link":"https:\/\/www.autonvaraosahaku.fi\/?product=febi-bilstein-27215-kampiakselin-hihnapyora","title":{"rendered":"FEBI BILSTEIN 27215 Kampiakselin hihnapy\u00f6r\u00e4"},"content":{"rendered":"<p>Paksuus [mm]: 35,0; Sis\u00e4l\u00e4pimitta [mm]: 35,0; Ulkol\u00e4pimitta [mm]: 180,0; Paino [kg]: 2,06; kiiloja: 5, 5; Tunnusluku: 6PK, 6PK; Huomioi tekniset tiedot: ; SAAB: 9-3 YS3F,9-5 Kombi YS3E,9-3 YS3D,9-5 YS3E; OPEL: ZAFIRA A F75_,ASTRA G CC F48_, F08_,ASTRA G Caravan F35_,VECTRA C Caravan,SIGNUM,VECTRA C,VECTRA B 36_,OMEGA B Caravan 21_, 22_, 23_,OMEGA B 25_, 26_, 27_,VECTRA C GTS,VECTRA B Caravan 31_,ASTRA G Cabriolet F67,FRONTERA B 6B_,ASTRA G Coupe F07_,ASTRA G Stufenheck F69_,VECTRA B CC 38_,SINTRA,ASTRA G Kasten F70; VAUXHALL: VECTRA Mk II C CC,ZAFIRA Mk I A F75,VECTRA Mk II C Estate,ASTRA Mk IV G CC,VECTRA Mk II C,FRONTERA Mk II B,SIGNUM,OMEGA B,ASTRA Mk IV G Sedan,VECTRA B CC,VECTRA B Estate,VECTRA B,ASTRAVAN Mk IV G,OMEGA B Estate,ASTRA Mk IV G Estate; 00614411, 05614415, 05614437, 0614411, 09128177, 5614415, 5614437, 614411, 9128177, 4772901, 55351711, 9128177, 9544461, 009128177, 055351711, 090528648, 09128177, 55351711, 90528648, 9128177; Hihnapy\u00f6r\u00e4, Kampiakseli<\/p>\n","protected":false},"excerpt":{"rendered":"<p>FEBI BILSTEIN Kampiakselin Hihnapy\u00f6r\u00e4 27215 Hihnapy\u00f6r\u00e4, Kampiakseli SAAB,OPEL,VAUXHALL,9-3 YS3F,9-5 Kombi YS3E,9-3 YS3D,9-5 YS3E,ZAFIRA A F75_<\/p>\n","protected":false},"featured_media":0,"template":"","meta":{"site-sidebar-layout":"default","site-content-layout":"default","ast-global-header-display":"","ast-main-header-display":"","ast-hfb-above-header-display":"","ast-hfb-below-header-display":"","ast-hfb-mobile-header-display":"","site-post-title":"","ast-breadcrumbs-content":"","ast-featured-img":"","footer-sml-layout":"","theme-transparent-header-meta":"","adv-header-id-meta":"","stick-header-meta":"","header-above-stick-meta":"","header-main-stick-meta":"","header-below-stick-meta":""},"pwb-brand":[50],"product_cat":[219],"product_tag":[],"class_list":{"0":"post-77541","1":"product","2":"type-product","3":"status-publish","5":"pwb-brand-febi-bilstein","6":"product_cat-kampiakselin-hihnapyora","7":"desktop-align-left","8":"tablet-align-left","9":"mobile-align-left","11":"first","12":"instock","13":"product-type-external"},"brands":[{"id":50,"name":"FEBI BILSTEIN","slug":"febi-bilstein"}],"_links":{"self":[{"href":"https:\/\/www.autonvaraosahaku.fi\/index.php?rest_route=\/wp\/v2\/product\/77541","targetHints":{"allow":["GET"]}}],"collection":[{"href":"https:\/\/www.autonvaraosahaku.fi\/index.php?rest_route=\/wp\/v2\/product"}],"about":[{"href":"https:\/\/www.autonvaraosahaku.fi\/index.php?rest_route=\/wp\/v2\/types\/product"}],"wp:attachment":[{"href":"https:\/\/www.autonvaraosahaku.fi\/index.php?rest_route=%2Fwp%2Fv2%2Fmedia&parent=77541"}],"wp:term":[{"taxonomy":"pwb-brand","embeddable":true,"href":"https:\/\/www.autonvaraosahaku.fi\/index.php?rest_route=%2Fwp%2Fv2%2Fpwb-brand&post=77541"},{"taxonomy":"product_cat","embeddable":true,"href":"https:\/\/www.autonvaraosahaku.fi\/index.php?rest_route=%2Fwp%2Fv2%2Fproduct_cat&post=77541"},{"taxonomy":"product_tag","embeddable":true,"href":"https:\/\/www.autonvaraosahaku.fi\/index.php?rest_route=%2Fwp%2Fv2%2Fproduct_tag&post=77541"}],"curies":[{"name":"wp","href":"https:\/\/api.w.org\/{rel}","templated":true}]}}