{"id":77549,"date":"2021-02-21T19:52:45","date_gmt":"2021-02-21T19:52:45","guid":{"rendered":"https:\/\/www.autonvaraosahaku.fi\/?product=swag-40-93-1118-kierretulppa"},"modified":"2021-02-21T19:52:51","modified_gmt":"2021-02-21T19:52:51","slug":"swag-40-93-1118-kierretulppa","status":"publish","type":"product","link":"https:\/\/www.autonvaraosahaku.fi\/?product=swag-40-93-1118-kierretulppa","title":{"rendered":"SWAG 40 93 1118 Kierretulppa"},"content":{"rendered":"<p>Paksuus [mm]: 2,5; Sis\u00e4l\u00e4pimitta [mm]: 18,5; Ulkol\u00e4pimitta [mm]: 26,0; Pinta: Sinkitetty, Sinkitetty; Paino [kg]: 0,005, 0,005; Moottorinumero: 198A3000; CHEVROLET: MALIBU V300; JEEP: RENEGADE Gel\u00e4ndewagen geschlossen BU; SAAB: 9-3 YS3F,9-5 Kombi YS3E,9-3 Kombi YS3F,9-5 YS3E,9-3 Cabriolet YS3F,9-5 YS3G; SUZUKI: VITARA LY; OPEL: ZAFIRA B A05,ASTRA H Caravan L35,ASTRA H L48,ASTRA J Sports Tourer,INSIGNIA Caravan,VECTRA C Caravan,ASTRA J,ASTRA H GTC L08,SIGNUM,VECTRA C,VECTRA C GTS,ASTRA H TwinTop L67,INSIGNIA,INSIGNIA Stufenheck,ASTRA GTC J,CASCADA W13,ASTRA H Kasten L70; LANCIA: DELTA III 844,MUSA 350; FIAT: GRANDE PUNTO 199,PUNTO 188,DUCATO Kasten 250,BRAVO II 198,DUCATO Pritsche\/Fahrgestell 250,FREEMONT JF_,PUNTO EVO 199,DUCATO Bus 250,CROMA 194,DOBLO Kasten\/Kombi 263,IDEA,SEDICI,PUNTO Van 188AX,LINEA 323,DOBLO Pritsche\/Fahrgestell 263; ALFA ROMEO: 159 Sportwagon 939,GIULIETTA 940,MITO 955,159 939,BRERA,SPIDER 939; VAUXHALL: INSIGNIA Mk I A,ZAFIRA Mk II B M75,ASTRA Mk V H CC,VECTRA Mk II C CC,INSIGNIA Mk I A Estate,ASTRA Mk V H Estate,VECTRA Mk II C Estate,ASTRA Mk V H Convertible,VECTRA Mk II C,ASTRA Mk VI J CC,INSIGNIA Mk I A Sedan,ASTRA Mk VI J,SIGNUM,ASTRA Mk VI J Estate; 10261660, 55196309, 60809200, 55196309, 10261660, 55196309, 60809200, 55196309, 10261660, 55196309, 60809200, 00652259, 00652543, 00652554, 0652259, 0652543, 0652554, 652259, 652543, 652554, 93178360, 93183670, 1399679J50, 055196309, 093178360, 093183670, 55196309, 93178360, 93183670; Tiiviste, \u00d6ljynlaskutulppa<\/p>\n","protected":false},"excerpt":{"rendered":"<p>SWAG \u00d6ljytulpan Tiiviste 40 93 1118 Tiiviste, \u00d6ljynlaskutulppa CHEVROLET,JEEP,SAAB,MALIBU V300,RENEGADE Gel\u00e4ndewagen geschlossen BU,9-3 YS3F<\/p>\n","protected":false},"featured_media":0,"template":"","meta":{"site-sidebar-layout":"default","site-content-layout":"default","ast-global-header-display":"","ast-main-header-display":"","ast-hfb-above-header-display":"","ast-hfb-below-header-display":"","ast-hfb-mobile-header-display":"","site-post-title":"","ast-breadcrumbs-content":"","ast-featured-img":"","footer-sml-layout":"","theme-transparent-header-meta":"","adv-header-id-meta":"","stick-header-meta":"","header-above-stick-meta":"","header-main-stick-meta":"","header-below-stick-meta":""},"pwb-brand":[103],"product_cat":[40],"product_tag":[],"class_list":{"0":"post-77549","1":"product","2":"type-product","3":"status-publish","5":"pwb-brand-swag","6":"product_cat-kierretulppa","7":"desktop-align-left","8":"tablet-align-left","9":"mobile-align-left","11":"first","12":"instock","13":"product-type-external"},"brands":[{"id":103,"name":"SWAG","slug":"swag"}],"_links":{"self":[{"href":"https:\/\/www.autonvaraosahaku.fi\/index.php?rest_route=\/wp\/v2\/product\/77549","targetHints":{"allow":["GET"]}}],"collection":[{"href":"https:\/\/www.autonvaraosahaku.fi\/index.php?rest_route=\/wp\/v2\/product"}],"about":[{"href":"https:\/\/www.autonvaraosahaku.fi\/index.php?rest_route=\/wp\/v2\/types\/product"}],"wp:attachment":[{"href":"https:\/\/www.autonvaraosahaku.fi\/index.php?rest_route=%2Fwp%2Fv2%2Fmedia&parent=77549"}],"wp:term":[{"taxonomy":"pwb-brand","embeddable":true,"href":"https:\/\/www.autonvaraosahaku.fi\/index.php?rest_route=%2Fwp%2Fv2%2Fpwb-brand&post=77549"},{"taxonomy":"product_cat","embeddable":true,"href":"https:\/\/www.autonvaraosahaku.fi\/index.php?rest_route=%2Fwp%2Fv2%2Fproduct_cat&post=77549"},{"taxonomy":"product_tag","embeddable":true,"href":"https:\/\/www.autonvaraosahaku.fi\/index.php?rest_route=%2Fwp%2Fv2%2Fproduct_tag&post=77549"}],"curies":[{"name":"wp","href":"https:\/\/api.w.org\/{rel}","templated":true}]}}