{"id":77569,"date":"2021-02-21T19:52:52","date_gmt":"2021-02-21T19:52:52","guid":{"rendered":"https:\/\/www.autonvaraosahaku.fi\/?product=hengst-filter-h96w03-oljynsuodatin"},"modified":"2021-02-21T19:52:58","modified_gmt":"2021-02-21T19:52:58","slug":"hengst-filter-h96w03-oljynsuodatin","status":"publish","type":"product","link":"https:\/\/www.autonvaraosahaku.fi\/?product=hengst-filter-h96w03-oljynsuodatin","title":{"rendered":"HENGST FILTER H96W03 \u00d6ljynsuodatin"},"content":{"rendered":"<p>Suodatintyyppi: Ruuvattava suodatin; Ulkol\u00e4pimitta [mm]: 104,0; Tiivisteen l\u00e4pimitta [mm]: 71,5; Liitinkierre: M26x1,5; Korkeus (mm): 152,0; JAGUAR: E-TYPE Convertible; MITSUBISHI: PAJERO PININ H6_W, H7_W,PAJERO III V7_W, V6_W,PAJERO IV V8_W, V9_W,L 200 K7_T, K6_T,PAJERO II V3_W, V2_W, V4_W,PAJERO IV Van V90, V80,PAJERO II V3_W,PAJERO III Gel\u00e4ndewagen offen V6_W, V7_W,PAJERO SPORT II KH_, KG_,Canter (FB7, FB8, FE7, FE8) 7.Generation,Canter (FE5, FE6) 6.Generation; ASTON MARTIN: DB7 Vantage; TALBOT: SIMCA 1301 Tourisme; 4001800212, A4001800212, QME013343, 1230A046, 1230A154, ME013307, ME013343, ME202472, ME215002, ME228898<\/p>\n","protected":false},"excerpt":{"rendered":"<p>HENGST FILTER \u00d6ljynsuodatin H96W03  JAGUAR,MITSUBISHI,ASTON MARTIN,E-TYPE Convertible,PAJERO PININ H6_W, H7_W,PAJERO III V7_W, V6_W<\/p>\n","protected":false},"featured_media":0,"template":"","meta":{"site-sidebar-layout":"default","site-content-layout":"default","ast-global-header-display":"","ast-main-header-display":"","ast-hfb-above-header-display":"","ast-hfb-below-header-display":"","ast-hfb-mobile-header-display":"","site-post-title":"","ast-breadcrumbs-content":"","ast-featured-img":"","footer-sml-layout":"","theme-transparent-header-meta":"","adv-header-id-meta":"","stick-header-meta":"","header-above-stick-meta":"","header-main-stick-meta":"","header-below-stick-meta":""},"pwb-brand":[336],"product_cat":[30],"product_tag":[],"class_list":{"0":"post-77569","1":"product","2":"type-product","3":"status-publish","5":"pwb-brand-hengst-filter","6":"product_cat-oljynsuodatin","7":"desktop-align-left","8":"tablet-align-left","9":"mobile-align-left","11":"first","12":"instock","13":"product-type-external"},"brands":[{"id":336,"name":"HENGST FILTER","slug":"hengst-filter"}],"_links":{"self":[{"href":"https:\/\/www.autonvaraosahaku.fi\/index.php?rest_route=\/wp\/v2\/product\/77569","targetHints":{"allow":["GET"]}}],"collection":[{"href":"https:\/\/www.autonvaraosahaku.fi\/index.php?rest_route=\/wp\/v2\/product"}],"about":[{"href":"https:\/\/www.autonvaraosahaku.fi\/index.php?rest_route=\/wp\/v2\/types\/product"}],"wp:attachment":[{"href":"https:\/\/www.autonvaraosahaku.fi\/index.php?rest_route=%2Fwp%2Fv2%2Fmedia&parent=77569"}],"wp:term":[{"taxonomy":"pwb-brand","embeddable":true,"href":"https:\/\/www.autonvaraosahaku.fi\/index.php?rest_route=%2Fwp%2Fv2%2Fpwb-brand&post=77569"},{"taxonomy":"product_cat","embeddable":true,"href":"https:\/\/www.autonvaraosahaku.fi\/index.php?rest_route=%2Fwp%2Fv2%2Fproduct_cat&post=77569"},{"taxonomy":"product_tag","embeddable":true,"href":"https:\/\/www.autonvaraosahaku.fi\/index.php?rest_route=%2Fwp%2Fv2%2Fproduct_tag&post=77569"}],"curies":[{"name":"wp","href":"https:\/\/api.w.org\/{rel}","templated":true}]}}