{"id":77597,"date":"2021-02-21T19:53:07","date_gmt":"2021-02-21T19:53:07","guid":{"rendered":"https:\/\/www.autonvaraosahaku.fi\/?product=vaico-v30-7467-alatukivarsi"},"modified":"2021-02-21T19:53:09","modified_gmt":"2021-02-21T19:53:09","slug":"vaico-v30-7467-alatukivarsi","status":"publish","type":"product","link":"https:\/\/www.autonvaraosahaku.fi\/?product=vaico-v30-7467-alatukivarsi","title":{"rendered":"VAICO V30-7467 Alatukivarsi"},"content":{"rendered":"<p>Ohjausmalli: Poikittaistukivarsi; Kierremitta: M14x1,5; Asennuspuoli: Etuakseli, oikea, Vorderachse; Korvaava tuote\/korvaava tiedote 2: Kumilaakerilla; Materiaali: Ter\u00e4slevy; Leveys (mm): 370; Akselimittaus asennuksen j\u00e4lkeen: ; Suositellun erikoisty\u00f6kalun tuotenumero: V99-1020; parilliset tuotenumerot: V30-7466; Paino [kg]: 4,224; Pakkausleveys [cm]: 37,5; Pakkauskorkeus [mm]: 35,8; Pakkaussyvyys [cm]: 9; lis\u00e4tieto: CST99; MERCEDES-BENZ: A-CLASS W169,B-CLASS W245; 1693300607, 1693300807, 1693301007, A1693300607, A1693300807, A1693301007; Tukivarsi,Tukivarsi, Py\u00f6r\u00e4ntuenta<\/p>\n","protected":false},"excerpt":{"rendered":"<p>VAICO Alatukivarsi V30-7467 Tukivarsi,Tukivarsi, Py\u00f6r\u00e4ntuenta MERCEDES-BENZ,A-CLASS W169,B-CLASS W245<\/p>\n","protected":false},"featured_media":0,"template":"","meta":{"site-sidebar-layout":"default","site-content-layout":"default","ast-global-header-display":"","ast-main-header-display":"","ast-hfb-above-header-display":"","ast-hfb-below-header-display":"","ast-hfb-mobile-header-display":"","site-post-title":"","ast-breadcrumbs-content":"","ast-featured-img":"","footer-sml-layout":"","theme-transparent-header-meta":"","adv-header-id-meta":"","stick-header-meta":"","header-above-stick-meta":"","header-main-stick-meta":"","header-below-stick-meta":""},"pwb-brand":[330],"product_cat":[62],"product_tag":[],"class_list":{"0":"post-77597","1":"product","2":"type-product","3":"status-publish","5":"pwb-brand-vaico","6":"product_cat-alatukivarsi","7":"desktop-align-left","8":"tablet-align-left","9":"mobile-align-left","11":"first","12":"instock","13":"product-type-external"},"brands":[{"id":330,"name":"VAICO","slug":"vaico"}],"_links":{"self":[{"href":"https:\/\/www.autonvaraosahaku.fi\/index.php?rest_route=\/wp\/v2\/product\/77597","targetHints":{"allow":["GET"]}}],"collection":[{"href":"https:\/\/www.autonvaraosahaku.fi\/index.php?rest_route=\/wp\/v2\/product"}],"about":[{"href":"https:\/\/www.autonvaraosahaku.fi\/index.php?rest_route=\/wp\/v2\/types\/product"}],"wp:attachment":[{"href":"https:\/\/www.autonvaraosahaku.fi\/index.php?rest_route=%2Fwp%2Fv2%2Fmedia&parent=77597"}],"wp:term":[{"taxonomy":"pwb-brand","embeddable":true,"href":"https:\/\/www.autonvaraosahaku.fi\/index.php?rest_route=%2Fwp%2Fv2%2Fpwb-brand&post=77597"},{"taxonomy":"product_cat","embeddable":true,"href":"https:\/\/www.autonvaraosahaku.fi\/index.php?rest_route=%2Fwp%2Fv2%2Fproduct_cat&post=77597"},{"taxonomy":"product_tag","embeddable":true,"href":"https:\/\/www.autonvaraosahaku.fi\/index.php?rest_route=%2Fwp%2Fv2%2Fproduct_tag&post=77597"}],"curies":[{"name":"wp","href":"https:\/\/api.w.org\/{rel}","templated":true}]}}