{"id":77611,"date":"2021-02-21T19:53:14","date_gmt":"2021-02-21T19:53:14","guid":{"rendered":"https:\/\/www.autonvaraosahaku.fi\/?product=vaico-v30-0803-ilmansuodatin"},"modified":"2021-02-21T19:53:15","modified_gmt":"2021-02-21T19:53:15","slug":"vaico-v30-0803-ilmansuodatin","status":"publish","type":"product","link":"https:\/\/www.autonvaraosahaku.fi\/?product=vaico-v30-0803-ilmansuodatin","title":{"rendered":"VAICO V30-0803 Ilmansuodatin"},"content":{"rendered":"<p>Korkeus (mm): 129; Ulkol\u00e4pimitta [mm]: 195; Sis\u00e4l\u00e4pimitta [mm]: 120; Sis\u00e4l\u00e4pimitta 1 [mm]: 120; Paino [kg]: 0,64; Pakkausleveys [cm]: 20; Pakkauskorkeus [mm]: 14,3; Pakkaussyvyys [cm]: 22,5; lis\u00e4tieto: CST99; Valmistusvuoteen: 02\/1968; MERCEDES-BENZ: S-CLASS W108, W109,HECKFLOSSE W111, W112; JAGUAR: E-TYPE Convertible,E-TYPE,E-TYPE 2+2; 0000940204, 0000945704, 0000948104, 0000949904, 0010940204, A0000940204, A0000945704, A0000948104, A0000949904, A0010940204<\/p>\n","protected":false},"excerpt":{"rendered":"<p>VAICO Ilmansuodatin V30-0803  MERCEDES-BENZ,JAGUAR,S-CLASS W108, W109,HECKFLOSSE W111, W112,E-TYPE Convertible,E-TYPE,E-TYPE 2+2<\/p>\n","protected":false},"featured_media":0,"template":"","meta":{"site-sidebar-layout":"default","site-content-layout":"default","ast-global-header-display":"","ast-main-header-display":"","ast-hfb-above-header-display":"","ast-hfb-below-header-display":"","ast-hfb-mobile-header-display":"","site-post-title":"","ast-breadcrumbs-content":"","ast-featured-img":"","footer-sml-layout":"","theme-transparent-header-meta":"","adv-header-id-meta":"","stick-header-meta":"","header-above-stick-meta":"","header-main-stick-meta":"","header-below-stick-meta":""},"pwb-brand":[330],"product_cat":[31],"product_tag":[],"class_list":{"0":"post-77611","1":"product","2":"type-product","3":"status-publish","5":"pwb-brand-vaico","6":"product_cat-ilmansuodatin","7":"desktop-align-left","8":"tablet-align-left","9":"mobile-align-left","11":"first","12":"instock","13":"product-type-external"},"brands":[{"id":330,"name":"VAICO","slug":"vaico"}],"_links":{"self":[{"href":"https:\/\/www.autonvaraosahaku.fi\/index.php?rest_route=\/wp\/v2\/product\/77611","targetHints":{"allow":["GET"]}}],"collection":[{"href":"https:\/\/www.autonvaraosahaku.fi\/index.php?rest_route=\/wp\/v2\/product"}],"about":[{"href":"https:\/\/www.autonvaraosahaku.fi\/index.php?rest_route=\/wp\/v2\/types\/product"}],"wp:attachment":[{"href":"https:\/\/www.autonvaraosahaku.fi\/index.php?rest_route=%2Fwp%2Fv2%2Fmedia&parent=77611"}],"wp:term":[{"taxonomy":"pwb-brand","embeddable":true,"href":"https:\/\/www.autonvaraosahaku.fi\/index.php?rest_route=%2Fwp%2Fv2%2Fpwb-brand&post=77611"},{"taxonomy":"product_cat","embeddable":true,"href":"https:\/\/www.autonvaraosahaku.fi\/index.php?rest_route=%2Fwp%2Fv2%2Fproduct_cat&post=77611"},{"taxonomy":"product_tag","embeddable":true,"href":"https:\/\/www.autonvaraosahaku.fi\/index.php?rest_route=%2Fwp%2Fv2%2Fproduct_tag&post=77611"}],"curies":[{"name":"wp","href":"https:\/\/api.w.org\/{rel}","templated":true}]}}