{"id":77638,"date":"2021-02-21T19:53:21","date_gmt":"2021-02-21T19:53:21","guid":{"rendered":"https:\/\/www.autonvaraosahaku.fi\/?product=vegaz-td-101-pakosarjan-tiivisteet"},"modified":"2021-02-21T19:53:24","modified_gmt":"2021-02-21T19:53:24","slug":"vegaz-td-101-pakosarjan-tiivisteet","status":"publish","type":"product","link":"https:\/\/www.autonvaraosahaku.fi\/?product=vegaz-td-101-pakosarjan-tiivisteet","title":{"rendered":"VEGAZ TD-101 Pakosarjan tiivisteet"},"content":{"rendered":"<p>Korkeus (mm): 5; Materiaali: Ter\u00e4s; Sis\u00e4l\u00e4pimitta [mm]: 44; Ulkol\u00e4pimitta [mm]: 57; Muoto: O-rengas; Paksuus [mm]: 6; Asennuspuoli: Eingang; VW: TARO; MAZDA: 323 P V BA,FAMILIA V BA,FAMILIA V BG8; DAIHATSU: TERIOS J1,HIJET Kasten S85,FEROZA Soft Top F300,SPORTRAK F300,FOURTRAK F7, F8,ROCKY Soft Top F7, F8,HIJET Bus S85,WILDCAT\/ROCKY F70,HIJET Pick-up _U60,WILDCAT\/ROCKY F75; OPEL: CORSA B 73_, 78_, 79_,CORSA A CC 93_, 94_, 98_, 99_,COMBO 71_,CORSA A TR 91_, 92_, 96_, 97_,CORSA B Kasten 73_,CORSA B Kombi F35,CORSA A Kasten; TOYOTA: RAV 4 II CLA2_, XA2_, ZCA2_, ACA2_,AVENSIS _T22_,COROLLA Liftback _E11_,COROLLA Compact _E11_,AVENSIS Station Wagon _T22_,AVENSIS Liftback _T22_,SUPRA JZA70_, GA70_, MA70,STARLET _P8_,PASEO Coupe EL54,COROLLA Compact _E10_,CARINA E _T19_,LAND CRUISER PZJ7_, KZJ7_, HZJ7_, BJ7_, LJ7_, RJ7_,CELICA ST20_, AT20_,COROLLA _E11_,CARINA E Stufenheck _T19_,CELICA Coupe AT18_, ST18_,COROLLA Wagon __E11_,CARINA E Sportswagon _T19_,LAND CRUISER _J6_,STARLET _P7_,HILUX V Pick-up LN_, KZN1_, VZN1_,COROLLA Liftback _E10_,COROLLA Liftback _E9_,MR 2 I AW1_,PASEO Cabriolet EL54,CARINA II _T17_,CAMRY _CV1_, _XV1_, _V1_,CARINA II Stufenheck _T17_,COROLLA Compact _E9_,HILUX IV Pick-up _N5_, _N6_,COROLLA Coupe AE86,CELICA Liftback ST16_, AT16_,CAMRY Station Wagon _XV1_, _CV1_, _V10,COROLLA Wagon _E10_,CAMRY _V2_,COROLLA Station Wagon _E9_,COROLLA _E9_,CELICA Coupe _A6_,COROLLA Liftback _E8_,CARINA II Station Wagon _T17_,COROLLA FX Compact E8B,LITEACE Bus CM30_G, KM30_G,CELICA Cabriolet ST16; PIAGGIO: PORTER Pritsche\/Fahrgestell,PORTER Kasten; 9091706004, 9091706004, 9091706004, 9091706004, 9091706020, 9091706039, 9091706044, 9091706048, 9091706061, 9091706074, J9091706004<\/p>\n","protected":false},"excerpt":{"rendered":"<p>VEGAZ Tiivisterengas, Pakoputki TD-101  VW,MAZDA,DAIHATSU,TARO,323 P V BA,FAMILIA V BA,FAMILIA V BG8,TERIOS J1,HIJET Kasten S85,FEROZA Soft Top F300<\/p>\n","protected":false},"featured_media":0,"template":"","meta":{"site-sidebar-layout":"default","site-content-layout":"default","ast-global-header-display":"","ast-main-header-display":"","ast-hfb-above-header-display":"","ast-hfb-below-header-display":"","ast-hfb-mobile-header-display":"","site-post-title":"","ast-breadcrumbs-content":"","ast-featured-img":"","footer-sml-layout":"","theme-transparent-header-meta":"","adv-header-id-meta":"","stick-header-meta":"","header-above-stick-meta":"","header-main-stick-meta":"","header-below-stick-meta":""},"pwb-brand":[306],"product_cat":[123],"product_tag":[],"class_list":{"0":"post-77638","1":"product","2":"type-product","3":"status-publish","5":"pwb-brand-vegaz","6":"product_cat-pakosarjan-tiivisteet","7":"desktop-align-left","8":"tablet-align-left","9":"mobile-align-left","11":"first","12":"instock","13":"product-type-external"},"brands":[{"id":306,"name":"VEGAZ","slug":"vegaz"}],"_links":{"self":[{"href":"https:\/\/www.autonvaraosahaku.fi\/index.php?rest_route=\/wp\/v2\/product\/77638","targetHints":{"allow":["GET"]}}],"collection":[{"href":"https:\/\/www.autonvaraosahaku.fi\/index.php?rest_route=\/wp\/v2\/product"}],"about":[{"href":"https:\/\/www.autonvaraosahaku.fi\/index.php?rest_route=\/wp\/v2\/types\/product"}],"wp:attachment":[{"href":"https:\/\/www.autonvaraosahaku.fi\/index.php?rest_route=%2Fwp%2Fv2%2Fmedia&parent=77638"}],"wp:term":[{"taxonomy":"pwb-brand","embeddable":true,"href":"https:\/\/www.autonvaraosahaku.fi\/index.php?rest_route=%2Fwp%2Fv2%2Fpwb-brand&post=77638"},{"taxonomy":"product_cat","embeddable":true,"href":"https:\/\/www.autonvaraosahaku.fi\/index.php?rest_route=%2Fwp%2Fv2%2Fproduct_cat&post=77638"},{"taxonomy":"product_tag","embeddable":true,"href":"https:\/\/www.autonvaraosahaku.fi\/index.php?rest_route=%2Fwp%2Fv2%2Fproduct_tag&post=77638"}],"curies":[{"name":"wp","href":"https:\/\/api.w.org\/{rel}","templated":true}]}}