{"id":77651,"date":"2021-02-21T19:53:29","date_gmt":"2021-02-21T19:53:29","guid":{"rendered":"https:\/\/www.autonvaraosahaku.fi\/?product=trw-gdb1502-jarrupalat"},"modified":"2021-02-21T19:53:29","modified_gmt":"2021-02-21T19:53:29","slug":"trw-gdb1502-jarrupalat","status":"publish","type":"product","link":"https:\/\/www.autonvaraosahaku.fi\/?product=trw-gdb1502-jarrupalat","title":{"rendered":"TRW GDB1502 Jarrupalat"},"content":{"rendered":"<p>Valmistaja rajaus: ATE; Kulumisenilmaisimen liitos: Kulumisenilmaisemelle; Tarkistuskilpi: E9 90R &#8211; 01120\/609; Korkeus (mm): 68; Pituus (mm): 139,7; Paksuus [mm]: 16,8; Huomioi tekniset tiedot: ; M\u00e4\u00e4r\u00e4yksikk\u00f6: Akselisarja; Tuotelinja: COTEC; Asennuspuoli: Hinterachse; BMW: 3 E90,5 E60,5 Touring E61,X5 E70,3 Coupe E92,3 Cabriolet E93,7 E65, E66, E67,1 Coupe E82,X6 E71, E72,6 E63,X5 F15, F85,6 Cabriolet E64,X6 F16, F86; BENTLEY: CONTINENTAL Coupe 3W_,ARNAGE RBS_,CONTINENTAL FLYING SPUR 3W_,CONTINENTAL,AZURE; ROLLS-ROYCE: PHANTOM VII Coupe RR3; 0301476, 0403290, 2283366, 2284296, 2284685, 2339291, 2339292, 301476, 34110301476, 34116763305, 34210403290, 34212283366, 34212284296, 34212284685, 34212339291, 34212339292, 34216757536, 34216761286, 34216763012, 34216763305, 34216768471, 34216793025, 403290, 6757536, 6761286, 6763012, 6763305, 6768471, 6793025, 301476, 34110301476, 34116763305, 34210403290, 34216757536, 34216761286, 34216768471, 403290, 6757536, 6761286, 6763305, 6768471; Jarrupalasarja,Jarrupala, Levyjarru<\/p>\n","protected":false},"excerpt":{"rendered":"<p>TRW Jarrupalat GDB1502 Jarrupalasarja,Jarrupala, Levyjarru BMW,BENTLEY,ROLLS-ROYCE,3 E90,5 E60,5 Touring E61,X5 E70,3 Coupe E92,3 Cabriolet E93<\/p>\n","protected":false},"featured_media":0,"template":"","meta":{"site-sidebar-layout":"default","site-content-layout":"default","ast-global-header-display":"","ast-main-header-display":"","ast-hfb-above-header-display":"","ast-hfb-below-header-display":"","ast-hfb-mobile-header-display":"","site-post-title":"","ast-breadcrumbs-content":"","ast-featured-img":"","footer-sml-layout":"","theme-transparent-header-meta":"","adv-header-id-meta":"","stick-header-meta":"","header-above-stick-meta":"","header-main-stick-meta":"","header-below-stick-meta":""},"pwb-brand":[332],"product_cat":[100],"product_tag":[],"class_list":{"0":"post-77651","1":"product","2":"type-product","3":"status-publish","5":"pwb-brand-trw","6":"product_cat-jarrupalat","7":"desktop-align-left","8":"tablet-align-left","9":"mobile-align-left","11":"first","12":"instock","13":"product-type-external"},"brands":[{"id":332,"name":"TRW","slug":"trw"}],"_links":{"self":[{"href":"https:\/\/www.autonvaraosahaku.fi\/index.php?rest_route=\/wp\/v2\/product\/77651","targetHints":{"allow":["GET"]}}],"collection":[{"href":"https:\/\/www.autonvaraosahaku.fi\/index.php?rest_route=\/wp\/v2\/product"}],"about":[{"href":"https:\/\/www.autonvaraosahaku.fi\/index.php?rest_route=\/wp\/v2\/types\/product"}],"wp:attachment":[{"href":"https:\/\/www.autonvaraosahaku.fi\/index.php?rest_route=%2Fwp%2Fv2%2Fmedia&parent=77651"}],"wp:term":[{"taxonomy":"pwb-brand","embeddable":true,"href":"https:\/\/www.autonvaraosahaku.fi\/index.php?rest_route=%2Fwp%2Fv2%2Fpwb-brand&post=77651"},{"taxonomy":"product_cat","embeddable":true,"href":"https:\/\/www.autonvaraosahaku.fi\/index.php?rest_route=%2Fwp%2Fv2%2Fproduct_cat&post=77651"},{"taxonomy":"product_tag","embeddable":true,"href":"https:\/\/www.autonvaraosahaku.fi\/index.php?rest_route=%2Fwp%2Fv2%2Fproduct_tag&post=77651"}],"curies":[{"name":"wp","href":"https:\/\/api.w.org\/{rel}","templated":true}]}}