{"id":77656,"date":"2021-02-21T19:53:29","date_gmt":"2021-02-21T19:53:29","guid":{"rendered":"https:\/\/www.autonvaraosahaku.fi\/?product=japanparts-cy-099-kytkimen-tyosylinteri"},"modified":"2021-02-21T19:53:31","modified_gmt":"2021-02-21T19:53:31","slug":"japanparts-cy-099-kytkimen-tyosylinteri","status":"publish","type":"product","link":"https:\/\/www.autonvaraosahaku.fi\/?product=japanparts-cy-099-kytkimen-tyosylinteri","title":{"rendered":"JAPANPARTS CY-099 Kytkimen ty\u00f6sylinteri"},"content":{"rendered":"<p>Reik\u00e4-\u00d8 1 [mm]: 23; Kiinnityrreikien et\u00e4isyys [mm]: 55; Sis\u00e4kierre (mm): 10; kierrereiki\u00e4 [kpl]: 1; JEEP: CHEROKEE XJ; 74661044; Ty\u00f6sylinteri, Kytkin<\/p>\n","protected":false},"excerpt":{"rendered":"<p>JAPANPARTS Kytkimen Ty\u00f6sylinteri CY-099 Ty\u00f6sylinteri, Kytkin JEEP,CHEROKEE XJ<\/p>\n","protected":false},"featured_media":0,"template":"","meta":{"site-sidebar-layout":"default","site-content-layout":"default","ast-global-header-display":"","ast-main-header-display":"","ast-hfb-above-header-display":"","ast-hfb-below-header-display":"","ast-hfb-mobile-header-display":"","site-post-title":"","ast-breadcrumbs-content":"","ast-featured-img":"","footer-sml-layout":"","theme-transparent-header-meta":"","adv-header-id-meta":"","stick-header-meta":"","header-above-stick-meta":"","header-main-stick-meta":"","header-below-stick-meta":""},"pwb-brand":[334],"product_cat":[310],"product_tag":[],"class_list":{"0":"post-77656","1":"product","2":"type-product","3":"status-publish","5":"pwb-brand-japanparts","6":"product_cat-kytkimen-tyosylinteri","7":"desktop-align-left","8":"tablet-align-left","9":"mobile-align-left","11":"first","12":"instock","13":"product-type-external"},"brands":[{"id":334,"name":"JAPANPARTS","slug":"japanparts"}],"_links":{"self":[{"href":"https:\/\/www.autonvaraosahaku.fi\/index.php?rest_route=\/wp\/v2\/product\/77656","targetHints":{"allow":["GET"]}}],"collection":[{"href":"https:\/\/www.autonvaraosahaku.fi\/index.php?rest_route=\/wp\/v2\/product"}],"about":[{"href":"https:\/\/www.autonvaraosahaku.fi\/index.php?rest_route=\/wp\/v2\/types\/product"}],"wp:attachment":[{"href":"https:\/\/www.autonvaraosahaku.fi\/index.php?rest_route=%2Fwp%2Fv2%2Fmedia&parent=77656"}],"wp:term":[{"taxonomy":"pwb-brand","embeddable":true,"href":"https:\/\/www.autonvaraosahaku.fi\/index.php?rest_route=%2Fwp%2Fv2%2Fpwb-brand&post=77656"},{"taxonomy":"product_cat","embeddable":true,"href":"https:\/\/www.autonvaraosahaku.fi\/index.php?rest_route=%2Fwp%2Fv2%2Fproduct_cat&post=77656"},{"taxonomy":"product_tag","embeddable":true,"href":"https:\/\/www.autonvaraosahaku.fi\/index.php?rest_route=%2Fwp%2Fv2%2Fproduct_tag&post=77656"}],"curies":[{"name":"wp","href":"https:\/\/api.w.org\/{rel}","templated":true}]}}