{"id":77659,"date":"2021-02-21T19:53:29","date_gmt":"2021-02-21T19:53:29","guid":{"rendered":"https:\/\/www.autonvaraosahaku.fi\/?product=trw-db4308b-jarrurumpu"},"modified":"2021-02-21T19:53:32","modified_gmt":"2021-02-21T19:53:32","slug":"trw-db4308b-jarrurumpu","status":"publish","type":"product","link":"https:\/\/www.autonvaraosahaku.fi\/?product=trw-db4308b-jarrurumpu","title":{"rendered":"TRW DB4308B Jarrurumpu"},"content":{"rendered":"<p>J-rumpu ulkoleveys [mm]: 81; keskitt\u00e4misl\u00e4pimitta [mm]: 52,92; Jarrurummun ulkol\u00e4pim. [mm]: 223; Kierre 1: M12x1,5; Rumpul\u00e4pimitta: 203; Suurin mahdollinen rummun sis\u00e4mitta (mm): 204,3; J-rumpu sis\u00e4leveys [mm]: 43; Reikien m\u00e4\u00e4r\u00e4: 4; Reik\u00e4ympyr\u00e4-\u00d8 [mm]: 108; Korvaava tuote\/korvaava tiedote 2: laakerilla, ilman ABS-sensorirengasta; Asennuspuoli: Hinterachse; MAZDA: 2 DY; FORD: FIESTA V JH_, JD_,FIESTA IV JA_, JB_,FUSION JU_,FIESTA V Van; 1151001, 1213352, 1315740, 1416191, 1468774, 1507055, 2S611113A1K, 2S611113AG, 2S611113AH, 2S611113AJ, 2S611113AK, 4329656, 4345314, 4376842, 7S611113AA, DD3226250, DD3226250A<\/p>\n","protected":false},"excerpt":{"rendered":"<p>TRW Jarrurumpu DB4308B  MAZDA,FORD,2 DY,FIESTA V JH_, JD_,FIESTA IV JA_, JB_,FUSION JU_,FIESTA V Van<\/p>\n","protected":false},"featured_media":0,"template":"","meta":{"site-sidebar-layout":"default","site-content-layout":"default","ast-global-header-display":"","ast-main-header-display":"","ast-hfb-above-header-display":"","ast-hfb-below-header-display":"","ast-hfb-mobile-header-display":"","site-post-title":"","ast-breadcrumbs-content":"","ast-featured-img":"","footer-sml-layout":"","theme-transparent-header-meta":"","adv-header-id-meta":"","stick-header-meta":"","header-above-stick-meta":"","header-main-stick-meta":"","header-below-stick-meta":""},"pwb-brand":[332],"product_cat":[304],"product_tag":[],"class_list":{"0":"post-77659","1":"product","2":"type-product","3":"status-publish","5":"pwb-brand-trw","6":"product_cat-jarrurumpu","7":"desktop-align-left","8":"tablet-align-left","9":"mobile-align-left","11":"first","12":"instock","13":"product-type-external"},"brands":[{"id":332,"name":"TRW","slug":"trw"}],"_links":{"self":[{"href":"https:\/\/www.autonvaraosahaku.fi\/index.php?rest_route=\/wp\/v2\/product\/77659","targetHints":{"allow":["GET"]}}],"collection":[{"href":"https:\/\/www.autonvaraosahaku.fi\/index.php?rest_route=\/wp\/v2\/product"}],"about":[{"href":"https:\/\/www.autonvaraosahaku.fi\/index.php?rest_route=\/wp\/v2\/types\/product"}],"wp:attachment":[{"href":"https:\/\/www.autonvaraosahaku.fi\/index.php?rest_route=%2Fwp%2Fv2%2Fmedia&parent=77659"}],"wp:term":[{"taxonomy":"pwb-brand","embeddable":true,"href":"https:\/\/www.autonvaraosahaku.fi\/index.php?rest_route=%2Fwp%2Fv2%2Fpwb-brand&post=77659"},{"taxonomy":"product_cat","embeddable":true,"href":"https:\/\/www.autonvaraosahaku.fi\/index.php?rest_route=%2Fwp%2Fv2%2Fproduct_cat&post=77659"},{"taxonomy":"product_tag","embeddable":true,"href":"https:\/\/www.autonvaraosahaku.fi\/index.php?rest_route=%2Fwp%2Fv2%2Fproduct_tag&post=77659"}],"curies":[{"name":"wp","href":"https:\/\/api.w.org\/{rel}","templated":true}]}}