{"id":7766,"date":"2021-02-21T14:01:07","date_gmt":"2021-02-21T14:01:07","guid":{"rendered":"https:\/\/www.autonvaraosahaku.fi\/?product=original-imperium-37295-koiranluu"},"modified":"2021-02-21T14:01:08","modified_gmt":"2021-02-21T14:01:08","slug":"original-imperium-37295-koiranluu","status":"publish","type":"product","link":"https:\/\/www.autonvaraosahaku.fi\/?product=original-imperium-37295-koiranluu","title":{"rendered":"ORIGINAL IMPERIUM 37295 Koiranluu"},"content":{"rendered":"<p>Asennuspuoli: Etuakseli, Vasen, Oikea; Tarvittava kappalem\u00e4\u00e4r\u00e4: 2; Paino [g]: 170; VW: LUPO 6X1, 6E1,POLO 6N2,POLO 6N1,CADDY II Kasten 9K9A,POLO Variant 6KV5,POLO CLASSIC 6KV2,POLO Kasten 6NF,CADDY II Kombi 9K9B,CADDY II Pick-up 9U7,POLO Kasten 86CF; 191411329, 6N0411315, 6N0411315C, 6N0411315CS1, 6N0411315S1, 6N0411329, 191411329, 6N0411315, 6N0411315C, 6N0411315CS1, 6N0411315S1, 6N0411329, 191411329, 6N0411315, 6N0411315C, 6N0411315CS1, 6N0411315S1, 6N0411329, 191411329, 6N0411315, 6N0411315C, 6N0411315CS1, 6N0411315S1, 6N0411329; Kallistuksenvakaajan Yhdystanko,Tanko, Kallistuksenvaimennin<\/p>\n","protected":false},"excerpt":{"rendered":"<p>ORIGINAL IMPERIUM Koiranluu 37295 Kallistuksenvakaajan Yhdystanko,Tanko, Kallistuksenvaimennin VW,LUPO 6X1, 6E1,POLO 6N2,POLO 6N1,CADDY II Kasten 9K9A<\/p>\n","protected":false},"featured_media":0,"template":"","meta":{"site-sidebar-layout":"default","site-content-layout":"default","ast-global-header-display":"","ast-main-header-display":"","ast-hfb-above-header-display":"","ast-hfb-below-header-display":"","ast-hfb-mobile-header-display":"","site-post-title":"","ast-breadcrumbs-content":"","ast-featured-img":"","footer-sml-layout":"","theme-transparent-header-meta":"","adv-header-id-meta":"","stick-header-meta":"","header-above-stick-meta":"","header-main-stick-meta":"","header-below-stick-meta":""},"pwb-brand":[72],"product_cat":[38],"product_tag":[],"class_list":{"0":"post-7766","1":"product","2":"type-product","3":"status-publish","5":"pwb-brand-original-imperium","6":"product_cat-koiranluu","7":"desktop-align-left","8":"tablet-align-left","9":"mobile-align-left","11":"first","12":"instock","13":"product-type-external"},"brands":[{"id":72,"name":"ORIGINAL IMPERIUM","slug":"original-imperium"}],"_links":{"self":[{"href":"https:\/\/www.autonvaraosahaku.fi\/index.php?rest_route=\/wp\/v2\/product\/7766","targetHints":{"allow":["GET"]}}],"collection":[{"href":"https:\/\/www.autonvaraosahaku.fi\/index.php?rest_route=\/wp\/v2\/product"}],"about":[{"href":"https:\/\/www.autonvaraosahaku.fi\/index.php?rest_route=\/wp\/v2\/types\/product"}],"wp:attachment":[{"href":"https:\/\/www.autonvaraosahaku.fi\/index.php?rest_route=%2Fwp%2Fv2%2Fmedia&parent=7766"}],"wp:term":[{"taxonomy":"pwb-brand","embeddable":true,"href":"https:\/\/www.autonvaraosahaku.fi\/index.php?rest_route=%2Fwp%2Fv2%2Fpwb-brand&post=7766"},{"taxonomy":"product_cat","embeddable":true,"href":"https:\/\/www.autonvaraosahaku.fi\/index.php?rest_route=%2Fwp%2Fv2%2Fproduct_cat&post=7766"},{"taxonomy":"product_tag","embeddable":true,"href":"https:\/\/www.autonvaraosahaku.fi\/index.php?rest_route=%2Fwp%2Fv2%2Fproduct_tag&post=7766"}],"curies":[{"name":"wp","href":"https:\/\/api.w.org\/{rel}","templated":true}]}}