{"id":77667,"date":"2021-02-21T19:53:29","date_gmt":"2021-02-21T19:53:29","guid":{"rendered":"https:\/\/www.autonvaraosahaku.fi\/?product=metzger-0915039-lampokytkin-jaahdyttimen-puhallin"},"modified":"2021-02-21T19:53:34","modified_gmt":"2021-02-21T19:53:34","slug":"metzger-0915039-lampokytkin-jaahdyttimen-puhallin","status":"publish","type":"product","link":"https:\/\/www.autonvaraosahaku.fi\/?product=metzger-0915039-lampokytkin-jaahdyttimen-puhallin","title":{"rendered":"METZGER 0915039 L\u00e4mp\u00f6kytkin j\u00e4\u00e4hdyttimen puhallin"},"content":{"rendered":"<p>L\u00e4mp\u00f6alue alkaen [\u00b0C]: 85, 92; L\u00e4mp\u00f6tila-alue korkeintaan [\u00b0C]: 95, 102; Kytkin: Kaksoisl\u00e4mp\u00f6kytkimell\u00e4; Yhdistelm\u00e4kytkintoiminto: Sulkija; V\u00e4ri: Musta; Lis\u00e4tarvike\/lis\u00e4tieto: Tiivisteill\u00e4; Kierremitta: M 22&#215;1,5; Valmistusvuosi alkaen: 08\/1984; VW: GOLF III 1H1,GOLF II 19E, 1G1,CORRADO 53I,CADDY I 14; AUDI: A4 8D2, B5,A4 Avant 8ED, B7,A4 Avant 8E5, B6,A4 8E2, B6,80 8C, B4,A4 Cabriolet 8H7, B6, 8HE, B7,A4 8EC, B7,80 89, 89Q, 8A, B3,CABRIOLET 8G7, B4,100 4A, C4,80 Avant 8C, B4,100 44, 44Q, C3,COUPE 89, 8B,80 81, 85, B2,100 Avant 4A, C4,90 89, 89Q, 8A, B3,100 Avant 44, 44Q, C3,200 44, 44Q,200 Avant 44, 44Q; SKODA: FELICIA I 6U1,FELICIA II 6U1,FELICIA I Fun 797,FELICIA I Kombi 6U5,FELICIA II Kombi 6U5; SEAT: IBIZA II 6K1,TOLEDO I 1L; PORSCHE: 944,924,928; 95160648100<\/p>\n","protected":false},"excerpt":{"rendered":"<p>METZGER L\u00e4mp\u00f6kytkin J\u00e4\u00e4hdyttimen Puhallin 0915039  VW,AUDI,SKODA,GOLF III 1H1,GOLF II 19E, 1G1,CORRADO 53I,CADDY I 14,A4 8D2, B5,A4 Avant 8ED, B7<\/p>\n","protected":false},"featured_media":0,"template":"","meta":{"site-sidebar-layout":"default","site-content-layout":"default","ast-global-header-display":"","ast-main-header-display":"","ast-hfb-above-header-display":"","ast-hfb-below-header-display":"","ast-hfb-mobile-header-display":"","site-post-title":"","ast-breadcrumbs-content":"","ast-featured-img":"","footer-sml-layout":"","theme-transparent-header-meta":"","adv-header-id-meta":"","stick-header-meta":"","header-above-stick-meta":"","header-main-stick-meta":"","header-below-stick-meta":""},"pwb-brand":[69],"product_cat":[290],"product_tag":[],"class_list":{"0":"post-77667","1":"product","2":"type-product","3":"status-publish","5":"pwb-brand-metzger","6":"product_cat-lampokytkin-jaahdyttimen-puhallin","7":"desktop-align-left","8":"tablet-align-left","9":"mobile-align-left","11":"first","12":"instock","13":"product-type-external"},"brands":[{"id":69,"name":"METZGER","slug":"metzger"}],"_links":{"self":[{"href":"https:\/\/www.autonvaraosahaku.fi\/index.php?rest_route=\/wp\/v2\/product\/77667","targetHints":{"allow":["GET"]}}],"collection":[{"href":"https:\/\/www.autonvaraosahaku.fi\/index.php?rest_route=\/wp\/v2\/product"}],"about":[{"href":"https:\/\/www.autonvaraosahaku.fi\/index.php?rest_route=\/wp\/v2\/types\/product"}],"wp:attachment":[{"href":"https:\/\/www.autonvaraosahaku.fi\/index.php?rest_route=%2Fwp%2Fv2%2Fmedia&parent=77667"}],"wp:term":[{"taxonomy":"pwb-brand","embeddable":true,"href":"https:\/\/www.autonvaraosahaku.fi\/index.php?rest_route=%2Fwp%2Fv2%2Fpwb-brand&post=77667"},{"taxonomy":"product_cat","embeddable":true,"href":"https:\/\/www.autonvaraosahaku.fi\/index.php?rest_route=%2Fwp%2Fv2%2Fproduct_cat&post=77667"},{"taxonomy":"product_tag","embeddable":true,"href":"https:\/\/www.autonvaraosahaku.fi\/index.php?rest_route=%2Fwp%2Fv2%2Fproduct_tag&post=77667"}],"curies":[{"name":"wp","href":"https:\/\/api.w.org\/{rel}","templated":true}]}}