{"id":7768,"date":"2021-02-21T14:01:07","date_gmt":"2021-02-21T14:01:07","guid":{"rendered":"https:\/\/www.autonvaraosahaku.fi\/?product=fa1-214-950-pakoputken-asennussarja"},"modified":"2021-02-21T14:01:08","modified_gmt":"2021-02-21T14:01:08","slug":"fa1-214-950-pakoputken-asennussarja","status":"publish","type":"product","link":"https:\/\/www.autonvaraosahaku.fi\/?product=fa1-214-950-pakoputken-asennussarja","title":{"rendered":"FA1 214-950 Pakoputken asennussarja"},"content":{"rendered":"<p>Materiaali: Metalli; Pinta: Sinkitetty; Vain jnk. yhteydess\u00e4: OE-Schalld\u00e4mpfer; Lis\u00e4ksi tarvittavat tuotteet (tuotenumero): 213-921; Valmistusvuoteen: 08\/2007; CITRO\u00cbN: C3 Picasso; PEUGEOT: 207 WA_, WC_,207 CC WD_,207 SW WK_; 173078, 173083, 173085, 173088, 1730AC, 1730T4, 173078, 173083, 173085, 173088, 1730AC, 1730T4; Pakoputken Kannatinkumi,Pidike, Vaimennin<\/p>\n","protected":false},"excerpt":{"rendered":"<p>FA1 Pakoputken Kannatin 214-950 Pakoputken Kannatinkumi,Pidike, Vaimennin CITRO\u00cbN,PEUGEOT,C3 Picasso,207 WA_, WC_,207 CC WD_,207 SW WK_<\/p>\n","protected":false},"featured_media":0,"template":"","meta":{"site-sidebar-layout":"default","site-content-layout":"default","ast-global-header-display":"","ast-main-header-display":"","ast-hfb-above-header-display":"","ast-hfb-below-header-display":"","ast-hfb-mobile-header-display":"","site-post-title":"","ast-breadcrumbs-content":"","ast-featured-img":"","footer-sml-layout":"","theme-transparent-header-meta":"","adv-header-id-meta":"","stick-header-meta":"","header-above-stick-meta":"","header-main-stick-meta":"","header-below-stick-meta":""},"pwb-brand":[39],"product_cat":[101],"product_tag":[],"class_list":{"0":"post-7768","1":"product","2":"type-product","3":"status-publish","5":"pwb-brand-fa1","6":"product_cat-pakoputken-asennussarja","7":"desktop-align-left","8":"tablet-align-left","9":"mobile-align-left","11":"first","12":"instock","13":"product-type-external"},"brands":[{"id":39,"name":"FA1","slug":"fa1"}],"_links":{"self":[{"href":"https:\/\/www.autonvaraosahaku.fi\/index.php?rest_route=\/wp\/v2\/product\/7768","targetHints":{"allow":["GET"]}}],"collection":[{"href":"https:\/\/www.autonvaraosahaku.fi\/index.php?rest_route=\/wp\/v2\/product"}],"about":[{"href":"https:\/\/www.autonvaraosahaku.fi\/index.php?rest_route=\/wp\/v2\/types\/product"}],"wp:attachment":[{"href":"https:\/\/www.autonvaraosahaku.fi\/index.php?rest_route=%2Fwp%2Fv2%2Fmedia&parent=7768"}],"wp:term":[{"taxonomy":"pwb-brand","embeddable":true,"href":"https:\/\/www.autonvaraosahaku.fi\/index.php?rest_route=%2Fwp%2Fv2%2Fpwb-brand&post=7768"},{"taxonomy":"product_cat","embeddable":true,"href":"https:\/\/www.autonvaraosahaku.fi\/index.php?rest_route=%2Fwp%2Fv2%2Fproduct_cat&post=7768"},{"taxonomy":"product_tag","embeddable":true,"href":"https:\/\/www.autonvaraosahaku.fi\/index.php?rest_route=%2Fwp%2Fv2%2Fproduct_tag&post=7768"}],"curies":[{"name":"wp","href":"https:\/\/api.w.org\/{rel}","templated":true}]}}