{"id":77683,"date":"2021-02-21T19:53:36","date_gmt":"2021-02-21T19:53:36","guid":{"rendered":"https:\/\/www.autonvaraosahaku.fi\/?product=hjs-83-48-7513-pakosarjan-tiivisteet"},"modified":"2021-02-21T19:53:40","modified_gmt":"2021-02-21T19:53:40","slug":"hjs-83-48-7513-pakosarjan-tiivisteet","status":"publish","type":"product","link":"https:\/\/www.autonvaraosahaku.fi\/?product=hjs-83-48-7513-pakosarjan-tiivisteet","title":{"rendered":"HJS 83 48 7513 Pakosarjan tiivisteet"},"content":{"rendered":"<p>Sis\u00e4l\u00e4pimitta [mm]: 69,5; Ulkol\u00e4pimitta [mm]: 82,5; Korkeus (mm): 5; Asennuspuoli: Ausgang; MAZDA: CX-7 ER,RX 8 SE17; TOYOTA: PICNIC _XM10,SUPRA JZA70_, GA70_, MA70,COROLLA Compact _E10_,CELICA ST20_, AT20_,LAND CRUISER 80 _J8_,CELICA Coupe AT18_, ST18_,PREVIA TCR2_, TCR1_,COROLLA Liftback _E10_,CARINA II _T17_,CAMRY _CV1_, _XV1_, _V1_,CARINA II Stufenheck _T17_,CELICA Liftback ST16_, AT16_,CAMRY Station Wagon _XV1_, _CV1_, _V10,COROLLA Wagon _E10_,CAMRY _V2_,CELICA Cabriolet AT18_, ST18_,CELICA Cabriolet ST16_, AT16_,CAMRY Station Wagon _V2_; N3H140305, 9091706031, 9091706043<\/p>\n","protected":false},"excerpt":{"rendered":"<p>HJS Tiivisterengas, Pakoputki 83 48 7513  MAZDA,TOYOTA,CX-7 ER,RX 8 SE17,PICNIC _XM10,SUPRA JZA70_, GA70_, MA70,COROLLA Compact _E10_<\/p>\n","protected":false},"featured_media":0,"template":"","meta":{"site-sidebar-layout":"default","site-content-layout":"default","ast-global-header-display":"","ast-main-header-display":"","ast-hfb-above-header-display":"","ast-hfb-below-header-display":"","ast-hfb-mobile-header-display":"","site-post-title":"","ast-breadcrumbs-content":"","ast-featured-img":"","footer-sml-layout":"","theme-transparent-header-meta":"","adv-header-id-meta":"","stick-header-meta":"","header-above-stick-meta":"","header-main-stick-meta":"","header-below-stick-meta":""},"pwb-brand":[344],"product_cat":[123],"product_tag":[],"class_list":{"0":"post-77683","1":"product","2":"type-product","3":"status-publish","5":"pwb-brand-hjs","6":"product_cat-pakosarjan-tiivisteet","7":"desktop-align-left","8":"tablet-align-left","9":"mobile-align-left","11":"first","12":"instock","13":"product-type-external"},"brands":[{"id":344,"name":"HJS","slug":"hjs"}],"_links":{"self":[{"href":"https:\/\/www.autonvaraosahaku.fi\/index.php?rest_route=\/wp\/v2\/product\/77683","targetHints":{"allow":["GET"]}}],"collection":[{"href":"https:\/\/www.autonvaraosahaku.fi\/index.php?rest_route=\/wp\/v2\/product"}],"about":[{"href":"https:\/\/www.autonvaraosahaku.fi\/index.php?rest_route=\/wp\/v2\/types\/product"}],"wp:attachment":[{"href":"https:\/\/www.autonvaraosahaku.fi\/index.php?rest_route=%2Fwp%2Fv2%2Fmedia&parent=77683"}],"wp:term":[{"taxonomy":"pwb-brand","embeddable":true,"href":"https:\/\/www.autonvaraosahaku.fi\/index.php?rest_route=%2Fwp%2Fv2%2Fpwb-brand&post=77683"},{"taxonomy":"product_cat","embeddable":true,"href":"https:\/\/www.autonvaraosahaku.fi\/index.php?rest_route=%2Fwp%2Fv2%2Fproduct_cat&post=77683"},{"taxonomy":"product_tag","embeddable":true,"href":"https:\/\/www.autonvaraosahaku.fi\/index.php?rest_route=%2Fwp%2Fv2%2Fproduct_tag&post=77683"}],"curies":[{"name":"wp","href":"https:\/\/api.w.org\/{rel}","templated":true}]}}