{"id":77716,"date":"2021-02-21T19:53:50","date_gmt":"2021-02-21T19:53:50","guid":{"rendered":"https:\/\/www.autonvaraosahaku.fi\/?product=corteco-19033885b-tiivisteet"},"modified":"2021-02-21T19:53:52","modified_gmt":"2021-02-21T19:53:52","slug":"corteco-19033885b-tiivisteet","status":"publish","type":"product","link":"https:\/\/www.autonvaraosahaku.fi\/?product=corteco-19033885b-tiivisteet","title":{"rendered":"CORTECO 19033885B Tiivisteet"},"content":{"rendered":"<p>Sis\u00e4l\u00e4pimitta 1 [mm]: 40; Ulkol\u00e4pimitta 1 [mm]: 63; Korkeus 1 (mm): 8,6; Materiaali: FPM (fluori-kumi); Suojavaippa: Suojakumilla; Asennuspuoli: Ausgang; VW: GOLF V 1K1,POLO 9N_,TOURAN 1T1, 1T2,PASSAT Variant 3C5,GOLF PLUS 5M1, 521,PASSAT 3C2,GOLF V Variant 1K5,NEW BEETLE 9C1, 1C1,NEW BEETLE Cabriolet 1Y7,JETTA III 1K2; AUDI: A3 8P1,A3 Sportback 8PA,TT 8N3,TT Roadster 8N9; SKODA: OCTAVIA Combi 1Z5,FABIA,FABIA Combi,ROOMSTER 5J,OCTAVIA 1Z3; SEAT: IBIZA IV 6L1,LEON 1P1,ALTEA 5P1,ALTEA XL 5P5, 5P8,CORDOBA 6L2,TOLEDO III 5P2; VOLVO: V40 Kombi VW,V70 II SW,V50 MW,V70 I LV,S60 I,C30,S80 I TS, XY,S40 II MS,S40 I VS,C70 I Cabriolet,C70 I Coupe,S70 LS; LANCIA: THESIS 841AX; CITRO\u00cbN: C5 III Break TD_,C5 II Break RE_,C5 III RD_,C5 II RC_,C6 TD_; PEUGEOT: 407 SW 6E_,607 9D, 9U,407 6D_,407 Coupe 6C_; 09G301189, 312150, 77362134, 312150, 09G301189, 09G301189, 6843112, 09G301189<\/p>\n","protected":false},"excerpt":{"rendered":"<p>CORTECO Akselitiiviste, Autom. Vaihteisto 19033885B  VW,AUDI,SKODA,GOLF V 1K1,POLO 9N_,TOURAN 1T1, 1T2,PASSAT Variant 3C5,GOLF PLUS 5M1, 521<\/p>\n","protected":false},"featured_media":0,"template":"","meta":{"site-sidebar-layout":"default","site-content-layout":"default","ast-global-header-display":"","ast-main-header-display":"","ast-hfb-above-header-display":"","ast-hfb-below-header-display":"","ast-hfb-mobile-header-display":"","site-post-title":"","ast-breadcrumbs-content":"","ast-featured-img":"","footer-sml-layout":"","theme-transparent-header-meta":"","adv-header-id-meta":"","stick-header-meta":"","header-above-stick-meta":"","header-main-stick-meta":"","header-below-stick-meta":""},"pwb-brand":[53],"product_cat":[27],"product_tag":[],"class_list":{"0":"post-77716","1":"product","2":"type-product","3":"status-publish","5":"pwb-brand-corteco","6":"product_cat-tiivisteet","7":"desktop-align-left","8":"tablet-align-left","9":"mobile-align-left","11":"first","12":"instock","13":"product-type-external"},"brands":[{"id":53,"name":"CORTECO","slug":"corteco"}],"_links":{"self":[{"href":"https:\/\/www.autonvaraosahaku.fi\/index.php?rest_route=\/wp\/v2\/product\/77716","targetHints":{"allow":["GET"]}}],"collection":[{"href":"https:\/\/www.autonvaraosahaku.fi\/index.php?rest_route=\/wp\/v2\/product"}],"about":[{"href":"https:\/\/www.autonvaraosahaku.fi\/index.php?rest_route=\/wp\/v2\/types\/product"}],"wp:attachment":[{"href":"https:\/\/www.autonvaraosahaku.fi\/index.php?rest_route=%2Fwp%2Fv2%2Fmedia&parent=77716"}],"wp:term":[{"taxonomy":"pwb-brand","embeddable":true,"href":"https:\/\/www.autonvaraosahaku.fi\/index.php?rest_route=%2Fwp%2Fv2%2Fpwb-brand&post=77716"},{"taxonomy":"product_cat","embeddable":true,"href":"https:\/\/www.autonvaraosahaku.fi\/index.php?rest_route=%2Fwp%2Fv2%2Fproduct_cat&post=77716"},{"taxonomy":"product_tag","embeddable":true,"href":"https:\/\/www.autonvaraosahaku.fi\/index.php?rest_route=%2Fwp%2Fv2%2Fproduct_tag&post=77716"}],"curies":[{"name":"wp","href":"https:\/\/api.w.org\/{rel}","templated":true}]}}