{"id":77719,"date":"2021-02-21T19:53:50","date_gmt":"2021-02-21T19:53:50","guid":{"rendered":"https:\/\/www.autonvaraosahaku.fi\/?product=corteco-19020514-venttiilinvarren-kumit"},"modified":"2021-02-21T19:53:53","modified_gmt":"2021-02-21T19:53:53","slug":"corteco-19020514-venttiilinvarren-kumit","status":"publish","type":"product","link":"https:\/\/www.autonvaraosahaku.fi\/?product=corteco-19020514-venttiilinvarren-kumit","title":{"rendered":"CORTECO 19020514 Venttiilinvarren kumit"},"content":{"rendered":"<p>Venttiilej\u00e4: 8; Tarvittava kappalem\u00e4\u00e4r\u00e4: 16; HONDA: CIVIC VIII Hatchback FN, FK,JAZZ II GD,CR-V III RE,CIVIC VII Hatchback EU, EP, EV,CR-V II RD_,ACCORD VII CL,CIVIC VI Hatchback EJ, EK,FR-V BE,ACCORD VII Tourer CM,ACCORD VI CG, CK,CIVIC VI Fastback MA, MB,CRX III EH, EG,LOGO GA3,CIVIC VI Aerodeck MB, MC,STREAM RN,HR-V GH,CRX II ED, EE,CIVIC V Hatchback EG,PRELUDE V BB,CIVIC VII Coupe EM2,ACCORD VI Hatchback CH,ACCORD VI Coupe CG,S2000 AP,CIVIC IV Hatchback EC, ED, EE,ACCORD V CE, CF,CIVIC VI Stufenheck EJ, EK,PRELUDE IV BB,CIVIC VI Coupe EJ, EM1,SHUTTLE RA,INTEGRA Coupe DC2, DC4,CIVIC V Coupe EJ,CIVIC VII Stufenheck ES,ACCORD IV CB,CIVIC V Stufenheck EG, EH,ACCORD V Aerodeck CE,ACCORD V CC, CD,ACCORD V Coupe CD,CONCERTO HW,CIVIC IV Stufenheck ED,CRX I AF, AS,ACCORD IV Aerodeck CB,CONCERTO Stufenheck HWW,ACCORD IV Coupe CB, CC,INTEGRA DC5,CIVIC II Shuttle EE; ROVER: 600 RH,400 RT,400 Hatchback RT,200 Hatchback XW,400 Tourer XW,400 XW; 12210P45G01, 12210P45G010M1, 12210PJ7003, 12210PJ7004, 12210PZ1003, 12210PZ1004, 12211P45G01, 12211P45G010M1, 12211PJ7004, 12211PJ7013, 12211PZ1003, 12211PZ1004; Venttiilivarren Tiiviste,Tiivistesarja, Venttiilivarsi<\/p>\n","protected":false},"excerpt":{"rendered":"<p>CORTECO Venttiilinvarren Kumit 19020514 Venttiilivarren Tiiviste,Tiivistesarja, Venttiilivarsi HONDA,ROVER,CIVIC VIII Hatchback FN, FK,JAZZ II GD<\/p>\n","protected":false},"featured_media":0,"template":"","meta":{"site-sidebar-layout":"default","site-content-layout":"default","ast-global-header-display":"","ast-main-header-display":"","ast-hfb-above-header-display":"","ast-hfb-below-header-display":"","ast-hfb-mobile-header-display":"","site-post-title":"","ast-breadcrumbs-content":"","ast-featured-img":"","footer-sml-layout":"","theme-transparent-header-meta":"","adv-header-id-meta":"","stick-header-meta":"","header-above-stick-meta":"","header-main-stick-meta":"","header-below-stick-meta":""},"pwb-brand":[53],"product_cat":[170],"product_tag":[],"class_list":{"0":"post-77719","1":"product","2":"type-product","3":"status-publish","5":"pwb-brand-corteco","6":"product_cat-venttiilinvarren-kumit","7":"desktop-align-left","8":"tablet-align-left","9":"mobile-align-left","11":"first","12":"instock","13":"product-type-external"},"brands":[{"id":53,"name":"CORTECO","slug":"corteco"}],"_links":{"self":[{"href":"https:\/\/www.autonvaraosahaku.fi\/index.php?rest_route=\/wp\/v2\/product\/77719","targetHints":{"allow":["GET"]}}],"collection":[{"href":"https:\/\/www.autonvaraosahaku.fi\/index.php?rest_route=\/wp\/v2\/product"}],"about":[{"href":"https:\/\/www.autonvaraosahaku.fi\/index.php?rest_route=\/wp\/v2\/types\/product"}],"wp:attachment":[{"href":"https:\/\/www.autonvaraosahaku.fi\/index.php?rest_route=%2Fwp%2Fv2%2Fmedia&parent=77719"}],"wp:term":[{"taxonomy":"pwb-brand","embeddable":true,"href":"https:\/\/www.autonvaraosahaku.fi\/index.php?rest_route=%2Fwp%2Fv2%2Fpwb-brand&post=77719"},{"taxonomy":"product_cat","embeddable":true,"href":"https:\/\/www.autonvaraosahaku.fi\/index.php?rest_route=%2Fwp%2Fv2%2Fproduct_cat&post=77719"},{"taxonomy":"product_tag","embeddable":true,"href":"https:\/\/www.autonvaraosahaku.fi\/index.php?rest_route=%2Fwp%2Fv2%2Fproduct_tag&post=77719"}],"curies":[{"name":"wp","href":"https:\/\/api.w.org\/{rel}","templated":true}]}}