{"id":77752,"date":"2021-02-21T19:54:04","date_gmt":"2021-02-21T19:54:04","guid":{"rendered":"https:\/\/www.autonvaraosahaku.fi\/?product=rts-91-90402-2-raidetangon-paa"},"modified":"2021-02-21T19:54:05","modified_gmt":"2021-02-21T19:54:05","slug":"rts-91-90402-2-raidetangon-paa","status":"publish","type":"product","link":"https:\/\/www.autonvaraosahaku.fi\/?product=rts-91-90402-2-raidetangon-paa","title":{"rendered":"RTS 91-90402-2 Raidetangon p\u00e4\u00e4"},"content":{"rendered":"<p>Asennuspuoli: Etuakseli, vasen; Sis\u00e4kierre 1 [mm]: M14x1,5; Ulkokierre 2 [mm]: M10x1,25; Pituus (mm): 90; Paino [kg]: 0,321; Valmistaja rajaus: SMI; NISSAN: MICRA III K12,MICRA C+C K12,KUBISTAR Kasten X80; RENAULT: TWINGO I C06_,CLIO II BB0\/1\/2_, CB0\/1\/2_,CLIO III BR0\/1, CR0\/1,KANGOO KC0\/1_,TWINGO II CN0_,MODUS \/ GRAND MODUS F\/JP0_,SC\u00c9NIC I JA0\/1_,MEGANE Scenic JA0\/1_,MEGANE I BA0\/1_,KANGOO Express FC0\/1_,CLIO Grandtour KR0\/1_,MEGANE I Grandtour KA0\/1_,MEGANE I Cabriolet EA0\/1_,TWINGO I Kasten S06_,MEGANE I Classic LA0\/1_,MEGANE I Coach DA0\/1_,CLIO II Kasten SB0\/1\/2_,THALIA I LB0\/1\/2_,CLIO III Kasten SB_, SR_; 4864000QAE, 48640AX602, 7701047415, 7701047812, 7701474492, 7701474641, 7701474792, 7701475842<\/p>\n","protected":false},"excerpt":{"rendered":"<p>RTS Raidetangon P\u00e4\u00e4 91-90402-2  NISSAN,RENAULT,MICRA III K12,MICRA C+C K12,KUBISTAR Kasten X80,TWINGO I C06_,CLIO II BB0\/1\/2_, CB0\/1\/2_<\/p>\n","protected":false},"featured_media":0,"template":"","meta":{"site-sidebar-layout":"default","site-content-layout":"default","ast-global-header-display":"","ast-main-header-display":"","ast-hfb-above-header-display":"","ast-hfb-below-header-display":"","ast-hfb-mobile-header-display":"","site-post-title":"","ast-breadcrumbs-content":"","ast-featured-img":"","footer-sml-layout":"","theme-transparent-header-meta":"","adv-header-id-meta":"","stick-header-meta":"","header-above-stick-meta":"","header-main-stick-meta":"","header-below-stick-meta":""},"pwb-brand":[340],"product_cat":[96],"product_tag":[],"class_list":{"0":"post-77752","1":"product","2":"type-product","3":"status-publish","5":"pwb-brand-rts","6":"product_cat-raidetangon-paa","7":"desktop-align-left","8":"tablet-align-left","9":"mobile-align-left","11":"first","12":"instock","13":"product-type-external"},"brands":[{"id":340,"name":"RTS","slug":"rts"}],"_links":{"self":[{"href":"https:\/\/www.autonvaraosahaku.fi\/index.php?rest_route=\/wp\/v2\/product\/77752","targetHints":{"allow":["GET"]}}],"collection":[{"href":"https:\/\/www.autonvaraosahaku.fi\/index.php?rest_route=\/wp\/v2\/product"}],"about":[{"href":"https:\/\/www.autonvaraosahaku.fi\/index.php?rest_route=\/wp\/v2\/types\/product"}],"wp:attachment":[{"href":"https:\/\/www.autonvaraosahaku.fi\/index.php?rest_route=%2Fwp%2Fv2%2Fmedia&parent=77752"}],"wp:term":[{"taxonomy":"pwb-brand","embeddable":true,"href":"https:\/\/www.autonvaraosahaku.fi\/index.php?rest_route=%2Fwp%2Fv2%2Fpwb-brand&post=77752"},{"taxonomy":"product_cat","embeddable":true,"href":"https:\/\/www.autonvaraosahaku.fi\/index.php?rest_route=%2Fwp%2Fv2%2Fproduct_cat&post=77752"},{"taxonomy":"product_tag","embeddable":true,"href":"https:\/\/www.autonvaraosahaku.fi\/index.php?rest_route=%2Fwp%2Fv2%2Fproduct_tag&post=77752"}],"curies":[{"name":"wp","href":"https:\/\/api.w.org\/{rel}","templated":true}]}}