{"id":77763,"date":"2021-02-21T19:54:04","date_gmt":"2021-02-21T19:54:04","guid":{"rendered":"https:\/\/www.autonvaraosahaku.fi\/?product=swag-40-94-5416-anturit-sensorit"},"modified":"2021-02-21T19:54:08","modified_gmt":"2021-02-21T19:54:08","slug":"swag-40-94-5416-anturit-sensorit","status":"publish","type":"product","link":"https:\/\/www.autonvaraosahaku.fi\/?product=swag-40-94-5416-anturit-sensorit","title":{"rendered":"SWAG 40 94 5416 Anturit (sensorit)"},"content":{"rendered":"<p>Pituus (mm): 85; Liittimi\u00e4: 2; V\u00e4ri: Musta; Materiaali: Muovi, Muovi; Paino [kg]: 0,01, 0,01; Varusteet: f\u00fcr Fahrzeuge mit Bordcomputer; OPEL: ASTRA H Caravan L35,ASTRA H L48,ASTRA J Sports Tourer,ASTRA J,ZAFIRA TOURER C P12,ASTRA GTC J,ASTRA J Stufenheck,CASCADA W13,ASTRA H Kasten L70,ASTRA CLASSIC Caravan,ASTRA CLASSIC L48,ASTRA CLASSIC Stufenheck; VAUXHALL: ZAFIRA Mk II B M75,ZAFIRA Mk III P12,ASTRA Mk VI J CC,ASTRA Mk VI J,ASTRA Mk VI J Sedan,ASTRA Mk VI J Estate,ASTRAVAN Mk V H; 1304006, 1304027, 013276236, 013276326, 013393366, 13276236, 13276326, 13393366<\/p>\n","protected":false},"excerpt":{"rendered":"<p>SWAG Tunnistin, J\u00e4\u00e4hdytysnestetaso 40 94 5416  OPEL,VAUXHALL,ASTRA H Caravan L35,ASTRA H L48,ASTRA J Sports Tourer,ASTRA J,ZAFIRA TOURER C P12<\/p>\n","protected":false},"featured_media":0,"template":"","meta":{"site-sidebar-layout":"default","site-content-layout":"default","ast-global-header-display":"","ast-main-header-display":"","ast-hfb-above-header-display":"","ast-hfb-below-header-display":"","ast-hfb-mobile-header-display":"","site-post-title":"","ast-breadcrumbs-content":"","ast-featured-img":"","footer-sml-layout":"","theme-transparent-header-meta":"","adv-header-id-meta":"","stick-header-meta":"","header-above-stick-meta":"","header-main-stick-meta":"","header-below-stick-meta":""},"pwb-brand":[103],"product_cat":[98],"product_tag":[],"class_list":{"0":"post-77763","1":"product","2":"type-product","3":"status-publish","5":"pwb-brand-swag","6":"product_cat-anturit-sensorit","7":"desktop-align-left","8":"tablet-align-left","9":"mobile-align-left","11":"first","12":"instock","13":"product-type-external"},"brands":[{"id":103,"name":"SWAG","slug":"swag"}],"_links":{"self":[{"href":"https:\/\/www.autonvaraosahaku.fi\/index.php?rest_route=\/wp\/v2\/product\/77763","targetHints":{"allow":["GET"]}}],"collection":[{"href":"https:\/\/www.autonvaraosahaku.fi\/index.php?rest_route=\/wp\/v2\/product"}],"about":[{"href":"https:\/\/www.autonvaraosahaku.fi\/index.php?rest_route=\/wp\/v2\/types\/product"}],"wp:attachment":[{"href":"https:\/\/www.autonvaraosahaku.fi\/index.php?rest_route=%2Fwp%2Fv2%2Fmedia&parent=77763"}],"wp:term":[{"taxonomy":"pwb-brand","embeddable":true,"href":"https:\/\/www.autonvaraosahaku.fi\/index.php?rest_route=%2Fwp%2Fv2%2Fpwb-brand&post=77763"},{"taxonomy":"product_cat","embeddable":true,"href":"https:\/\/www.autonvaraosahaku.fi\/index.php?rest_route=%2Fwp%2Fv2%2Fproduct_cat&post=77763"},{"taxonomy":"product_tag","embeddable":true,"href":"https:\/\/www.autonvaraosahaku.fi\/index.php?rest_route=%2Fwp%2Fv2%2Fproduct_tag&post=77763"}],"curies":[{"name":"wp","href":"https:\/\/api.w.org\/{rel}","templated":true}]}}