{"id":77767,"date":"2021-02-21T19:54:04","date_gmt":"2021-02-21T19:54:04","guid":{"rendered":"https:\/\/www.autonvaraosahaku.fi\/?product=autofren-seinsa-d41151c-jarrusatula-korjaussarja"},"modified":"2021-02-21T19:54:10","modified_gmt":"2021-02-21T19:54:10","slug":"autofren-seinsa-d41151c-jarrusatula-korjaussarja","status":"publish","type":"product","link":"https:\/\/www.autonvaraosahaku.fi\/?product=autofren-seinsa-d41151c-jarrusatula-korjaussarja","title":{"rendered":"AUTOFREN SEINSA D41151C Jarrusatula korjaussarja"},"content":{"rendered":"<p>Asennuspuoli: Etuakseli; L\u00e4pimitta [mm]: 57; T\u00e4yssarja: ; Jarruj\u00e4rjestelm\u00e4: ATE; Erittely: 16 WHEEL; OE-numerolle: 77365615; Valmistusvuosi alkaen: 10\/1999; VW: TIGUAN 5N_,SHARAN 7N1, 7N2,TIGUAN AD1; AUDI: A4 Avant 8K5, B8,A4 8K2, B8,A5 8T3,A5 Sportback 8TA,A4 8EC, B7,Q3 8U,A4 Allroad 8KH, B8,A5 Cabriolet 8F7; MAZDA: 5 CR19,3 BK,6 Station Wagon GY,6 GG,3 BL,5 CW,3 Stufenheck BK,3 Stufenheck BL; BMW: 3 Touring E91,3 E90,5 E60,X1 E84,3 Coupe E92,3 Cabriolet E93,Z4 E89; SEAT: ALHAMBRA 710, 711; JEEP: RENEGADE Gel\u00e4ndewagen geschlossen BU; IVECO: DAILY V Kasten\/Kombi; HONDA: ACCORD VII CL,ACCORD VIII CU,ACCORD VII Tourer CM,CIVIC IX FK,ACCORD VIII Kombi,CIVIC VIII Stufenheck FD, FA,ACCORD VII CM,CIVIC IX Tourer FK,CIVIC X Schr\u00e4gheck FC_, FK,CIVIC X Stufenheck FC_; VOLVO: V70 II SW,V50 MW,S60 I,C30,S80 I TS, XY,S40 II MS,XC70 CROSS COUNTRY,C70 II Cabriolet,V40 Schr\u00e4gheck,240 P242, P244; ROVER: 75 RJ,75 Tourer RJ; 51884763, 51884764, 77365611, 77365614, 77365615, 77365616, 77367229, 34116778145, 34116778146, 4400R0, 4400R1, 4400T2, 4400T3, 4400W1, 4400W2, 4400X1, 4400X2, 1223615, 1223616, 1459583, 1459585, 1682875, 1682876, 1755031, 1755032, 1802059, 1802060, 2210406, 3M512B294AA, 3M512B294BA, 3M512B302AA, 3M512B302BA, AV612B294AA, AV612B302AA, CN152B294BA, CN152B302BA, CV612B294PA, CV612B302PA, 45001SEAE01, 45001TL1G01, 45001TV0E01, 45002SEAE01, 45002TL1G01, 45002TV0E01, BPYK3361XA, BPYK3361XB, BPYK3361XC, BPYK3371XA, BPYK3371XB, BPYK3371XC, GP9A3361X, GP9A3361XA, GP9A3371X, GP9A3371XA, 542372, 542373, 95511369, 95511370, 95522659, 95522661, 410010001R, 410010002R, 410110001R, 410110002R, 7701049091, 7701049092, 7701049103, 7701049104, 8253962, 8253963, 8253964, 8253986, GBC90198, GBC90200, SEG100210, SEG100240, 5N0615105R, 5N0615106R, 5N0615123, 5N0615124, 8K0615123C, 8K0615124C, 5N0615105R, 5N0615106R, 5N0615123, 5N0615124, 8K0615123C, 8K0615124C, 4773005030, 4773009030, 4775005030, 4775009&#8230;; Korjaussarja, Jarrusatula<\/p>\n","protected":false},"excerpt":{"rendered":"<p>AUTOFREN SEINSA Jarrusatula Korjaussarja D41151C Korjaussarja, Jarrusatula VW,AUDI,MAZDA,TIGUAN 5N_,SHARAN 7N1, 7N2,TIGUAN AD1,A4 Avant 8K5, B8<\/p>\n","protected":false},"featured_media":0,"template":"","meta":{"site-sidebar-layout":"default","site-content-layout":"default","ast-global-header-display":"","ast-main-header-display":"","ast-hfb-above-header-display":"","ast-hfb-below-header-display":"","ast-hfb-mobile-header-display":"","site-post-title":"","ast-breadcrumbs-content":"","ast-featured-img":"","footer-sml-layout":"","theme-transparent-header-meta":"","adv-header-id-meta":"","stick-header-meta":"","header-above-stick-meta":"","header-main-stick-meta":"","header-below-stick-meta":""},"pwb-brand":[243],"product_cat":[57],"product_tag":[],"class_list":{"0":"post-77767","1":"product","2":"type-product","3":"status-publish","5":"pwb-brand-autofren-seinsa","6":"product_cat-jarrusatula-korjaussarja","7":"desktop-align-left","8":"tablet-align-left","9":"mobile-align-left","11":"first","12":"instock","13":"product-type-external"},"brands":[{"id":243,"name":"AUTOFREN SEINSA","slug":"autofren-seinsa"}],"_links":{"self":[{"href":"https:\/\/www.autonvaraosahaku.fi\/index.php?rest_route=\/wp\/v2\/product\/77767","targetHints":{"allow":["GET"]}}],"collection":[{"href":"https:\/\/www.autonvaraosahaku.fi\/index.php?rest_route=\/wp\/v2\/product"}],"about":[{"href":"https:\/\/www.autonvaraosahaku.fi\/index.php?rest_route=\/wp\/v2\/types\/product"}],"wp:attachment":[{"href":"https:\/\/www.autonvaraosahaku.fi\/index.php?rest_route=%2Fwp%2Fv2%2Fmedia&parent=77767"}],"wp:term":[{"taxonomy":"pwb-brand","embeddable":true,"href":"https:\/\/www.autonvaraosahaku.fi\/index.php?rest_route=%2Fwp%2Fv2%2Fpwb-brand&post=77767"},{"taxonomy":"product_cat","embeddable":true,"href":"https:\/\/www.autonvaraosahaku.fi\/index.php?rest_route=%2Fwp%2Fv2%2Fproduct_cat&post=77767"},{"taxonomy":"product_tag","embeddable":true,"href":"https:\/\/www.autonvaraosahaku.fi\/index.php?rest_route=%2Fwp%2Fv2%2Fproduct_tag&post=77767"}],"curies":[{"name":"wp","href":"https:\/\/api.w.org\/{rel}","templated":true}]}}