{"id":7777,"date":"2021-02-21T14:01:07","date_gmt":"2021-02-21T14:01:07","guid":{"rendered":"https:\/\/www.autonvaraosahaku.fi\/?product=tedgum-00500553-kallistuksenvakaajan-puslat"},"modified":"2021-02-21T14:01:09","modified_gmt":"2021-02-21T14:01:09","slug":"tedgum-00500553-kallistuksenvakaajan-puslat","status":"publish","type":"product","link":"https:\/\/www.autonvaraosahaku.fi\/?product=tedgum-00500553-kallistuksenvakaajan-puslat","title":{"rendered":"TEDGUM 00500553 Kallistuksenvakaajan puslat"},"content":{"rendered":"<p>Asennuspuoli: Sisempi, Etuakseli; Lukum\u00e4\u00e4r\u00e4 akselille: 2; L\u00e4pimitta [mm]: 20; Sis\u00e4l\u00e4pimitta [mm]: 20; CHEVROLET: SPARK M200 M250; DAEWOO: MATIZ KLYA,TICO KLY3; SUZUKI: WAGON R+ MM,SWIFT II Schr\u00e4gheck EA, MA,SWIFT II Stufenheck AH, AJ,ALTO SS80; OPEL: AGILA A H00; 4243170B30000, 4705321, 9209414, 96316769, 96507898, 4243170B30, 4243170B42, 4243170C00, 4243180E00, 4243182020, 42431M82070; Kallistuksenvakaajan Kumit,Vakaajan Hela<\/p>\n","protected":false},"excerpt":{"rendered":"<p>TEDGUM Kallistuksenvakaajan Puslat 00500553 Kallistuksenvakaajan Kumit,Vakaajan Hela CHEVROLET,DAEWOO,SUZUKI,SPARK M200 M250,MATIZ KLYA,TICO KLY3<\/p>\n","protected":false},"featured_media":0,"template":"","meta":{"site-sidebar-layout":"default","site-content-layout":"default","ast-global-header-display":"","ast-main-header-display":"","ast-hfb-above-header-display":"","ast-hfb-below-header-display":"","ast-hfb-mobile-header-display":"","site-post-title":"","ast-breadcrumbs-content":"","ast-featured-img":"","footer-sml-layout":"","theme-transparent-header-meta":"","adv-header-id-meta":"","stick-header-meta":"","header-above-stick-meta":"","header-main-stick-meta":"","header-below-stick-meta":""},"pwb-brand":[155],"product_cat":[82],"product_tag":[],"class_list":{"0":"post-7777","1":"product","2":"type-product","3":"status-publish","5":"pwb-brand-tedgum","6":"product_cat-kallistuksenvakaajan-puslat","7":"desktop-align-left","8":"tablet-align-left","9":"mobile-align-left","11":"first","12":"instock","13":"product-type-external"},"brands":[{"id":155,"name":"TEDGUM","slug":"tedgum"}],"_links":{"self":[{"href":"https:\/\/www.autonvaraosahaku.fi\/index.php?rest_route=\/wp\/v2\/product\/7777","targetHints":{"allow":["GET"]}}],"collection":[{"href":"https:\/\/www.autonvaraosahaku.fi\/index.php?rest_route=\/wp\/v2\/product"}],"about":[{"href":"https:\/\/www.autonvaraosahaku.fi\/index.php?rest_route=\/wp\/v2\/types\/product"}],"wp:attachment":[{"href":"https:\/\/www.autonvaraosahaku.fi\/index.php?rest_route=%2Fwp%2Fv2%2Fmedia&parent=7777"}],"wp:term":[{"taxonomy":"pwb-brand","embeddable":true,"href":"https:\/\/www.autonvaraosahaku.fi\/index.php?rest_route=%2Fwp%2Fv2%2Fpwb-brand&post=7777"},{"taxonomy":"product_cat","embeddable":true,"href":"https:\/\/www.autonvaraosahaku.fi\/index.php?rest_route=%2Fwp%2Fv2%2Fproduct_cat&post=7777"},{"taxonomy":"product_tag","embeddable":true,"href":"https:\/\/www.autonvaraosahaku.fi\/index.php?rest_route=%2Fwp%2Fv2%2Fproduct_tag&post=7777"}],"curies":[{"name":"wp","href":"https:\/\/api.w.org\/{rel}","templated":true}]}}