{"id":77784,"date":"2021-02-21T19:54:11","date_gmt":"2021-02-21T19:54:11","guid":{"rendered":"https:\/\/www.autonvaraosahaku.fi\/?product=vaico-v10-3214-muut-luokat"},"modified":"2021-02-21T19:54:16","modified_gmt":"2021-02-21T19:54:16","slug":"vaico-v10-3214-muut-luokat","status":"publish","type":"product","link":"https:\/\/www.autonvaraosahaku.fi\/?product=vaico-v10-3214-muut-luokat","title":{"rendered":"VAICO V10-3214 Muut luokat"},"content":{"rendered":"<p>Suositeltu vaihtov\u00e4li [vuotta]: 5; Suositeltu vaihtov\u00e4li [km]: 60000; Lis\u00e4ksi tarvittavat tuotteet ks. tarvikeluettelo: ; Vaihteistomalli: A48,00, TR-60SN, 09D; Tilavuus (litra): 6; Vaihteistomalli: Automaattivaihteisto, 6-vaiht.; Lis\u00e4tarvike\/lis\u00e4tieto: Tiivisteill\u00e4; M\u00e4\u00e4r\u00e4yksikk\u00f6: Sarja; Korvaava tuote\/korvaava tiedote 2: \u00f6ljym\u00e4\u00e4r\u00e4 vakio\u00f6ljynvaihtov\u00e4lille, Tiivisterenkaalla; Paino [kg]: 7,34; Pakkausleveys [cm]: 25,1; Pakkauskorkeus [mm]: 28,1; Pakkaussyvyys [cm]: 32; Vaihteistonumero: KRK; VW: TOUAREG 7LA, 7L6, 7L7; AUDI: Q7 4L; PORSCHE: CAYENNE 955; 09D321371, 09D325429, 09D325435, 9D321371, 9D325429, 9D325435, 95530740300, 95530740301, 95539701600, 09D321371, 09D325429, 09D325435, 9D321371, 9D325429, 9D325435, 09D321371, 09D325429, 09D325435, 9D321371, 9D325429, 9D325435, 09D321371, 09D325429, 09D325435, 9D321371, 9D325429, 9D325435<\/p>\n","protected":false},"excerpt":{"rendered":"<p>VAICO Tarvikesarja, \u00d6ljynvaihto-Automaattivaihteisto V10-3214  VW,AUDI,PORSCHE,TOUAREG 7LA, 7L6, 7L7,Q7 4L,CAYENNE 955<\/p>\n","protected":false},"featured_media":0,"template":"","meta":{"site-sidebar-layout":"default","site-content-layout":"default","ast-global-header-display":"","ast-main-header-display":"","ast-hfb-above-header-display":"","ast-hfb-below-header-display":"","ast-hfb-mobile-header-display":"","site-post-title":"","ast-breadcrumbs-content":"","ast-featured-img":"","footer-sml-layout":"","theme-transparent-header-meta":"","adv-header-id-meta":"","stick-header-meta":"","header-above-stick-meta":"","header-main-stick-meta":"","header-below-stick-meta":""},"pwb-brand":[330],"product_cat":[37],"product_tag":[],"class_list":{"0":"post-77784","1":"product","2":"type-product","3":"status-publish","5":"pwb-brand-vaico","6":"product_cat-muut-luokat","7":"desktop-align-left","8":"tablet-align-left","9":"mobile-align-left","11":"first","12":"instock","13":"product-type-external"},"brands":[{"id":330,"name":"VAICO","slug":"vaico"}],"_links":{"self":[{"href":"https:\/\/www.autonvaraosahaku.fi\/index.php?rest_route=\/wp\/v2\/product\/77784","targetHints":{"allow":["GET"]}}],"collection":[{"href":"https:\/\/www.autonvaraosahaku.fi\/index.php?rest_route=\/wp\/v2\/product"}],"about":[{"href":"https:\/\/www.autonvaraosahaku.fi\/index.php?rest_route=\/wp\/v2\/types\/product"}],"wp:attachment":[{"href":"https:\/\/www.autonvaraosahaku.fi\/index.php?rest_route=%2Fwp%2Fv2%2Fmedia&parent=77784"}],"wp:term":[{"taxonomy":"pwb-brand","embeddable":true,"href":"https:\/\/www.autonvaraosahaku.fi\/index.php?rest_route=%2Fwp%2Fv2%2Fpwb-brand&post=77784"},{"taxonomy":"product_cat","embeddable":true,"href":"https:\/\/www.autonvaraosahaku.fi\/index.php?rest_route=%2Fwp%2Fv2%2Fproduct_cat&post=77784"},{"taxonomy":"product_tag","embeddable":true,"href":"https:\/\/www.autonvaraosahaku.fi\/index.php?rest_route=%2Fwp%2Fv2%2Fproduct_tag&post=77784"}],"curies":[{"name":"wp","href":"https:\/\/api.w.org\/{rel}","templated":true}]}}