{"id":77795,"date":"2021-02-21T19:54:19","date_gmt":"2021-02-21T19:54:19","guid":{"rendered":"https:\/\/www.autonvaraosahaku.fi\/?product=swf-116532-pyyhkijansulat"},"modified":"2021-02-21T19:54:21","modified_gmt":"2021-02-21T19:54:21","slug":"swf-116532-pyyhkijansulat","status":"publish","type":"product","link":"https:\/\/www.autonvaraosahaku.fi\/?product=swf-116532-pyyhkijansulat","title":{"rendered":"SWF 116532 Pyyhkij\u00e4nsulat"},"content":{"rendered":"<p>Asennuspuoli: Takana; M\u00e4\u00e4r\u00e4: 1; Pituus (mm): 345; Pituus (tuumaa): 14; Paino [kg]: 0,12; Tuotelinja: Rear; Pyyhkij\u00e4nsulkatyyppi: Tavallinen; Valmistusvuoteen: 12\/2012; MAZDA: CX-5 KE, GH,6 Kombi GH,CX-7 ER,3 BL,CX-5 KF; JEEP: CHEROKEE KL; KIA: RIO II JB,CARENS III UN; LEXUS: RX MHU3_, GSU3_, MCU3_,RX MCU15; HYUNDAI: i40 CW VF,SANTA F\u00c9 II CM,TUCSON; SUBARU: OUTBACK BS; TOYOTA: AVENSIS Kombi T25,COROLLA ZZE12_, NDE12_, ZDE12_,AVENSIS T25_,COROLLA Kombi _E12J_, _E12T_,LAND CRUISER KDJ12_, GRJ12_,AVENSIS VERSO _CLM2_, _ACM2_,C-HR _X1_; MITSUBISHI: OUTLANDER I CU_W; 983601G000, 983601G000, 988502F000, GS1E67330, GS2A67330, KD4767330, MR971508, 8524205080, 8524205110, 8524228060, 8524260071, 8524260090, 85242F4010; Tuulilasinpyyhkimet,Pyyhkij\u00e4t,Pyyhkij\u00e4nsulka<\/p>\n","protected":false},"excerpt":{"rendered":"<p>SWF Pyyhkij\u00e4nsulat 116532 Tuulilasinpyyhkimet,Pyyhkij\u00e4t MAZDA,JEEP,KIA,CX-5 KE, GH,6 Kombi GH,CX-7 ER,3 BL,CX-5 KF,CHEROKEE KL,RIO II JB,CARENS III UN<\/p>\n","protected":false},"featured_media":0,"template":"","meta":{"site-sidebar-layout":"default","site-content-layout":"default","ast-global-header-display":"","ast-main-header-display":"","ast-hfb-above-header-display":"","ast-hfb-below-header-display":"","ast-hfb-mobile-header-display":"","site-post-title":"","ast-breadcrumbs-content":"","ast-featured-img":"","footer-sml-layout":"","theme-transparent-header-meta":"","adv-header-id-meta":"","stick-header-meta":"","header-above-stick-meta":"","header-main-stick-meta":"","header-below-stick-meta":""},"pwb-brand":[204],"product_cat":[33],"product_tag":[],"class_list":{"0":"post-77795","1":"product","2":"type-product","3":"status-publish","5":"pwb-brand-swf","6":"product_cat-pyyhkijansulat","7":"desktop-align-left","8":"tablet-align-left","9":"mobile-align-left","11":"first","12":"instock","13":"product-type-external"},"brands":[{"id":204,"name":"SWF","slug":"swf"}],"_links":{"self":[{"href":"https:\/\/www.autonvaraosahaku.fi\/index.php?rest_route=\/wp\/v2\/product\/77795","targetHints":{"allow":["GET"]}}],"collection":[{"href":"https:\/\/www.autonvaraosahaku.fi\/index.php?rest_route=\/wp\/v2\/product"}],"about":[{"href":"https:\/\/www.autonvaraosahaku.fi\/index.php?rest_route=\/wp\/v2\/types\/product"}],"wp:attachment":[{"href":"https:\/\/www.autonvaraosahaku.fi\/index.php?rest_route=%2Fwp%2Fv2%2Fmedia&parent=77795"}],"wp:term":[{"taxonomy":"pwb-brand","embeddable":true,"href":"https:\/\/www.autonvaraosahaku.fi\/index.php?rest_route=%2Fwp%2Fv2%2Fpwb-brand&post=77795"},{"taxonomy":"product_cat","embeddable":true,"href":"https:\/\/www.autonvaraosahaku.fi\/index.php?rest_route=%2Fwp%2Fv2%2Fproduct_cat&post=77795"},{"taxonomy":"product_tag","embeddable":true,"href":"https:\/\/www.autonvaraosahaku.fi\/index.php?rest_route=%2Fwp%2Fv2%2Fproduct_tag&post=77795"}],"curies":[{"name":"wp","href":"https:\/\/api.w.org\/{rel}","templated":true}]}}