{"id":77798,"date":"2021-02-21T19:54:19","date_gmt":"2021-02-21T19:54:19","guid":{"rendered":"https:\/\/www.autonvaraosahaku.fi\/?product=a-b-s-9061-jarrukengat"},"modified":"2021-02-21T19:54:22","modified_gmt":"2021-02-21T19:54:22","slug":"a-b-s-9061-jarrukengat","status":"publish","type":"product","link":"https:\/\/www.autonvaraosahaku.fi\/?product=a-b-s-9061-jarrukengat","title":{"rendered":"A.B.S. 9061 Jarrukeng\u00e4t"},"content":{"rendered":"<p>L\u00e4pimitta [mm]: 180; Leveys (mm): 31; Jarruj\u00e4rjestelm\u00e4: DAEWOO; Paino [kg]: 0,98; Asennuspuoli: Hinterachse; CHEVROLET: MATIZ M200, M250,SPARK M200 M250; DAEWOO: MATIZ KLYA,MATIZ Kasten KLA4,TICO KLY3; 96446177, 96446178, 96268686, 96446178, P96268686, 96268686, PW891731; Jarrukenk\u00e4sarja<\/p>\n","protected":false},"excerpt":{"rendered":"<p>A.B.S. Jarrukeng\u00e4t 9061 Jarrukenk\u00e4sarja CHEVROLET,DAEWOO,MATIZ M200, M250,SPARK M200 M250,MATIZ KLYA,MATIZ Kasten KLA4,TICO KLY3<\/p>\n","protected":false},"featured_media":0,"template":"","meta":{"site-sidebar-layout":"default","site-content-layout":"default","ast-global-header-display":"","ast-main-header-display":"","ast-hfb-above-header-display":"","ast-hfb-below-header-display":"","ast-hfb-mobile-header-display":"","site-post-title":"","ast-breadcrumbs-content":"","ast-featured-img":"","footer-sml-layout":"","theme-transparent-header-meta":"","adv-header-id-meta":"","stick-header-meta":"","header-above-stick-meta":"","header-main-stick-meta":"","header-below-stick-meta":""},"pwb-brand":[326],"product_cat":[176],"product_tag":[],"class_list":{"0":"post-77798","1":"product","2":"type-product","3":"status-publish","5":"pwb-brand-a-b-s","6":"product_cat-jarrukengat","7":"desktop-align-left","8":"tablet-align-left","9":"mobile-align-left","11":"first","12":"instock","13":"product-type-external"},"brands":[{"id":326,"name":"A.B.S.","slug":"a-b-s"}],"_links":{"self":[{"href":"https:\/\/www.autonvaraosahaku.fi\/index.php?rest_route=\/wp\/v2\/product\/77798","targetHints":{"allow":["GET"]}}],"collection":[{"href":"https:\/\/www.autonvaraosahaku.fi\/index.php?rest_route=\/wp\/v2\/product"}],"about":[{"href":"https:\/\/www.autonvaraosahaku.fi\/index.php?rest_route=\/wp\/v2\/types\/product"}],"wp:attachment":[{"href":"https:\/\/www.autonvaraosahaku.fi\/index.php?rest_route=%2Fwp%2Fv2%2Fmedia&parent=77798"}],"wp:term":[{"taxonomy":"pwb-brand","embeddable":true,"href":"https:\/\/www.autonvaraosahaku.fi\/index.php?rest_route=%2Fwp%2Fv2%2Fpwb-brand&post=77798"},{"taxonomy":"product_cat","embeddable":true,"href":"https:\/\/www.autonvaraosahaku.fi\/index.php?rest_route=%2Fwp%2Fv2%2Fproduct_cat&post=77798"},{"taxonomy":"product_tag","embeddable":true,"href":"https:\/\/www.autonvaraosahaku.fi\/index.php?rest_route=%2Fwp%2Fv2%2Fproduct_tag&post=77798"}],"curies":[{"name":"wp","href":"https:\/\/api.w.org\/{rel}","templated":true}]}}