{"id":77801,"date":"2021-02-21T19:54:19","date_gmt":"2021-02-21T19:54:19","guid":{"rendered":"https:\/\/www.autonvaraosahaku.fi\/?product=a-b-s-8778-jarrukengat"},"modified":"2021-02-21T19:54:23","modified_gmt":"2021-02-21T19:54:23","slug":"a-b-s-8778-jarrukengat","status":"publish","type":"product","link":"https:\/\/www.autonvaraosahaku.fi\/?product=a-b-s-8778-jarrukengat","title":{"rendered":"A.B.S. 8778 Jarrukeng\u00e4t"},"content":{"rendered":"<p>L\u00e4pimitta [mm]: 200; Leveys (mm): 40; Jarruj\u00e4rjestelm\u00e4: VAG; Valmistaja rajaus: VAG; Paino [kg]: 1,36; Asennuspuoli: Hinterachse; VW: POLO 9N_,LUPO 6X1, 6E1,FOX 5Z1, 5Z3,POLO CLASSIC 6KV2,PASSAT Variant 32B,POLO Stufenheck 9A4,PASSAT 32B,POLO Stufenheck 9N4,PASSAT Stufenheck 32B,PASSAT Variant 33,SANTANA 32B; AUDI: 80 89, 89Q, 8A, B3,COUPE 89, 8B,80 81, 85, B2,COUPE 81, 85,100 43, C2,100 Avant 43, C2; SKODA: FABIA Combi 6Y5,FABIA,FABIA 6Y2,FABIA Combi,FABIA Stufenheck 6Y3,FABIA Praktik; SEAT: IBIZA IV 6L1,IBIZA V 6J5, 6P5,AROSA 6H,IBIZA V ST 6J8, 6P8,IBIZA V SPORTCOUPE 6J1, 6P1,CORDOBA 6L2; 357609527, 443609525, 443609526, 443609528, 811609525E, 811609527E, 811609528E, 811698525AV, 811698525AX, 321698545, 331609525, 331609526, 331609527F, 331609528F, 443698525X, 811609525E, 811609527E, 811609528E, 811698525AV, 811698525AX; Jarrukenk\u00e4sarja<\/p>\n","protected":false},"excerpt":{"rendered":"<p>A.B.S. Jarrukeng\u00e4t 8778 Jarrukenk\u00e4sarja VW,AUDI,SKODA,POLO 9N_,LUPO 6X1, 6E1,FOX 5Z1, 5Z3,POLO CLASSIC 6KV2,PASSAT Variant 32B,POLO Stufenheck 9A4<\/p>\n","protected":false},"featured_media":0,"template":"","meta":{"site-sidebar-layout":"default","site-content-layout":"default","ast-global-header-display":"","ast-main-header-display":"","ast-hfb-above-header-display":"","ast-hfb-below-header-display":"","ast-hfb-mobile-header-display":"","site-post-title":"","ast-breadcrumbs-content":"","ast-featured-img":"","footer-sml-layout":"","theme-transparent-header-meta":"","adv-header-id-meta":"","stick-header-meta":"","header-above-stick-meta":"","header-main-stick-meta":"","header-below-stick-meta":""},"pwb-brand":[326],"product_cat":[176],"product_tag":[],"class_list":{"0":"post-77801","1":"product","2":"type-product","3":"status-publish","5":"pwb-brand-a-b-s","6":"product_cat-jarrukengat","7":"desktop-align-left","8":"tablet-align-left","9":"mobile-align-left","11":"first","12":"instock","13":"product-type-external"},"brands":[{"id":326,"name":"A.B.S.","slug":"a-b-s"}],"_links":{"self":[{"href":"https:\/\/www.autonvaraosahaku.fi\/index.php?rest_route=\/wp\/v2\/product\/77801","targetHints":{"allow":["GET"]}}],"collection":[{"href":"https:\/\/www.autonvaraosahaku.fi\/index.php?rest_route=\/wp\/v2\/product"}],"about":[{"href":"https:\/\/www.autonvaraosahaku.fi\/index.php?rest_route=\/wp\/v2\/types\/product"}],"wp:attachment":[{"href":"https:\/\/www.autonvaraosahaku.fi\/index.php?rest_route=%2Fwp%2Fv2%2Fmedia&parent=77801"}],"wp:term":[{"taxonomy":"pwb-brand","embeddable":true,"href":"https:\/\/www.autonvaraosahaku.fi\/index.php?rest_route=%2Fwp%2Fv2%2Fpwb-brand&post=77801"},{"taxonomy":"product_cat","embeddable":true,"href":"https:\/\/www.autonvaraosahaku.fi\/index.php?rest_route=%2Fwp%2Fv2%2Fproduct_cat&post=77801"},{"taxonomy":"product_tag","embeddable":true,"href":"https:\/\/www.autonvaraosahaku.fi\/index.php?rest_route=%2Fwp%2Fv2%2Fproduct_tag&post=77801"}],"curies":[{"name":"wp","href":"https:\/\/api.w.org\/{rel}","templated":true}]}}