{"id":77869,"date":"2021-02-21T19:54:40","date_gmt":"2021-02-21T19:54:40","guid":{"rendered":"https:\/\/www.autonvaraosahaku.fi\/?product=magneti-marelli-313011300070-polttoainepumppu"},"modified":"2021-02-21T19:54:46","modified_gmt":"2021-02-21T19:54:46","slug":"magneti-marelli-313011300070-polttoainepumppu","status":"publish","type":"product","link":"https:\/\/www.autonvaraosahaku.fi\/?product=magneti-marelli-313011300070-polttoainepumppu","title":{"rendered":"MAGNETI MARELLI 313011300070 Polttoainepumppu"},"content":{"rendered":"<p>Siirtom\u00e4\u00e4r\u00e4 (l\/h): 95; K\u00e4ytt\u00f6: S\u00e4hk\u00f6inen; J\u00e4nnite sis\u00e4\u00e4n [V]: 12; K\u00e4ytt\u00f6paine (bar): 3; MAZDA: RX 7 II FC,323 III Hatchback BF,626 III Hatchback GD,929 III HC,323 III BF,MPV I LV,323 III Station Wagon BW; HONDA: ACCORD IV CB,CIVIC IV Stufenheck ED,ACCORD IV Aerodeck CB; LEXUS: ES F1, F2; FORD USA: PROBE I; TOYOTA: SUPRA JZA70_, GA70_, MA70,LAND CRUISER 80 _J8_,PREVIA TCR2_, TCR1_,LAND CRUISER _J6_,4 RUNNER RN10_, VZN13_, VZN10_, RN13_,MR 2 I AW1_,CELICA Liftback ST16_, AT16_,CAMRY _V2_,CELICA Coupe ST16_, AT16_,CELICA Cabriolet ST16_, AT16_,CAMRY Station Wagon _V2_,CELICA AT16_, ST16_,CAMRY Stufenheck _V1_; ROVER: 800 XS; DAIHATSU: CHARADE IV G200, G202,CHARADE III G100, G101, G102,APPLAUSE I A101, A111,CHARADE II G11, G30,CHARADE III Stufenheck G102; 8944713140, 8944713150, 8944716171, 8944739501, 8970161421, 8970191850, 8970191851, 8970191860, 8970191861, 8970191870, 8970191881, 8970653702, 8970693361, 1704210500, 1704230R00, 1704230R10, 1704230R11, 1704240F00, 1704240R00, 170425F600, 1704262E00, 1704262J00, 1704270F00, 1704296E10, 42021AA020, 42021AA300, 42021AACSC, 42021AC001, 42021AC024, 42021AC070, 42021AC071, 42021AC072, 42021AC120, 42021AC121, 42021AC160, 42021FA000, 42021FA001, 42021FA040, 42021FA080, 42021PA000, 2322116390<\/p>\n","protected":false},"excerpt":{"rendered":"<p>MAGNETI MARELLI Polttoainepumppu 313011300070  MAZDA,HONDA,LEXUS,RX 7 II FC,323 III Hatchback BF,626 III Hatchback GD,929 III HC,323 III BF,MPV I LV<\/p>\n","protected":false},"featured_media":0,"template":"","meta":{"site-sidebar-layout":"default","site-content-layout":"default","ast-global-header-display":"","ast-main-header-display":"","ast-hfb-above-header-display":"","ast-hfb-below-header-display":"","ast-hfb-mobile-header-display":"","site-post-title":"","ast-breadcrumbs-content":"","ast-featured-img":"","footer-sml-layout":"","theme-transparent-header-meta":"","adv-header-id-meta":"","stick-header-meta":"","header-above-stick-meta":"","header-main-stick-meta":"","header-below-stick-meta":""},"pwb-brand":[34],"product_cat":[73],"product_tag":[],"class_list":{"0":"post-77869","1":"product","2":"type-product","3":"status-publish","5":"pwb-brand-magneti-marelli","6":"product_cat-polttoainepumppu","7":"desktop-align-left","8":"tablet-align-left","9":"mobile-align-left","11":"first","12":"instock","13":"product-type-external"},"brands":[{"id":34,"name":"MAGNETI MARELLI","slug":"magneti-marelli"}],"_links":{"self":[{"href":"https:\/\/www.autonvaraosahaku.fi\/index.php?rest_route=\/wp\/v2\/product\/77869","targetHints":{"allow":["GET"]}}],"collection":[{"href":"https:\/\/www.autonvaraosahaku.fi\/index.php?rest_route=\/wp\/v2\/product"}],"about":[{"href":"https:\/\/www.autonvaraosahaku.fi\/index.php?rest_route=\/wp\/v2\/types\/product"}],"wp:attachment":[{"href":"https:\/\/www.autonvaraosahaku.fi\/index.php?rest_route=%2Fwp%2Fv2%2Fmedia&parent=77869"}],"wp:term":[{"taxonomy":"pwb-brand","embeddable":true,"href":"https:\/\/www.autonvaraosahaku.fi\/index.php?rest_route=%2Fwp%2Fv2%2Fpwb-brand&post=77869"},{"taxonomy":"product_cat","embeddable":true,"href":"https:\/\/www.autonvaraosahaku.fi\/index.php?rest_route=%2Fwp%2Fv2%2Fproduct_cat&post=77869"},{"taxonomy":"product_tag","embeddable":true,"href":"https:\/\/www.autonvaraosahaku.fi\/index.php?rest_route=%2Fwp%2Fv2%2Fproduct_tag&post=77869"}],"curies":[{"name":"wp","href":"https:\/\/api.w.org\/{rel}","templated":true}]}}