{"id":77901,"date":"2021-02-21T19:54:55","date_gmt":"2021-02-21T19:54:55","guid":{"rendered":"https:\/\/www.autonvaraosahaku.fi\/?product=nural-87-109400-50-manta"},"modified":"2021-02-21T19:54:58","modified_gmt":"2021-02-21T19:54:58","slug":"nural-87-109400-50-manta","status":"publish","type":"product","link":"https:\/\/www.autonvaraosahaku.fi\/?product=nural-87-109400-50-manta","title":{"rendered":"N\u00dcRAL 87-109400-50 M\u00e4nt\u00e4"},"content":{"rendered":"<p>Pituus (mm): 62,500; Sylinterin halkaisija [mm]: 81,00; M\u00e4nn\u00e4n ylitys [mm]: 1,300; Ruuvi-\u00d8 [mm]: 20; Komponenttinumero: 08-109400-10; Tuotantonumero: 08130E-101; Puristuskorkeus [mm]: 32,200; Syvennysl\u00e4pimitta [mm]: 55,700; Pultinpituus [mm]: 57; Syvennys 1 [mm]: 4,400; Vakiomitta (STD): ; M\u00e4nn\u00e4n v\u00e4lys [mm]: 0,025; TECDOC-moottorinumero: 278; VW: GOLF III 1H1,GOLF II 19E, 1G1,PASSAT Variant 3A5, 35I,GOLF I Cabriolet 155,GOLF III Cabriolet 1E7,GOLF Mk III Cabriolet 1E7,GOLF III Variant 1H5,PASSAT 3A2, 35I,POLO Variant 6KV5,POLO CLASSIC 6KV2,SCIROCCO 53B,VENTO 1H2,GOLF I 17,CADDY I 14,JETTA II 19E, 1G2, 165,PASSAT Variant 32B,PASSAT 32B,JETTA I 16,PASSAT Stufenheck 32B,POLO PLAYA,SANTANA 32B,GOLF III Van 1H1,SANTANA; AUDI: 80 89, 89Q, 8A, B3,100 44, 44Q, C3,COUPE 89, 8B,80 81, 85, B2,100 Avant 44, 44Q, C3,COUPE 81, 85; SEAT: IBIZA II 6K1,CORDOBA 6K1, 6K2,TOLEDO I 1L; M\u00e4nn\u00e4t<\/p>\n","protected":false},"excerpt":{"rendered":"<p>N\u00dcRAL M\u00e4nt\u00e4 87-109400-50 M\u00e4nn\u00e4t VW,AUDI,SEAT,GOLF III 1H1,GOLF II 19E, 1G1,PASSAT Variant 3A5, 35I,GOLF I Cabriolet 155,GOLF III Cabriolet 1E7<\/p>\n","protected":false},"featured_media":0,"template":"","meta":{"site-sidebar-layout":"default","site-content-layout":"default","ast-global-header-display":"","ast-main-header-display":"","ast-hfb-above-header-display":"","ast-hfb-below-header-display":"","ast-hfb-mobile-header-display":"","site-post-title":"","ast-breadcrumbs-content":"","ast-featured-img":"","footer-sml-layout":"","theme-transparent-header-meta":"","adv-header-id-meta":"","stick-header-meta":"","header-above-stick-meta":"","header-main-stick-meta":"","header-below-stick-meta":""},"pwb-brand":[579],"product_cat":[434],"product_tag":[],"class_list":{"0":"post-77901","1":"product","2":"type-product","3":"status-publish","5":"pwb-brand-nural","6":"product_cat-manta","7":"desktop-align-left","8":"tablet-align-left","9":"mobile-align-left","11":"first","12":"instock","13":"product-type-external"},"brands":[{"id":579,"name":"N\u00dcRAL","slug":"nural"}],"_links":{"self":[{"href":"https:\/\/www.autonvaraosahaku.fi\/index.php?rest_route=\/wp\/v2\/product\/77901","targetHints":{"allow":["GET"]}}],"collection":[{"href":"https:\/\/www.autonvaraosahaku.fi\/index.php?rest_route=\/wp\/v2\/product"}],"about":[{"href":"https:\/\/www.autonvaraosahaku.fi\/index.php?rest_route=\/wp\/v2\/types\/product"}],"wp:attachment":[{"href":"https:\/\/www.autonvaraosahaku.fi\/index.php?rest_route=%2Fwp%2Fv2%2Fmedia&parent=77901"}],"wp:term":[{"taxonomy":"pwb-brand","embeddable":true,"href":"https:\/\/www.autonvaraosahaku.fi\/index.php?rest_route=%2Fwp%2Fv2%2Fpwb-brand&post=77901"},{"taxonomy":"product_cat","embeddable":true,"href":"https:\/\/www.autonvaraosahaku.fi\/index.php?rest_route=%2Fwp%2Fv2%2Fproduct_cat&post=77901"},{"taxonomy":"product_tag","embeddable":true,"href":"https:\/\/www.autonvaraosahaku.fi\/index.php?rest_route=%2Fwp%2Fv2%2Fproduct_tag&post=77901"}],"curies":[{"name":"wp","href":"https:\/\/api.w.org\/{rel}","templated":true}]}}