{"id":77920,"date":"2021-02-21T19:55:02","date_gmt":"2021-02-21T19:55:02","guid":{"rendered":"https:\/\/www.autonvaraosahaku.fi\/?product=skf-vkba-6717-pyoranlaakerit"},"modified":"2021-02-21T19:55:05","modified_gmt":"2021-02-21T19:55:05","slug":"skf-vkba-6717-pyoranlaakerit","status":"publish","type":"product","link":"https:\/\/www.autonvaraosahaku.fi\/?product=skf-vkba-6717-pyoranlaakerit","title":{"rendered":"SKF VKBA 6717 Py\u00f6r\u00e4nlaakerit"},"content":{"rendered":"<p>Vanne, aukkoja: 5; Laippa \u00d8(mm): 150; Valmistusvuoteen: 12\/2011; CHRYSLER: 300 C Touring LX,300 C LX; DODGE: CHALLENGER Coupe,CHARGER LX; 4779199AA, 4779199AA; Py\u00f6r\u00e4nlaakerisarja<\/p>\n","protected":false},"excerpt":{"rendered":"<p>SKF Py\u00f6r\u00e4nlaakerit VKBA 6717 Py\u00f6r\u00e4nlaakerisarja CHRYSLER,DODGE,300 C Touring LX,300 C LX,CHALLENGER Coupe,CHARGER LX<\/p>\n","protected":false},"featured_media":0,"template":"","meta":{"site-sidebar-layout":"default","site-content-layout":"default","ast-global-header-display":"","ast-main-header-display":"","ast-hfb-above-header-display":"","ast-hfb-below-header-display":"","ast-hfb-mobile-header-display":"","site-post-title":"","ast-breadcrumbs-content":"","ast-featured-img":"","footer-sml-layout":"","theme-transparent-header-meta":"","adv-header-id-meta":"","stick-header-meta":"","header-above-stick-meta":"","header-main-stick-meta":"","header-below-stick-meta":""},"pwb-brand":[237],"product_cat":[83],"product_tag":[],"class_list":{"0":"post-77920","1":"product","2":"type-product","3":"status-publish","5":"pwb-brand-skf","6":"product_cat-pyoranlaakerit","7":"desktop-align-left","8":"tablet-align-left","9":"mobile-align-left","11":"first","12":"instock","13":"product-type-external"},"brands":[{"id":237,"name":"SKF","slug":"skf"}],"_links":{"self":[{"href":"https:\/\/www.autonvaraosahaku.fi\/index.php?rest_route=\/wp\/v2\/product\/77920","targetHints":{"allow":["GET"]}}],"collection":[{"href":"https:\/\/www.autonvaraosahaku.fi\/index.php?rest_route=\/wp\/v2\/product"}],"about":[{"href":"https:\/\/www.autonvaraosahaku.fi\/index.php?rest_route=\/wp\/v2\/types\/product"}],"wp:attachment":[{"href":"https:\/\/www.autonvaraosahaku.fi\/index.php?rest_route=%2Fwp%2Fv2%2Fmedia&parent=77920"}],"wp:term":[{"taxonomy":"pwb-brand","embeddable":true,"href":"https:\/\/www.autonvaraosahaku.fi\/index.php?rest_route=%2Fwp%2Fv2%2Fpwb-brand&post=77920"},{"taxonomy":"product_cat","embeddable":true,"href":"https:\/\/www.autonvaraosahaku.fi\/index.php?rest_route=%2Fwp%2Fv2%2Fproduct_cat&post=77920"},{"taxonomy":"product_tag","embeddable":true,"href":"https:\/\/www.autonvaraosahaku.fi\/index.php?rest_route=%2Fwp%2Fv2%2Fproduct_tag&post=77920"}],"curies":[{"name":"wp","href":"https:\/\/api.w.org\/{rel}","templated":true}]}}