{"id":77929,"date":"2021-02-21T19:55:02","date_gmt":"2021-02-21T19:55:02","guid":{"rendered":"https:\/\/www.autonvaraosahaku.fi\/?product=ajusa-81010900-kannen-pultit"},"modified":"2021-02-21T19:55:08","modified_gmt":"2021-02-21T19:55:08","slug":"ajusa-81010900-kannen-pultit","status":"publish","type":"product","link":"https:\/\/www.autonvaraosahaku.fi\/?product=ajusa-81010900-kannen-pultit","title":{"rendered":"AJUSA 81010900 Kannen pultit"},"content":{"rendered":"<p>Kierremitta: M12; Kierrenousu (mm): 1,5; Pituus (mm): 98; Pituus 1 (mm): 65; M\u00e4\u00e4r\u00e4: 10; Ruuvikanta\/mutteriprofiili: Torx, sis\u00e4; Paino [g]: 805; TECDOC-moottorinumero: 2642; OPEL: OMEGA A 16_, 17_, 19_,FRONTERA A 5_MWL4,KADETT C Coupe,MANTA B 58_, 59_,MONZA A 22_,ASCONA B 81_, 86_, 87_, 88_,REKORD E 17_-19_, 11_, 14_, 16_,SENATOR A 29_,OMEGA A Caravan 66_, 67_,REKORD D,MANTA B CC 53_, 55_,REKORD E Caravan 61_, 66_, 67_,REKORD D Coupe,REKORD D Caravan; VAUXHALL: FRONTERA Mk I A; BEDFORD: BLITZ CF97; 607252&#215;5, 607955&#215;5; Sylinterikannen Pultit,Syl.Kannen Pulttisarja<\/p>\n","protected":false},"excerpt":{"rendered":"<p>AJUSA Kannen Pultit 81010900 Sylinterikannen Pultit,Syl.Kannen Pulttisarja OPEL,VAUXHALL,BEDFORD,OMEGA A 16_, 17_, 19_,FRONTERA A 5_MWL4<\/p>\n","protected":false},"featured_media":0,"template":"","meta":{"site-sidebar-layout":"default","site-content-layout":"default","ast-global-header-display":"","ast-main-header-display":"","ast-hfb-above-header-display":"","ast-hfb-below-header-display":"","ast-hfb-mobile-header-display":"","site-post-title":"","ast-breadcrumbs-content":"","ast-featured-img":"","footer-sml-layout":"","theme-transparent-header-meta":"","adv-header-id-meta":"","stick-header-meta":"","header-above-stick-meta":"","header-main-stick-meta":"","header-below-stick-meta":""},"pwb-brand":[211],"product_cat":[67],"product_tag":[],"class_list":{"0":"post-77929","1":"product","2":"type-product","3":"status-publish","5":"pwb-brand-ajusa","6":"product_cat-kannen-pultit","7":"desktop-align-left","8":"tablet-align-left","9":"mobile-align-left","11":"first","12":"instock","13":"product-type-external"},"brands":[{"id":211,"name":"AJUSA","slug":"ajusa"}],"_links":{"self":[{"href":"https:\/\/www.autonvaraosahaku.fi\/index.php?rest_route=\/wp\/v2\/product\/77929","targetHints":{"allow":["GET"]}}],"collection":[{"href":"https:\/\/www.autonvaraosahaku.fi\/index.php?rest_route=\/wp\/v2\/product"}],"about":[{"href":"https:\/\/www.autonvaraosahaku.fi\/index.php?rest_route=\/wp\/v2\/types\/product"}],"wp:attachment":[{"href":"https:\/\/www.autonvaraosahaku.fi\/index.php?rest_route=%2Fwp%2Fv2%2Fmedia&parent=77929"}],"wp:term":[{"taxonomy":"pwb-brand","embeddable":true,"href":"https:\/\/www.autonvaraosahaku.fi\/index.php?rest_route=%2Fwp%2Fv2%2Fpwb-brand&post=77929"},{"taxonomy":"product_cat","embeddable":true,"href":"https:\/\/www.autonvaraosahaku.fi\/index.php?rest_route=%2Fwp%2Fv2%2Fproduct_cat&post=77929"},{"taxonomy":"product_tag","embeddable":true,"href":"https:\/\/www.autonvaraosahaku.fi\/index.php?rest_route=%2Fwp%2Fv2%2Fproduct_tag&post=77929"}],"curies":[{"name":"wp","href":"https:\/\/api.w.org\/{rel}","templated":true}]}}