{"id":77958,"date":"2021-02-21T19:55:16","date_gmt":"2021-02-21T19:55:16","guid":{"rendered":"https:\/\/www.autonvaraosahaku.fi\/?product=skf-vkjp-8349-vetonivelen-suojakumi"},"modified":"2021-02-21T19:55:19","modified_gmt":"2021-02-21T19:55:19","slug":"skf-vkjp-8349-vetonivelen-suojakumi","status":"publish","type":"product","link":"https:\/\/www.autonvaraosahaku.fi\/?product=skf-vkjp-8349-vetonivelen-suojakumi","title":{"rendered":"SKF VKJP 8349 Vetonivelen suojakumi"},"content":{"rendered":"<p>Paksuus [mm]: 14; Korkeus (mm): 84; Nivelmalli: Tripodi-nivel; Sis\u00e4l\u00e4pimitta 1 [mm]: 19; Sis\u00e4l\u00e4pimitta 2 [mm]: 60; Vaihteistomalli: MA; RENAULT: SC\u00c9NIC II JM0\/1_,KANGOO Express FC0\/1_; PEUGEOT: 208,301,208 Kasten; CITRO\u00cbN: C3 I FC_,C3 II,C3 Pluriel HB_,C-ELYSEE; NISSAN: QASHQAI \/ QASHQAI +2 J10, JJ10,MICRA III K12,NOTE E11,MICRA C+C K12,X-TRAIL T32; MINI: MINI R50, R53,MINI Cabriolet R52; 328794, 31600002881, 31607518246, C97412U60A, C9GDA2U60A, C9GDA2U60H, 328794, 7701207398, TDR000280<\/p>\n","protected":false},"excerpt":{"rendered":"<p>SKF Paljekumisarja, Vetoakseli VKJP 8349  RENAULT,PEUGEOT,CITRO\u00cbN,SC\u00c9NIC II JM0\/1_,KANGOO Express FC0\/1_,208,301,208 Kasten,C3 I FC_,C3 II<\/p>\n","protected":false},"featured_media":0,"template":"","meta":{"site-sidebar-layout":"default","site-content-layout":"default","ast-global-header-display":"","ast-main-header-display":"","ast-hfb-above-header-display":"","ast-hfb-below-header-display":"","ast-hfb-mobile-header-display":"","site-post-title":"","ast-breadcrumbs-content":"","ast-featured-img":"","footer-sml-layout":"","theme-transparent-header-meta":"","adv-header-id-meta":"","stick-header-meta":"","header-above-stick-meta":"","header-main-stick-meta":"","header-below-stick-meta":""},"pwb-brand":[237],"product_cat":[42],"product_tag":[],"class_list":{"0":"post-77958","1":"product","2":"type-product","3":"status-publish","5":"pwb-brand-skf","6":"product_cat-vetonivelen-suojakumi","7":"desktop-align-left","8":"tablet-align-left","9":"mobile-align-left","11":"first","12":"instock","13":"product-type-external"},"brands":[{"id":237,"name":"SKF","slug":"skf"}],"_links":{"self":[{"href":"https:\/\/www.autonvaraosahaku.fi\/index.php?rest_route=\/wp\/v2\/product\/77958","targetHints":{"allow":["GET"]}}],"collection":[{"href":"https:\/\/www.autonvaraosahaku.fi\/index.php?rest_route=\/wp\/v2\/product"}],"about":[{"href":"https:\/\/www.autonvaraosahaku.fi\/index.php?rest_route=\/wp\/v2\/types\/product"}],"wp:attachment":[{"href":"https:\/\/www.autonvaraosahaku.fi\/index.php?rest_route=%2Fwp%2Fv2%2Fmedia&parent=77958"}],"wp:term":[{"taxonomy":"pwb-brand","embeddable":true,"href":"https:\/\/www.autonvaraosahaku.fi\/index.php?rest_route=%2Fwp%2Fv2%2Fpwb-brand&post=77958"},{"taxonomy":"product_cat","embeddable":true,"href":"https:\/\/www.autonvaraosahaku.fi\/index.php?rest_route=%2Fwp%2Fv2%2Fproduct_cat&post=77958"},{"taxonomy":"product_tag","embeddable":true,"href":"https:\/\/www.autonvaraosahaku.fi\/index.php?rest_route=%2Fwp%2Fv2%2Fproduct_tag&post=77958"}],"curies":[{"name":"wp","href":"https:\/\/api.w.org\/{rel}","templated":true}]}}