{"id":77969,"date":"2021-02-21T19:55:16","date_gmt":"2021-02-21T19:55:16","guid":{"rendered":"https:\/\/www.autonvaraosahaku.fi\/?product=asmet-05-162-takaaanenvaimennin"},"modified":"2021-02-21T19:55:23","modified_gmt":"2021-02-21T19:55:23","slug":"asmet-05-162-takaaanenvaimennin","status":"publish","type":"product","link":"https:\/\/www.autonvaraosahaku.fi\/?product=asmet-05-162-takaaanenvaimennin","title":{"rendered":"ASMET 05.162 Taka\u00e4\u00e4nenvaimennin"},"content":{"rendered":"<p>OPEL: ASTRA G Caravan F35_; 24422991, 24422994, 24423003, 24423011, 24432902, 5852051, 5852052, 5852053, 5852054, 5852096, 5852099, 5852103, 5852106, 5852402, 5852409, 5852424, 5852427, 5852458, 9012078, 9128077, 9128079; Takavaimennin,Takap\u00f6ntt\u00f6,Taka\u00e4\u00e4nenvaimentaja<\/p>\n","protected":false},"excerpt":{"rendered":"<p>ASMET Taka\u00e4\u00e4nenvaimennin 05.162 Takavaimennin,Takap\u00f6ntt\u00f6 OPEL,ASTRA G Caravan F35_<\/p>\n","protected":false},"featured_media":0,"template":"","meta":{"site-sidebar-layout":"default","site-content-layout":"default","ast-global-header-display":"","ast-main-header-display":"","ast-hfb-above-header-display":"","ast-hfb-below-header-display":"","ast-hfb-mobile-header-display":"","site-post-title":"","ast-breadcrumbs-content":"","ast-featured-img":"","footer-sml-layout":"","theme-transparent-header-meta":"","adv-header-id-meta":"","stick-header-meta":"","header-above-stick-meta":"","header-main-stick-meta":"","header-below-stick-meta":""},"pwb-brand":[301],"product_cat":[90],"product_tag":[],"class_list":{"0":"post-77969","1":"product","2":"type-product","3":"status-publish","5":"pwb-brand-asmet","6":"product_cat-takaaanenvaimennin","7":"desktop-align-left","8":"tablet-align-left","9":"mobile-align-left","11":"first","12":"instock","13":"product-type-external"},"brands":[{"id":301,"name":"ASMET","slug":"asmet"}],"_links":{"self":[{"href":"https:\/\/www.autonvaraosahaku.fi\/index.php?rest_route=\/wp\/v2\/product\/77969","targetHints":{"allow":["GET"]}}],"collection":[{"href":"https:\/\/www.autonvaraosahaku.fi\/index.php?rest_route=\/wp\/v2\/product"}],"about":[{"href":"https:\/\/www.autonvaraosahaku.fi\/index.php?rest_route=\/wp\/v2\/types\/product"}],"wp:attachment":[{"href":"https:\/\/www.autonvaraosahaku.fi\/index.php?rest_route=%2Fwp%2Fv2%2Fmedia&parent=77969"}],"wp:term":[{"taxonomy":"pwb-brand","embeddable":true,"href":"https:\/\/www.autonvaraosahaku.fi\/index.php?rest_route=%2Fwp%2Fv2%2Fpwb-brand&post=77969"},{"taxonomy":"product_cat","embeddable":true,"href":"https:\/\/www.autonvaraosahaku.fi\/index.php?rest_route=%2Fwp%2Fv2%2Fproduct_cat&post=77969"},{"taxonomy":"product_tag","embeddable":true,"href":"https:\/\/www.autonvaraosahaku.fi\/index.php?rest_route=%2Fwp%2Fv2%2Fproduct_tag&post=77969"}],"curies":[{"name":"wp","href":"https:\/\/api.w.org\/{rel}","templated":true}]}}