{"id":77973,"date":"2021-02-21T19:55:24","date_gmt":"2021-02-21T19:55:24","guid":{"rendered":"https:\/\/www.autonvaraosahaku.fi\/?product=skf-vkjp-2087-hammastangon-suojakumi"},"modified":"2021-02-21T19:55:26","modified_gmt":"2021-02-21T19:55:26","slug":"skf-vkjp-2087-hammastangon-suojakumi","status":"publish","type":"product","link":"https:\/\/www.autonvaraosahaku.fi\/?product=skf-vkjp-2087-hammastangon-suojakumi","title":{"rendered":"SKF VKJP 2087 Hammastangon suojakumi"},"content":{"rendered":"<p>Korkeus (mm): 210; Materiaali: Thermoplast; Sis\u00e4l\u00e4pimitta 1 [mm]: 12; Sis\u00e4l\u00e4pimitta 2 [mm]: 61; Asennuspuoli: beidseitig; ALFA ROMEO: 147 937,156 Sportwagon 932,156 932,GT 937,166 936; LANCIA: THESIS 841AX; 36020094, 9947921, 9951287, 9947921, 9947921<\/p>\n","protected":false},"excerpt":{"rendered":"<p>SKF Paljekumisarja, Ohjaus VKJP 2087  ALFA ROMEO,LANCIA,147 937,156 Sportwagon 932,156 932,GT 937,166 936,THESIS 841AX<\/p>\n","protected":false},"featured_media":0,"template":"","meta":{"site-sidebar-layout":"default","site-content-layout":"default","ast-global-header-display":"","ast-main-header-display":"","ast-hfb-above-header-display":"","ast-hfb-below-header-display":"","ast-hfb-mobile-header-display":"","site-post-title":"","ast-breadcrumbs-content":"","ast-featured-img":"","footer-sml-layout":"","theme-transparent-header-meta":"","adv-header-id-meta":"","stick-header-meta":"","header-above-stick-meta":"","header-main-stick-meta":"","header-below-stick-meta":""},"pwb-brand":[237],"product_cat":[81],"product_tag":[],"class_list":{"0":"post-77973","1":"product","2":"type-product","3":"status-publish","5":"pwb-brand-skf","6":"product_cat-hammastangon-suojakumi","7":"desktop-align-left","8":"tablet-align-left","9":"mobile-align-left","11":"first","12":"instock","13":"product-type-external"},"brands":[{"id":237,"name":"SKF","slug":"skf"}],"_links":{"self":[{"href":"https:\/\/www.autonvaraosahaku.fi\/index.php?rest_route=\/wp\/v2\/product\/77973","targetHints":{"allow":["GET"]}}],"collection":[{"href":"https:\/\/www.autonvaraosahaku.fi\/index.php?rest_route=\/wp\/v2\/product"}],"about":[{"href":"https:\/\/www.autonvaraosahaku.fi\/index.php?rest_route=\/wp\/v2\/types\/product"}],"wp:attachment":[{"href":"https:\/\/www.autonvaraosahaku.fi\/index.php?rest_route=%2Fwp%2Fv2%2Fmedia&parent=77973"}],"wp:term":[{"taxonomy":"pwb-brand","embeddable":true,"href":"https:\/\/www.autonvaraosahaku.fi\/index.php?rest_route=%2Fwp%2Fv2%2Fpwb-brand&post=77973"},{"taxonomy":"product_cat","embeddable":true,"href":"https:\/\/www.autonvaraosahaku.fi\/index.php?rest_route=%2Fwp%2Fv2%2Fproduct_cat&post=77973"},{"taxonomy":"product_tag","embeddable":true,"href":"https:\/\/www.autonvaraosahaku.fi\/index.php?rest_route=%2Fwp%2Fv2%2Fproduct_tag&post=77973"}],"curies":[{"name":"wp","href":"https:\/\/api.w.org\/{rel}","templated":true}]}}