{"id":77986,"date":"2021-02-21T19:55:24","date_gmt":"2021-02-21T19:55:24","guid":{"rendered":"https:\/\/www.autonvaraosahaku.fi\/?product=reinz-81-35623-00-nokka-akselin-tiiviste"},"modified":"2021-02-21T19:55:30","modified_gmt":"2021-02-21T19:55:30","slug":"reinz-81-35623-00-nokka-akselin-tiiviste","status":"publish","type":"product","link":"https:\/\/www.autonvaraosahaku.fi\/?product=reinz-81-35623-00-nokka-akselin-tiiviste","title":{"rendered":"REINZ 81-35623-00 Nokka akselin tiiviste"},"content":{"rendered":"<p>Materiaali: FPM (fluori-kumi)\/APM (polyakryyli-kumi); Sis\u00e4l\u00e4pimitta [mm]: 40; Ulkol\u00e4pimitta [mm]: 55; Leveys (mm): 7; Akselitiivisteen malli: AB SL; Rihlamalli: Oikea kierre; TECDOC-moottorinumero: 20928; ABARTH: 500 \/ 595 312_,500C \/ 595C 312_,PUNTO 199_; HONDA: JAZZ IV GK; LANCIA: YPSILON 843,DELTA III 844,Y 840A,MUSA 350,YPSILON 312, 846; OPEL: COMBO Kasten\/Kombi X12,COMBO Tour X12; FORD: KA RU8; ALFA ROMEO: 159 Sportwagon 939,GIULIETTA 940,MITO 955,159 939,BRERA,SPIDER 939,4C 960,4C SPIDER 960; FIAT: GRANDE PUNTO 199,PUNTO 188,PANDA 169,500 312,STILO 192,BRAVO II 198,PUNTO EVO 199,DOBLO Cargo 223,500 C 312,PUNTO 176,STILO Multi Wagon 192,DOBLO 119,DOBLO Kasten\/Kombi 263,PANDA Van 169,PUNTO 199,IDEA,PANDA 312,STRADA Pick-up 178E,QUBO 225,500L,DOBLO Gro\u00dfraumlimousine 152, 263,BRAVO I 182,BRAVA 182,PUNTO Cabriolet 176C,MAREA Weekend 185,FIORINO Kasten\/Kombi 225,PALIO Weekend 178DX,LINEA 323,PUNTO Van 199,DOBLO Pritsche\/Fahrgestell 263,MAREA 185,PALIO 178BX,500X,SIENA 178_,TIPO Schr\u00e4gheck 356_,PANDA VAN 312,TIPO Kombi 356_,TIPO Stufenheck 356_,PUNTO EVO Van 199_; VAUXHALL: COMBO Mk III D Kasten\/Kombi; 55195339, 55236852, 55195339, 1535463, 9S516K292AA, 55195339, 55195339; Akselitiiviste, Nokka-Akseli<\/p>\n","protected":false},"excerpt":{"rendered":"<p>REINZ Nokka Akselin Tiiviste 81-35623-00 Akselitiiviste, Nokka-Akseli ABARTH,HONDA,LANCIA,500 \/ 595 312_,500C \/ 595C 312_,PUNTO 199_,JAZZ IV GK<\/p>\n","protected":false},"featured_media":0,"template":"","meta":{"site-sidebar-layout":"default","site-content-layout":"default","ast-global-header-display":"","ast-main-header-display":"","ast-hfb-above-header-display":"","ast-hfb-below-header-display":"","ast-hfb-mobile-header-display":"","site-post-title":"","ast-breadcrumbs-content":"","ast-featured-img":"","footer-sml-layout":"","theme-transparent-header-meta":"","adv-header-id-meta":"","stick-header-meta":"","header-above-stick-meta":"","header-main-stick-meta":"","header-below-stick-meta":""},"pwb-brand":[138],"product_cat":[122],"product_tag":[],"class_list":{"0":"post-77986","1":"product","2":"type-product","3":"status-publish","5":"pwb-brand-reinz","6":"product_cat-nokka-akselin-tiiviste","7":"desktop-align-left","8":"tablet-align-left","9":"mobile-align-left","11":"first","12":"instock","13":"product-type-external"},"brands":[{"id":138,"name":"REINZ","slug":"reinz"}],"_links":{"self":[{"href":"https:\/\/www.autonvaraosahaku.fi\/index.php?rest_route=\/wp\/v2\/product\/77986","targetHints":{"allow":["GET"]}}],"collection":[{"href":"https:\/\/www.autonvaraosahaku.fi\/index.php?rest_route=\/wp\/v2\/product"}],"about":[{"href":"https:\/\/www.autonvaraosahaku.fi\/index.php?rest_route=\/wp\/v2\/types\/product"}],"wp:attachment":[{"href":"https:\/\/www.autonvaraosahaku.fi\/index.php?rest_route=%2Fwp%2Fv2%2Fmedia&parent=77986"}],"wp:term":[{"taxonomy":"pwb-brand","embeddable":true,"href":"https:\/\/www.autonvaraosahaku.fi\/index.php?rest_route=%2Fwp%2Fv2%2Fpwb-brand&post=77986"},{"taxonomy":"product_cat","embeddable":true,"href":"https:\/\/www.autonvaraosahaku.fi\/index.php?rest_route=%2Fwp%2Fv2%2Fproduct_cat&post=77986"},{"taxonomy":"product_tag","embeddable":true,"href":"https:\/\/www.autonvaraosahaku.fi\/index.php?rest_route=%2Fwp%2Fv2%2Fproduct_tag&post=77986"}],"curies":[{"name":"wp","href":"https:\/\/api.w.org\/{rel}","templated":true}]}}