{"id":77988,"date":"2021-02-21T19:55:24","date_gmt":"2021-02-21T19:55:24","guid":{"rendered":"https:\/\/www.autonvaraosahaku.fi\/?product=reinz-81-33869-00-kampiakselin-tiiviste"},"modified":"2021-02-21T19:55:30","modified_gmt":"2021-02-21T19:55:30","slug":"reinz-81-33869-00-kampiakselin-tiiviste","status":"publish","type":"product","link":"https:\/\/www.autonvaraosahaku.fi\/?product=reinz-81-33869-00-kampiakselin-tiiviste","title":{"rendered":"REINZ 81-33869-00 Kampiakselin tiiviste"},"content":{"rendered":"<p>Materiaali: FPM (fluori-kumi); Sis\u00e4l\u00e4pimitta [mm]: 33; Ulkol\u00e4pimitta [mm]: 47; Leveys (mm): 5; Akselitiivisteen malli: A SL; Rihlamalli: Oikea kierre; Asennuspuoli: stirnseitig; MAZDA: 2 DY,121 III JASM, JBSM; VOLVO: V50 MW,V70 III BW,C30,V60,S40 II MS,V40 Schr\u00e4gheck,S80 II AS,S60 II; FORD: FIESTA V JH_, JD_,FOCUS II Kombi DA_,FIESTA VI,MONDEO IV Turnier BA7,FOCUS Kombi DNW,FOCUS II DA_,FOCUS DAW, DBW,S-MAX WA6,FOCUS III Turnier,FOCUS C-MAX,FIESTA IV JA_, JB_,GALAXY WA6,FUSION JU_,C-MAX DM2,FOCUS III,C-MAX II,MONDEO IV BA7,KUGA II DM2,FIESTA Stufenheck JA8 JR8,GRAND C-MAX,FOCUS Stufenheck DFW,FOCUS II Stufenheck DA_,B-MAX JK,FOCUS II Cabriolet,ECOSPORT,PUMA EC_,FOCUS III Stufenheck,MONDEO IV Stufenheck BA7,TOURNEO CONNECT \/ GRAND TOURNEO CONNECT Kombi,FIESTA VI Van,FIESTA Kasten J5_, J3_,TRANSIT CONNECT Kasten,MONDEO V Turnier,S-MAX,MONDEO V Stufenheck,GRAND C-MAX Van,GALAXY,MONDEO V Schr\u00e4gheck,C-MAX II Van,B-MAX Van,TRANSIT CONNECT Kombi,FOCUS III Kasten\/Schr\u00e4gheck,KA,KA + Stufenheck; 1004457, 1473807, 1677988, 6M5G6700BA, YS6G6700A9A, C20110602, 7700106390, 30711646, 31293199; Akselitiiviste, Kampiakseli<\/p>\n","protected":false},"excerpt":{"rendered":"<p>REINZ Kampiakselin Tiiviste 81-33869-00 Akselitiiviste, Kampiakseli MAZDA,VOLVO,FORD,2 DY,121 III JASM, JBSM,V50 MW,V70 III BW,C30,V60,S40 II MS<\/p>\n","protected":false},"featured_media":0,"template":"","meta":{"site-sidebar-layout":"default","site-content-layout":"default","ast-global-header-display":"","ast-main-header-display":"","ast-hfb-above-header-display":"","ast-hfb-below-header-display":"","ast-hfb-mobile-header-display":"","site-post-title":"","ast-breadcrumbs-content":"","ast-featured-img":"","footer-sml-layout":"","theme-transparent-header-meta":"","adv-header-id-meta":"","stick-header-meta":"","header-above-stick-meta":"","header-main-stick-meta":"","header-below-stick-meta":""},"pwb-brand":[138],"product_cat":[88],"product_tag":[],"class_list":{"0":"post-77988","1":"product","2":"type-product","3":"status-publish","5":"pwb-brand-reinz","6":"product_cat-kampiakselin-tiiviste","7":"desktop-align-left","8":"tablet-align-left","9":"mobile-align-left","11":"first","12":"instock","13":"product-type-external"},"brands":[{"id":138,"name":"REINZ","slug":"reinz"}],"_links":{"self":[{"href":"https:\/\/www.autonvaraosahaku.fi\/index.php?rest_route=\/wp\/v2\/product\/77988","targetHints":{"allow":["GET"]}}],"collection":[{"href":"https:\/\/www.autonvaraosahaku.fi\/index.php?rest_route=\/wp\/v2\/product"}],"about":[{"href":"https:\/\/www.autonvaraosahaku.fi\/index.php?rest_route=\/wp\/v2\/types\/product"}],"wp:attachment":[{"href":"https:\/\/www.autonvaraosahaku.fi\/index.php?rest_route=%2Fwp%2Fv2%2Fmedia&parent=77988"}],"wp:term":[{"taxonomy":"pwb-brand","embeddable":true,"href":"https:\/\/www.autonvaraosahaku.fi\/index.php?rest_route=%2Fwp%2Fv2%2Fpwb-brand&post=77988"},{"taxonomy":"product_cat","embeddable":true,"href":"https:\/\/www.autonvaraosahaku.fi\/index.php?rest_route=%2Fwp%2Fv2%2Fproduct_cat&post=77988"},{"taxonomy":"product_tag","embeddable":true,"href":"https:\/\/www.autonvaraosahaku.fi\/index.php?rest_route=%2Fwp%2Fv2%2Fproduct_tag&post=77988"}],"curies":[{"name":"wp","href":"https:\/\/api.w.org\/{rel}","templated":true}]}}