{"id":78006,"date":"2021-02-21T19:55:32","date_gmt":"2021-02-21T19:55:32","guid":{"rendered":"https:\/\/www.autonvaraosahaku.fi\/?product=alkar-6439127-sivupeilin-lasi"},"modified":"2021-02-21T19:55:37","modified_gmt":"2021-02-21T19:55:37","slug":"alkar-6439127-sivupeilin-lasi","status":"publish","type":"product","link":"https:\/\/www.autonvaraosahaku.fi\/?product=alkar-6439127-sivupeilin-lasi","title":{"rendered":"ALKAR 6439127 Sivupeilin lasi"},"content":{"rendered":"<p>Asennuspuoli: Vasen; Laatu: ALKAR; Vain jnk. yhteydess\u00e4: OEM; Vasen \/ oikea liikenne: Ohjaus vasemmalla; Ulko-\/sis\u00e4peili: L\u00e4mmitetty, iso peilikotelo, Asf\u00e4\u00e4rinen; Lasin v\u00e4ri: Sininen; Valmistusvuoteen: 09\/2000; VW: GOLF IV 1J1,PASSAT Variant 3B6,LUPO 6X1, 6E1,GOLF IV Variant 1J5,PASSAT Variant 3B5,BORA 1J2,PASSAT 3B2,PASSAT 3B3,GOLF Mk III Cabriolet 1E7,BORA Kombi 1J6,GOLF IV Van 1J1; AUDI: A3 8L1,A4 8D2, B5,A4 Avant 8D5, B5,A8 4D2, 4D8,A6 Avant 4A, C4,A6 4A, C4; SEAT: LEON 1M1,AROSA 6H,IBIZA II 6K1,TOLEDO II 1M2,CORDOBA 6K1, 6K2; 1J1857521C, 1J1857521C; Peililasi, Ulkopeili<\/p>\n","protected":false},"excerpt":{"rendered":"<p>ALKAR Sivupeilin Lasi 6439127 Peililasi, Ulkopeili VW,AUDI,SEAT,GOLF IV 1J1,PASSAT Variant 3B6,LUPO 6X1, 6E1,GOLF IV Variant 1J5,PASSAT Variant 3B5<\/p>\n","protected":false},"featured_media":0,"template":"","meta":{"site-sidebar-layout":"default","site-content-layout":"default","ast-global-header-display":"","ast-main-header-display":"","ast-hfb-above-header-display":"","ast-hfb-below-header-display":"","ast-hfb-mobile-header-display":"","site-post-title":"","ast-breadcrumbs-content":"","ast-featured-img":"","footer-sml-layout":"","theme-transparent-header-meta":"","adv-header-id-meta":"","stick-header-meta":"","header-above-stick-meta":"","header-main-stick-meta":"","header-below-stick-meta":""},"pwb-brand":[320],"product_cat":[196],"product_tag":[],"class_list":{"0":"post-78006","1":"product","2":"type-product","3":"status-publish","5":"pwb-brand-alkar","6":"product_cat-sivupeilin-lasi","7":"desktop-align-left","8":"tablet-align-left","9":"mobile-align-left","11":"first","12":"instock","13":"product-type-external"},"brands":[{"id":320,"name":"ALKAR","slug":"alkar"}],"_links":{"self":[{"href":"https:\/\/www.autonvaraosahaku.fi\/index.php?rest_route=\/wp\/v2\/product\/78006","targetHints":{"allow":["GET"]}}],"collection":[{"href":"https:\/\/www.autonvaraosahaku.fi\/index.php?rest_route=\/wp\/v2\/product"}],"about":[{"href":"https:\/\/www.autonvaraosahaku.fi\/index.php?rest_route=\/wp\/v2\/types\/product"}],"wp:attachment":[{"href":"https:\/\/www.autonvaraosahaku.fi\/index.php?rest_route=%2Fwp%2Fv2%2Fmedia&parent=78006"}],"wp:term":[{"taxonomy":"pwb-brand","embeddable":true,"href":"https:\/\/www.autonvaraosahaku.fi\/index.php?rest_route=%2Fwp%2Fv2%2Fpwb-brand&post=78006"},{"taxonomy":"product_cat","embeddable":true,"href":"https:\/\/www.autonvaraosahaku.fi\/index.php?rest_route=%2Fwp%2Fv2%2Fproduct_cat&post=78006"},{"taxonomy":"product_tag","embeddable":true,"href":"https:\/\/www.autonvaraosahaku.fi\/index.php?rest_route=%2Fwp%2Fv2%2Fproduct_tag&post=78006"}],"curies":[{"name":"wp","href":"https:\/\/api.w.org\/{rel}","templated":true}]}}