{"id":78007,"date":"2021-02-21T19:55:32","date_gmt":"2021-02-21T19:55:32","guid":{"rendered":"https:\/\/www.autonvaraosahaku.fi\/?product=reinz-71-31738-00-venttiilikopan-tiiviste"},"modified":"2021-02-21T19:55:37","modified_gmt":"2021-02-21T19:55:37","slug":"reinz-71-31738-00-venttiilikopan-tiiviste","status":"publish","type":"product","link":"https:\/\/www.autonvaraosahaku.fi\/?product=reinz-71-31738-00-venttiilikopan-tiiviste","title":{"rendered":"REINZ 71-31738-00 Venttiilikopan tiiviste"},"content":{"rendered":"<p>Paksuus [mm]: 2,2; Tarvittava kappalem\u00e4\u00e4r\u00e4: 2; LANCIA: DELTA I 831AB0,BETA Spider 828BS,BETA Coupe 828BC,BETA  H.P.E. 828BF,BETA 828_B_,PRISMA 831AB0,TREVI 828DB; FIAT: 124 Spider,125,131,124 Coupe,RITMO I 138A,124,132,ARGENTA 132A,RITMO Cabriolet,131 Familiare\/Panorama; 4158646, 4158646; Tiiviste, Venttiilikoppa<\/p>\n","protected":false},"excerpt":{"rendered":"<p>REINZ Venttiilikopan Tiiviste 71-31738-00 Tiiviste, Venttiilikoppa LANCIA,FIAT,DELTA I 831AB0,BETA Spider 828BS,BETA Coupe 828BC,BETA  H.P.E. 828BF<\/p>\n","protected":false},"featured_media":0,"template":"","meta":{"site-sidebar-layout":"default","site-content-layout":"default","ast-global-header-display":"","ast-main-header-display":"","ast-hfb-above-header-display":"","ast-hfb-below-header-display":"","ast-hfb-mobile-header-display":"","site-post-title":"","ast-breadcrumbs-content":"","ast-featured-img":"","footer-sml-layout":"","theme-transparent-header-meta":"","adv-header-id-meta":"","stick-header-meta":"","header-above-stick-meta":"","header-main-stick-meta":"","header-below-stick-meta":""},"pwb-brand":[138],"product_cat":[44],"product_tag":[],"class_list":{"0":"post-78007","1":"product","2":"type-product","3":"status-publish","5":"pwb-brand-reinz","6":"product_cat-venttiilikopan-tiiviste","7":"desktop-align-left","8":"tablet-align-left","9":"mobile-align-left","11":"first","12":"instock","13":"product-type-external"},"brands":[{"id":138,"name":"REINZ","slug":"reinz"}],"_links":{"self":[{"href":"https:\/\/www.autonvaraosahaku.fi\/index.php?rest_route=\/wp\/v2\/product\/78007","targetHints":{"allow":["GET"]}}],"collection":[{"href":"https:\/\/www.autonvaraosahaku.fi\/index.php?rest_route=\/wp\/v2\/product"}],"about":[{"href":"https:\/\/www.autonvaraosahaku.fi\/index.php?rest_route=\/wp\/v2\/types\/product"}],"wp:attachment":[{"href":"https:\/\/www.autonvaraosahaku.fi\/index.php?rest_route=%2Fwp%2Fv2%2Fmedia&parent=78007"}],"wp:term":[{"taxonomy":"pwb-brand","embeddable":true,"href":"https:\/\/www.autonvaraosahaku.fi\/index.php?rest_route=%2Fwp%2Fv2%2Fpwb-brand&post=78007"},{"taxonomy":"product_cat","embeddable":true,"href":"https:\/\/www.autonvaraosahaku.fi\/index.php?rest_route=%2Fwp%2Fv2%2Fproduct_cat&post=78007"},{"taxonomy":"product_tag","embeddable":true,"href":"https:\/\/www.autonvaraosahaku.fi\/index.php?rest_route=%2Fwp%2Fv2%2Fproduct_tag&post=78007"}],"curies":[{"name":"wp","href":"https:\/\/api.w.org\/{rel}","templated":true}]}}