{"id":78020,"date":"2021-02-21T19:55:39","date_gmt":"2021-02-21T19:55:39","guid":{"rendered":"https:\/\/www.autonvaraosahaku.fi\/?product=reinz-61-37175-10-kannentiiviste"},"modified":"2021-02-21T19:55:42","modified_gmt":"2021-02-21T19:55:42","slug":"reinz-61-37175-10-kannentiiviste","status":"publish","type":"product","link":"https:\/\/www.autonvaraosahaku.fi\/?product=reinz-61-37175-10-kannentiiviste","title":{"rendered":"REINZ 61-37175-10 Kannentiiviste"},"content":{"rendered":"<p>Tiivistetyyppi: Metalli-kerros tiiviste; Paksuus [mm]: 1,63; L\u00e4pimitta [mm]: 82; Reikien m\u00e4\u00e4r\u00e4: 2; TECDOC-moottorinumero: 24474; VW: TRANSPORTER V Bus 7HB, 7HJ, 7EB, 7EJ, 7EF,MULTIVAN V 7HM, 7HN, 7HF, 7EF, 7EM, 7EN,TRANSPORTER V Kasten 7HA, 7HH, 7EA, 7EH,CRAFTER 30-50 Kasten 2E_,AMAROK 2H_, S1B,CRAFTER 30-35 Bus 2E_,TRANSPORTER V Pritsche\/Fahrgestell 7JD, 7JE, 7JL, 7JY, 7JZ,,CRAFTER 30-50 Pritsche\/Fahrgestell 2F_,MULTIVAN VI SGF, SGM, SGN,TRANSPORTER VI Bus SGB, SGG, SGJ,TRANSPORTER VI Kasten SGA, SGH,AMAROK Pritsche\/Fahrgestell S1B,TRANSPORTER VI Pritsche\/Fahrgestell SFD, SFE, SFL, SFZ; 03L103383AN, 03L103383BG, 03L103383BK, 03L103383AN, 03L103383BG, 03L103383BK, 03L103383AN, 03L103383BG, 03L103383BK, 03L103383AN, 03L103383BG, 03L103383BK; Tiiviste, Sylinterikansi<\/p>\n","protected":false},"excerpt":{"rendered":"<p>REINZ Kannentiiviste 61-37175-10 Tiiviste, Sylinterikansi VW,TRANSPORTER V Bus 7HB, 7HJ, 7EB, 7EJ, 7EF,MULTIVAN V 7HM, 7HN, 7HF, 7EF, 7EM, 7EN<\/p>\n","protected":false},"featured_media":0,"template":"","meta":{"site-sidebar-layout":"default","site-content-layout":"default","ast-global-header-display":"","ast-main-header-display":"","ast-hfb-above-header-display":"","ast-hfb-below-header-display":"","ast-hfb-mobile-header-display":"","site-post-title":"","ast-breadcrumbs-content":"","ast-featured-img":"","footer-sml-layout":"","theme-transparent-header-meta":"","adv-header-id-meta":"","stick-header-meta":"","header-above-stick-meta":"","header-main-stick-meta":"","header-below-stick-meta":""},"pwb-brand":[138],"product_cat":[230],"product_tag":[],"class_list":{"0":"post-78020","1":"product","2":"type-product","3":"status-publish","5":"pwb-brand-reinz","6":"product_cat-kannentiiviste","7":"desktop-align-left","8":"tablet-align-left","9":"mobile-align-left","11":"first","12":"instock","13":"product-type-external"},"brands":[{"id":138,"name":"REINZ","slug":"reinz"}],"_links":{"self":[{"href":"https:\/\/www.autonvaraosahaku.fi\/index.php?rest_route=\/wp\/v2\/product\/78020","targetHints":{"allow":["GET"]}}],"collection":[{"href":"https:\/\/www.autonvaraosahaku.fi\/index.php?rest_route=\/wp\/v2\/product"}],"about":[{"href":"https:\/\/www.autonvaraosahaku.fi\/index.php?rest_route=\/wp\/v2\/types\/product"}],"wp:attachment":[{"href":"https:\/\/www.autonvaraosahaku.fi\/index.php?rest_route=%2Fwp%2Fv2%2Fmedia&parent=78020"}],"wp:term":[{"taxonomy":"pwb-brand","embeddable":true,"href":"https:\/\/www.autonvaraosahaku.fi\/index.php?rest_route=%2Fwp%2Fv2%2Fpwb-brand&post=78020"},{"taxonomy":"product_cat","embeddable":true,"href":"https:\/\/www.autonvaraosahaku.fi\/index.php?rest_route=%2Fwp%2Fv2%2Fproduct_cat&post=78020"},{"taxonomy":"product_tag","embeddable":true,"href":"https:\/\/www.autonvaraosahaku.fi\/index.php?rest_route=%2Fwp%2Fv2%2Fproduct_tag&post=78020"}],"curies":[{"name":"wp","href":"https:\/\/api.w.org\/{rel}","templated":true}]}}