{"id":78024,"date":"2021-02-21T19:55:39","date_gmt":"2021-02-21T19:55:39","guid":{"rendered":"https:\/\/www.autonvaraosahaku.fi\/?product=reinz-40-77535-00-imusarjan-tiivisteet"},"modified":"2021-02-21T19:55:43","modified_gmt":"2021-02-21T19:55:43","slug":"reinz-40-77535-00-imusarjan-tiivisteet","status":"publish","type":"product","link":"https:\/\/www.autonvaraosahaku.fi\/?product=reinz-40-77535-00-imusarjan-tiivisteet","title":{"rendered":"REINZ 40-77535-00 Imusarjan tiivisteet"},"content":{"rendered":"<p>Materiaali: NBR (nitriili-butadi-kumi); Paksuus [mm]: 7,5; Sis\u00e4l\u00e4pimitta [mm]: 55,8; Ulkol\u00e4pimitta [mm]: 59,2; TECDOC-moottorinumero: 28369; BMW: 3 Compact E36,3 E36,3 Touring E36; 11612245439; Tiiviste, Imusarja<\/p>\n","protected":false},"excerpt":{"rendered":"<p>REINZ Imusarjan Tiivisteet 40-77535-00 Tiiviste, Imusarja BMW,3 Compact E36,3 E36,3 Touring E36<\/p>\n","protected":false},"featured_media":0,"template":"","meta":{"site-sidebar-layout":"default","site-content-layout":"default","ast-global-header-display":"","ast-main-header-display":"","ast-hfb-above-header-display":"","ast-hfb-below-header-display":"","ast-hfb-mobile-header-display":"","site-post-title":"","ast-breadcrumbs-content":"","ast-featured-img":"","footer-sml-layout":"","theme-transparent-header-meta":"","adv-header-id-meta":"","stick-header-meta":"","header-above-stick-meta":"","header-main-stick-meta":"","header-below-stick-meta":""},"pwb-brand":[138],"product_cat":[43],"product_tag":[],"class_list":{"0":"post-78024","1":"product","2":"type-product","3":"status-publish","5":"pwb-brand-reinz","6":"product_cat-imusarjan-tiivisteet","7":"desktop-align-left","8":"tablet-align-left","9":"mobile-align-left","11":"first","12":"instock","13":"product-type-external"},"brands":[{"id":138,"name":"REINZ","slug":"reinz"}],"_links":{"self":[{"href":"https:\/\/www.autonvaraosahaku.fi\/index.php?rest_route=\/wp\/v2\/product\/78024","targetHints":{"allow":["GET"]}}],"collection":[{"href":"https:\/\/www.autonvaraosahaku.fi\/index.php?rest_route=\/wp\/v2\/product"}],"about":[{"href":"https:\/\/www.autonvaraosahaku.fi\/index.php?rest_route=\/wp\/v2\/types\/product"}],"wp:attachment":[{"href":"https:\/\/www.autonvaraosahaku.fi\/index.php?rest_route=%2Fwp%2Fv2%2Fmedia&parent=78024"}],"wp:term":[{"taxonomy":"pwb-brand","embeddable":true,"href":"https:\/\/www.autonvaraosahaku.fi\/index.php?rest_route=%2Fwp%2Fv2%2Fpwb-brand&post=78024"},{"taxonomy":"product_cat","embeddable":true,"href":"https:\/\/www.autonvaraosahaku.fi\/index.php?rest_route=%2Fwp%2Fv2%2Fproduct_cat&post=78024"},{"taxonomy":"product_tag","embeddable":true,"href":"https:\/\/www.autonvaraosahaku.fi\/index.php?rest_route=%2Fwp%2Fv2%2Fproduct_tag&post=78024"}],"curies":[{"name":"wp","href":"https:\/\/api.w.org\/{rel}","templated":true}]}}