{"id":78046,"date":"2021-02-21T19:55:46","date_gmt":"2021-02-21T19:55:46","guid":{"rendered":"https:\/\/www.autonvaraosahaku.fi\/?product=janmor-fu20-sytytysjohto"},"modified":"2021-02-21T19:55:51","modified_gmt":"2021-02-21T19:55:51","slug":"janmor-fu20-sytytysjohto","status":"publish","type":"product","link":"https:\/\/www.autonvaraosahaku.fi\/?product=janmor-fu20-sytytysjohto","title":{"rendered":"JANMOR FU20 Sytytysjohto"},"content":{"rendered":"<p>Materiaali: EPDM (eteenipropeeni-dieeni-kumi); Kennon mitat: KEVLAR; Ulkol\u00e4pimitta [mm]: 8; Virranjakaja: Liit\u00e4nt\u00e4 M4; Sytytysjohto: Liit\u00e4nt\u00e4 SAE; Pituus 1 (mm): 200; Pituus 2 (mm): 320; Pituus 3 [mm]: 380; Pituus 4 [mm]: 460; FORD: FOCUS Kombi DNW,FOCUS DAW, DBW,FOCUS C-MAX,FIESTA IV JA_, JB_,MAVERICK,FOCUS Stufenheck DFW,MONDEO II Kombi BNP,TRANSIT CONNECT P65_, P70_, P80_,COUGAR EC_,MONDEO II BAP,TOURNEO CONNECT,PUMA EC_,MONDEO II Stufenheck BFP; 01335369, 01335371, 01335373, 01335374, 1052493, 1053905, 1053907, 1053908, 1071985, 1071986, 1071987, 1071988, 1335377, 30731424; Sytytysjohtosarja,Sytytyskaapeli<\/p>\n","protected":false},"excerpt":{"rendered":"<p>JANMOR Sytytysjohto FU20 Sytytysjohtosarja,Sytytyskaapeli FORD,FOCUS Kombi DNW,FOCUS DAW, DBW,FOCUS C-MAX,FIESTA IV JA_, JB_,MAVERICK<\/p>\n","protected":false},"featured_media":0,"template":"","meta":{"site-sidebar-layout":"default","site-content-layout":"default","ast-global-header-display":"","ast-main-header-display":"","ast-hfb-above-header-display":"","ast-hfb-below-header-display":"","ast-hfb-mobile-header-display":"","site-post-title":"","ast-breadcrumbs-content":"","ast-featured-img":"","footer-sml-layout":"","theme-transparent-header-meta":"","adv-header-id-meta":"","stick-header-meta":"","header-above-stick-meta":"","header-main-stick-meta":"","header-below-stick-meta":""},"pwb-brand":[455],"product_cat":[198],"product_tag":[],"class_list":{"0":"post-78046","1":"product","2":"type-product","3":"status-publish","5":"pwb-brand-janmor","6":"product_cat-sytytysjohto","7":"desktop-align-left","8":"tablet-align-left","9":"mobile-align-left","11":"first","12":"instock","13":"product-type-external"},"brands":[{"id":455,"name":"JANMOR","slug":"janmor"}],"_links":{"self":[{"href":"https:\/\/www.autonvaraosahaku.fi\/index.php?rest_route=\/wp\/v2\/product\/78046","targetHints":{"allow":["GET"]}}],"collection":[{"href":"https:\/\/www.autonvaraosahaku.fi\/index.php?rest_route=\/wp\/v2\/product"}],"about":[{"href":"https:\/\/www.autonvaraosahaku.fi\/index.php?rest_route=\/wp\/v2\/types\/product"}],"wp:attachment":[{"href":"https:\/\/www.autonvaraosahaku.fi\/index.php?rest_route=%2Fwp%2Fv2%2Fmedia&parent=78046"}],"wp:term":[{"taxonomy":"pwb-brand","embeddable":true,"href":"https:\/\/www.autonvaraosahaku.fi\/index.php?rest_route=%2Fwp%2Fv2%2Fpwb-brand&post=78046"},{"taxonomy":"product_cat","embeddable":true,"href":"https:\/\/www.autonvaraosahaku.fi\/index.php?rest_route=%2Fwp%2Fv2%2Fproduct_cat&post=78046"},{"taxonomy":"product_tag","embeddable":true,"href":"https:\/\/www.autonvaraosahaku.fi\/index.php?rest_route=%2Fwp%2Fv2%2Fproduct_tag&post=78046"}],"curies":[{"name":"wp","href":"https:\/\/api.w.org\/{rel}","templated":true}]}}